{"id":169635,"date":"2026-01-04T00:00:00","date_gmt":"2026-01-04T05:00:00","guid":{"rendered":"https:\/\/gpl-love.com\/es\/?post_type=product&#038;p=169635"},"modified":"2026-03-31T17:16:52","modified_gmt":"2026-03-31T22:16:52","slug":"odefy-creative-multipurpose-wordpress-theme","status":"publish","type":"product","link":"https:\/\/gpl-love.com\/es\/producto\/odefy-creative-multipurpose-wordpress-theme\/","title":{"rendered":"WowStore Pro 2.1.10"},"content":{"rendered":"<h3>WowStore Pro Caracteristicas<\/h3>\n<p>Descubra la soluci\u00f3n definitiva para las necesidades de su negocio con WowStore Pro. Repleto de funciones impresionantes, WowStore Pro est\u00e1 dise\u00f1ado para optimizar las operaciones y aumentar la productividad. Nuestra gu\u00eda y tutorial de WowStore Pro facilitan la instalaci\u00f3n, garantizando que est\u00e9 listo en un abrir y cerrar de ojos.<\/p>\n<p>\u00bfLe interesa saber los precios de WowStore Pro? Ofrecemos tarifas competitivas con una excelente relaci\u00f3n calidad-precio. Adem\u00e1s, con las excelentes rese\u00f1as de clientes satisfechos, puede estar seguro de que est\u00e1 tomando la decisi\u00f3n correcta.<\/p>\n<p>Explore las numerosas ventajas de WowStore Pro, incluyendo una mayor eficiencia y una atenci\u00f3n al cliente inigualable. Nuestro equipo dedicado siempre est\u00e1 listo para ayudarle, garantizando una experiencia fluida de principio a fin.<\/p>\n<p>Si est\u00e1 considerando otras opciones, nuestra comparativa de WowStore Pro le muestra por qu\u00e9 nos diferenciamos del resto. Si bien existen alternativas a WowStore Pro, ninguna iguala nuestro compromiso con la calidad y la satisfacci\u00f3n del cliente.<\/p>\n<ul>\n<li>Procesador de alto rendimiento para una multitarea r\u00e1pida y eficiente<\/li>\n<li>Dise\u00f1o elegante y moderno para una apariencia profesional<\/li>\n<li>Bater\u00eda de larga duraci\u00f3n para un uso prolongado<\/li>\n<li>Pantalla de alta resoluci\u00f3n para im\u00e1genes vibrantes y n\u00edtidas<\/li>\n<li>Amplia capacidad de almacenamiento para todos tus archivos y aplicaciones<\/li>\n<li>Funciones de seguridad avanzadas para proteger tus datos<\/li>\n<li>Opciones de conectividad vers\u00e1tiles para una integraci\u00f3n perfecta<\/li>\n<li>Ligero y port\u00e1til para facilitar su transporte<\/li>\n<li>Calidad de audio mejorada para una experiencia de sonido envolvente<\/li>\n<li>Interfaz intuitiva para una navegaci\u00f3n intuitiva<\/li>\n<\/ul>\n","protected":false},"excerpt":{"rendered":"<p>Descubra las capacidades inigualables de WowStore Pro, su soluci\u00f3n definitiva para una gesti\u00f3n fluida de comercio electr\u00f3nico. Con funciones excepcionales dise\u00f1adas para optimizar las operaciones, esta plataforma ofrece un valor inigualable. Explore las rese\u00f1as positivas y los precios competitivos de WowStore Pro, ideales para empresas de todos los tama\u00f1os. \u00bfNecesita ayuda? Nuestra completa gu\u00eda y tutorial de WowStore Pro facilitan la instalaci\u00f3n. Compare alternativas a WowStore Pro y descubra por qu\u00e9 es l\u00edder en rendimiento y eficiencia. Disfrute de las ventajas inigualables de WowStore Pro con un servicio de atenci\u00f3n al cliente dedicado, listo para ayudarle. Tome decisiones informadas con nuestra exhaustiva comparaci\u00f3n de WowStore Pro y impulse su negocio hoy mismo.<\/p>\n","protected":false},"featured_media":169632,"comment_status":"open","ping_status":"open","template":"","meta":[],"product_brand":[2659],"product_cat":[1207,1248,1206],"product_tag":[2279],"class_list":{"0":"post-169635","1":"product","2":"type-product","3":"status-publish","4":"has-post-thumbnail","6":"product_brand-wpxpo","7":"product_cat-comercio-electronico-plugins","8":"product_cat-personalizacion-comercio-electronico-plugins","9":"product_cat-plugins","10":"product_tag-wpxpo","11":"member-discount","12":"discount-restricted","14":"first","15":"instock","16":"sale","17":"downloadable","18":"virtual","19":"sold-individually","20":"purchasable","21":"product-type-simple"},"_links":{"self":[{"href":"https:\/\/gpl-love.com\/es\/wp-json\/wp\/v2\/product\/169635","targetHints":{"allow":["GET"]}}],"collection":[{"href":"https:\/\/gpl-love.com\/es\/wp-json\/wp\/v2\/product"}],"about":[{"href":"https:\/\/gpl-love.com\/es\/wp-json\/wp\/v2\/types\/product"}],"replies":[{"embeddable":true,"href":"https:\/\/gpl-love.com\/es\/wp-json\/wp\/v2\/comments?post=169635"}],"wp:featuredmedia":[{"embeddable":true,"href":"https:\/\/gpl-love.com\/es\/wp-json\/wp\/v2\/media\/169632"}],"wp:attachment":[{"href":"https:\/\/gpl-love.com\/es\/wp-json\/wp\/v2\/media?parent=169635"}],"wp:term":[{"taxonomy":"product_brand","embeddable":true,"href":"https:\/\/gpl-love.com\/es\/wp-json\/wp\/v2\/product_brand?post=169635"},{"taxonomy":"product_cat","embeddable":true,"href":"https:\/\/gpl-love.com\/es\/wp-json\/wp\/v2\/product_cat?post=169635"},{"taxonomy":"product_tag","embeddable":true,"href":"https:\/\/gpl-love.com\/es\/wp-json\/wp\/v2\/product_tag?post=169635"}],"curies":[{"name":"wp","href":"https:\/\/api.w.org\/{rel}","templated":true}]}}