{"id":169633,"date":"2025-06-04T00:00:00","date_gmt":"2025-06-04T05:00:00","guid":{"rendered":"https:\/\/gpl-love.com\/es\/?post_type=product&#038;p=169633"},"modified":"2026-03-09T08:52:18","modified_gmt":"2026-03-09T13:52:18","slug":"paid-memberships-pro-zapier","status":"publish","type":"product","link":"https:\/\/gpl-love.com\/es\/producto\/paid-memberships-pro-zapier\/","title":{"rendered":"AffiliateWP Affiliate Product Rates 1.2.1"},"content":{"rendered":"<h3>AffiliateWP Affiliate Product Rates Caracteristicas<\/h3>\n<p>Desbloquea todo el potencial de tu programa de marketing de afiliaci\u00f3n con el plugin AffiliateWP Affiliate Product Rates. Esta potente herramienta te permite personalizar las comisiones de cada producto, maximizando tus ganancias. Tanto si eres nuevo en marketing de afiliaci\u00f3n como si ya eres un experto, nuestra gu\u00eda de AffiliateWP Affiliate Product Rates te ofrece instrucciones paso a paso para una configuraci\u00f3n sencilla.<\/p>\n<p>Descubre las intuitivas funciones de AffiliateWP Affiliate Product Rates, que facilitan la gesti\u00f3n y optimizaci\u00f3n de tus campa\u00f1as de afiliaci\u00f3n. Desde tutoriales detallados hasta documentaci\u00f3n completa, tendr\u00e1s todo el soporte que necesitas a tu disposici\u00f3n. Nuestro equipo dedicado est\u00e1 siempre dispuesto a ayudarte, asegur\u00e1ndote de que saques el m\u00e1ximo provecho de tu inversi\u00f3n.<\/p>\n<p>La transparencia es clave, por eso nuestros precios de AffiliateWP Affiliate Product Rates son claros y competitivos. Experimenta una integraci\u00f3n perfecta con tus sistemas actuales, optimizando tus capacidades de gesti\u00f3n de afiliados sin complicaciones.<\/p>\n<ul>\n<li>Tarifas de comisi\u00f3n personalizables para productos individuales<\/li>\n<li>Se integra a la perfecci\u00f3n con WooCommerce y Easy Digital Downloads<\/li>\n<li>Opci\u00f3n para establecer tarifas \u00fanicas para afiliados espec\u00edficos<\/li>\n<li>Admite comisiones porcentuales y fijas<\/li>\n<li>Permite estructuras de comisiones escalonadas para diferentes productos<\/li>\n<li>Compatible con productos de suscripci\u00f3n recurrente<\/li>\n<li>Interfaz f\u00e1cil de usar para configurar y gestionar tarifas<\/li>\n<li>Calcula y aplica tarifas autom\u00e1ticamente al finalizar la compra<\/li>\n<li>Informes completos sobre las ganancias de los afiliados por producto<\/li>\n<li>Admite la edici\u00f3n masiva de tarifas de productos para una mayor eficiencia<\/li>\n<\/ul>\n","protected":false},"excerpt":{"rendered":"<p>Presentamos AffiliateWP Affiliate Product Rates, el plugin definitivo para optimizar tu estrategia de marketing de afiliaci\u00f3n. Nuestra gu\u00eda completa y sencillo tutorial de configuraci\u00f3n te facilitan la gesti\u00f3n y personalizaci\u00f3n de las tarifas de forma eficaz. Descubre las caracter\u00edsticas destacadas en nuestra rese\u00f1a detallada y explora opciones de precios competitivos adaptados a tus necesidades. Integraci\u00f3n fluida con sistemas existentes y acceso a un soporte completo a trav\u00e9s de nuestra documentaci\u00f3n completa. Tanto si es la primera vez que configuras tu producto como si est\u00e1s mejorando tu configuraci\u00f3n actual, AffiliateWP Affiliate Product Rates te proporciona las herramientas y la informaci\u00f3n necesarias para alcanzar el \u00e9xito. Afronta el futuro del marketing de afiliaci\u00f3n basado en IA con confianza y precisi\u00f3n.<\/p>\n","protected":false},"featured_media":169630,"comment_status":"open","ping_status":"open","template":"","meta":[],"product_brand":[2357],"product_cat":[1214,1206,1211],"product_tag":[1227],"class_list":{"0":"post-169633","1":"product","2":"type-product","3":"status-publish","4":"has-post-thumbnail","6":"product_brand-affiliate-wp","7":"product_cat-personalizacion","8":"product_cat-plugins","9":"product_cat-wordpress-plugins","10":"product_tag-affiliate-wp","11":"member-discount","12":"discount-restricted","14":"first","15":"instock","16":"sale","17":"downloadable","18":"virtual","19":"sold-individually","20":"purchasable","21":"product-type-simple"},"_links":{"self":[{"href":"https:\/\/gpl-love.com\/es\/wp-json\/wp\/v2\/product\/169633","targetHints":{"allow":["GET"]}}],"collection":[{"href":"https:\/\/gpl-love.com\/es\/wp-json\/wp\/v2\/product"}],"about":[{"href":"https:\/\/gpl-love.com\/es\/wp-json\/wp\/v2\/types\/product"}],"replies":[{"embeddable":true,"href":"https:\/\/gpl-love.com\/es\/wp-json\/wp\/v2\/comments?post=169633"}],"wp:featuredmedia":[{"embeddable":true,"href":"https:\/\/gpl-love.com\/es\/wp-json\/wp\/v2\/media\/169630"}],"wp:attachment":[{"href":"https:\/\/gpl-love.com\/es\/wp-json\/wp\/v2\/media?parent=169633"}],"wp:term":[{"taxonomy":"product_brand","embeddable":true,"href":"https:\/\/gpl-love.com\/es\/wp-json\/wp\/v2\/product_brand?post=169633"},{"taxonomy":"product_cat","embeddable":true,"href":"https:\/\/gpl-love.com\/es\/wp-json\/wp\/v2\/product_cat?post=169633"},{"taxonomy":"product_tag","embeddable":true,"href":"https:\/\/gpl-love.com\/es\/wp-json\/wp\/v2\/product_tag?post=169633"}],"curies":[{"name":"wp","href":"https:\/\/api.w.org\/{rel}","templated":true}]}}