{"id":169631,"date":"2025-06-03T00:00:00","date_gmt":"2025-06-03T05:00:00","guid":{"rendered":"https:\/\/gpl-love.com\/es\/?post_type=product&#038;p=169631"},"modified":"2026-03-13T17:37:41","modified_gmt":"2026-03-13T22:37:41","slug":"wowstore-pro","status":"publish","type":"product","link":"https:\/\/gpl-love.com\/es\/producto\/wowstore-pro\/","title":{"rendered":"Winger Aviation y Flight School Wordpress Theme 1.0.16"},"content":{"rendered":"<h3>Winger Aviation y Flight School Wordpress Theme Caracteristicas<\/h3>\n<p>Descubre la soluci\u00f3n definitiva para el sitio web de tu escuela de aviaci\u00f3n y vuelo con el tema Winger para WordPress. Este tema est\u00e1 dise\u00f1ado espec\u00edficamente para satisfacer las necesidades de escuelas de aviaci\u00f3n y centros de entrenamiento de vuelo, lo que lo convierte en uno de los mejores temas de WordPress para aviaci\u00f3n disponibles. Tanto si buscas descargar y empezar r\u00e1pidamente como explorar las opciones de personalizaci\u00f3n a fondo, Winger te lo ofrece.<\/p>\n<p>Aprende a usar el tema Winger para WordPress con nuestros completos tutoriales, que garantizan un proceso de configuraci\u00f3n sencillo. Descubre las caracter\u00edsticas destacadas del tema para WordPress que hacen de Winger una excelente opci\u00f3n para escuelas, incluyendo su dise\u00f1o elegante y su interfaz intuitiva. Lee las rese\u00f1as del tema Winger para WordPress y descubre por qu\u00e9 educadores y profesionales de la aviaci\u00f3n conf\u00edan en \u00e9l para su presencia online.<\/p>\n<p>Con sus opciones personalizadas para el tema de WordPress de aviaci\u00f3n para escuelas, Winger permite una f\u00e1cil personalizaci\u00f3n para adaptarse a tu marca. Capta la atenci\u00f3n de estudiantes potenciales y presenta tus programas de formaci\u00f3n de forma eficaz con este tema de WordPress para escuelas de aviaci\u00f3n.<\/p>\n<ul>\n<li>Dise\u00f1o totalmente responsivo y optimizado para todos los dispositivos<\/li>\n<li>Integraci\u00f3n fluida con los plugins m\u00e1s populares de WordPress<\/li>\n<li>Plantillas predise\u00f1adas para sitios web de aviaci\u00f3n y escuelas de vuelo<\/li>\n<li>Personalizaci\u00f3n sencilla con el creador de p\u00e1ginas de arrastrar y soltar<\/li>\n<li>Sistema integral de reservas y programaci\u00f3n<\/li>\n<li>Optimizaci\u00f3n SEO avanzada para una mejor visibilidad en buscadores<\/li>\n<li>Soporte multiling\u00fce para alcance global<\/li>\n<li>Plataforma de blog integrada para noticias y actualizaciones<\/li>\n<li>Galer\u00edas de im\u00e1genes de alta calidad y compatibilidad con v\u00eddeos<\/li>\n<\/ul>\n","protected":false},"excerpt":{"rendered":"<p>Descubre el tema de WordPress Winger para escuelas de aviaci\u00f3n y vuelo, la soluci\u00f3n definitiva para escuelas de aviaci\u00f3n que buscan una presencia online moderna, personalizable y con muchas funciones. Nuestros tutoriales te gu\u00edan sobre c\u00f3mo usar el tema de WordPress Winger para escuelas de aviaci\u00f3n y vuelo de forma eficaz, mientras que las rese\u00f1as lo destacan como uno de los mejores temas de WordPress para aviaci\u00f3n disponibles. Explora las caracter\u00edsticas \u00fanicas del tema, dise\u00f1adas para las necesidades de las escuelas de aviaci\u00f3n y formaci\u00f3n de vuelo. Descarga el tema de WordPress Winger para escuelas de aviaci\u00f3n y vuelo hoy mismo para disfrutar de una personalizaci\u00f3n perfecta y mejorar la visibilidad online de tu instituci\u00f3n con un tema de WordPress de aviaci\u00f3n de vanguardia, dise\u00f1ado para escuelas.<\/p>\n","protected":false},"featured_media":169628,"comment_status":"open","ping_status":"open","template":"","meta":[],"product_brand":[2337],"product_cat":[1307,1237,1238],"product_tag":[1391],"class_list":{"0":"post-169631","1":"product","2":"type-product","3":"status-publish","4":"has-post-thumbnail","6":"product_brand-themeforest","7":"product_cat-negocio-wordpress-temas","8":"product_cat-temas","9":"product_cat-wordpress-temas","10":"product_tag-themeforest","11":"member-discount","12":"discount-restricted","14":"first","15":"instock","16":"sale","17":"downloadable","18":"virtual","19":"sold-individually","20":"purchasable","21":"product-type-simple"},"_links":{"self":[{"href":"https:\/\/gpl-love.com\/es\/wp-json\/wp\/v2\/product\/169631","targetHints":{"allow":["GET"]}}],"collection":[{"href":"https:\/\/gpl-love.com\/es\/wp-json\/wp\/v2\/product"}],"about":[{"href":"https:\/\/gpl-love.com\/es\/wp-json\/wp\/v2\/types\/product"}],"replies":[{"embeddable":true,"href":"https:\/\/gpl-love.com\/es\/wp-json\/wp\/v2\/comments?post=169631"}],"wp:featuredmedia":[{"embeddable":true,"href":"https:\/\/gpl-love.com\/es\/wp-json\/wp\/v2\/media\/169628"}],"wp:attachment":[{"href":"https:\/\/gpl-love.com\/es\/wp-json\/wp\/v2\/media?parent=169631"}],"wp:term":[{"taxonomy":"product_brand","embeddable":true,"href":"https:\/\/gpl-love.com\/es\/wp-json\/wp\/v2\/product_brand?post=169631"},{"taxonomy":"product_cat","embeddable":true,"href":"https:\/\/gpl-love.com\/es\/wp-json\/wp\/v2\/product_cat?post=169631"},{"taxonomy":"product_tag","embeddable":true,"href":"https:\/\/gpl-love.com\/es\/wp-json\/wp\/v2\/product_tag?post=169631"}],"curies":[{"name":"wp","href":"https:\/\/api.w.org\/{rel}","templated":true}]}}