{"id":169629,"date":"2026-03-26T00:00:00","date_gmt":"2026-03-26T05:00:00","guid":{"rendered":"https:\/\/gpl-love.com\/es\/?post_type=product&#038;p=169629"},"modified":"2026-03-26T17:16:52","modified_gmt":"2026-03-26T22:16:52","slug":"affiliatewp-affiliate-product-rates","status":"publish","type":"product","link":"https:\/\/gpl-love.com\/es\/producto\/affiliatewp-affiliate-product-rates\/","title":{"rendered":"Affirm Marketing y Digital Agency Theme 4.3.2"},"content":{"rendered":"<h3>Affirm Marketing y Digital Agency Theme Caracteristicas<\/h3>\n<p>Presentamos el tema Affirm para agencias de marketing y marketing digital, el tema definitivo de WordPress para agencias de marketing que buscan impulsar su presencia digital. Este vers\u00e1til tema de marketing digital est\u00e1 dise\u00f1ado para satisfacer todas tus necesidades, ofreciendo una experiencia fluida tanto para creadores como para clientes. Con el tema Affirm para marketing, puedes mostrar f\u00e1cilmente tu portafolio, servicios e historias de \u00e9xito, todo con una est\u00e9tica limpia y moderna.<\/p>\n<p>Dise\u00f1ado espec\u00edficamente como tema para agencias digitales, proporciona una plataforma robusta para que las agencias destaquen sus ofertas \u00fanicas. Tanto si eres una empresa de marketing digital pr\u00f3spera como una startup emergente, este tema para agencias de marketing digital garantiza que tu sitio web destaque. El tema Affirm para marketing no solo es visualmente atractivo, sino que tambi\u00e9n est\u00e1 optimizado para un rendimiento \u00f3ptimo, garantizando tiempos de carga r\u00e1pidos y un dise\u00f1o responsivo en todos los dispositivos.<\/p>\n<p>Elige el tema Affirm para tu agencia digital y disfruta de la facilidad de personalizaci\u00f3n con su interfaz intuitiva. Como tema de WordPress para agencias de marketing, se integra a la perfecci\u00f3n con los plugins m\u00e1s populares, mejorando la funcionalidad sin comprometer el estilo.<\/p>\n<ul>\n<li>Dise\u00f1o personalizable, adaptado a agencias de marketing y digitales.<\/li>\n<li>Dise\u00f1o adaptable para una visualizaci\u00f3n fluida en todos los dispositivos.<\/li>\n<li>Funciones de optimizaci\u00f3n SEO integradas para mejorar la visibilidad en buscadores.<\/li>\n<li>Integraci\u00f3n con redes sociales populares para compartir f\u00e1cilmente.<\/li>\n<li>Plantillas predise\u00f1adas para una configuraci\u00f3n r\u00e1pida y profesional.<\/li>\n<li>Creador de p\u00e1ginas de arrastrar y soltar para una personalizaci\u00f3n sencilla.<\/li>\n<li>Opciones para mostrar portafolios y casos de estudio.<\/li>\n<li>Compatibilidad con comercio electr\u00f3nico para la venta de productos y servicios digitales.<\/li>\n<li>Compatibilidad multiling\u00fce para un alcance global.<\/li>\n<\/ul>\n","protected":false},"excerpt":{"rendered":"<p>Presentamos el tema Affirm para agencias de marketing y digitales, un tema innovador de WordPress dise\u00f1ado para impulsar tu presencia digital. Dise\u00f1ado para agencias de marketing modernas, este tema integra a la perfecci\u00f3n las caracter\u00edsticas esenciales para una agencia digital destacada. Con su dise\u00f1o elegante y potentes funciones, el tema Affirm para marketing se adapta f\u00e1cilmente a tus necesidades \u00fanicas, ofreciendo una plataforma robusta para mostrar tus servicios. Perfecto para estrategias de marketing digital, este tema garantiza una experiencia de usuario atractiva, lo que lo convierte en la opci\u00f3n ideal para quienes buscan un tema de WordPress para una agencia de marketing. Impulsa la presencia digital de tu agencia con el tema Affirm para marketing hoy mismo.<\/p>\n","protected":false},"featured_media":169626,"comment_status":"open","ping_status":"open","template":"","meta":[],"product_brand":[2337],"product_cat":[1307,1237,1238],"product_tag":[1391],"class_list":{"0":"post-169629","1":"product","2":"type-product","3":"status-publish","4":"has-post-thumbnail","6":"product_brand-themeforest","7":"product_cat-negocio-wordpress-temas","8":"product_cat-temas","9":"product_cat-wordpress-temas","10":"product_tag-themeforest","11":"member-discount","12":"discount-restricted","14":"first","15":"instock","16":"sale","17":"downloadable","18":"virtual","19":"sold-individually","20":"purchasable","21":"product-type-simple"},"_links":{"self":[{"href":"https:\/\/gpl-love.com\/es\/wp-json\/wp\/v2\/product\/169629","targetHints":{"allow":["GET"]}}],"collection":[{"href":"https:\/\/gpl-love.com\/es\/wp-json\/wp\/v2\/product"}],"about":[{"href":"https:\/\/gpl-love.com\/es\/wp-json\/wp\/v2\/types\/product"}],"replies":[{"embeddable":true,"href":"https:\/\/gpl-love.com\/es\/wp-json\/wp\/v2\/comments?post=169629"}],"wp:featuredmedia":[{"embeddable":true,"href":"https:\/\/gpl-love.com\/es\/wp-json\/wp\/v2\/media\/169626"}],"wp:attachment":[{"href":"https:\/\/gpl-love.com\/es\/wp-json\/wp\/v2\/media?parent=169629"}],"wp:term":[{"taxonomy":"product_brand","embeddable":true,"href":"https:\/\/gpl-love.com\/es\/wp-json\/wp\/v2\/product_brand?post=169629"},{"taxonomy":"product_cat","embeddable":true,"href":"https:\/\/gpl-love.com\/es\/wp-json\/wp\/v2\/product_cat?post=169629"},{"taxonomy":"product_tag","embeddable":true,"href":"https:\/\/gpl-love.com\/es\/wp-json\/wp\/v2\/product_tag?post=169629"}],"curies":[{"name":"wp","href":"https:\/\/api.w.org\/{rel}","templated":true}]}}