{"id":169627,"date":"2025-07-19T00:00:00","date_gmt":"2025-07-19T05:00:00","guid":{"rendered":"https:\/\/gpl-love.com\/es\/?post_type=product&#038;p=169627"},"modified":"2026-03-13T17:37:40","modified_gmt":"2026-03-13T22:37:40","slug":"winger-aviation-and-flight-school-wordpress-theme","status":"publish","type":"product","link":"https:\/\/gpl-love.com\/es\/producto\/winger-aviation-and-flight-school-wordpress-theme\/","title":{"rendered":"HiStudy Education Wordpress Theme 3.0.8"},"content":{"rendered":"<h3>HiStudy Education Wordpress Theme Caracteristicas<\/h3>\n<p>Presentamos el tema de WordPress HiStudy Education, la soluci\u00f3n definitiva para crear cursos en l\u00ednea din\u00e1micos y plataformas de aprendizaje electr\u00f3nico. Dise\u00f1ado a la perfecci\u00f3n para profesores, escuelas, universidades e instituciones educativas, este tema ofrece una combinaci\u00f3n perfecta de funcionalidad y est\u00e9tica. Tanto si eres un tutor que busca involucrar a los estudiantes como si eres una escuela que busca ampliar las capacidades de sus aulas virtuales, HiStudy lo tiene todo.<\/p>\n<p>Con el tema de WordPress HiStudy Education, configurar un LMS (Sistema de Gesti\u00f3n del Aprendizaje) es facil\u00edsimo. Su interfaz intuitiva permite a los educadores gestionar cursos sin esfuerzo, hacer seguimiento del progreso de los estudiantes y fomentar entornos de aprendizaje interactivos. Dise\u00f1ado espec\u00edficamente para las diversas necesidades de profesores y tutores, este tema mejora la ense\u00f1anza gracias a sus robustas funciones y opciones personalizables.<\/p>\n<p>A los estudiantes les encantar\u00e1 su dise\u00f1o intuitivo, que facilita y facilita la navegaci\u00f3n por los materiales del curso y la participaci\u00f3n en las aulas virtuales. Por otro lado, las instituciones educativas pueden beneficiarse de su estructura escalable, lo que garantiza que, a medida que sus necesidades crezcan, HiStudy crecer\u00e1 con ustedes.<\/p>\n<ul>\n<li>Dise\u00f1o adaptable para una visualizaci\u00f3n fluida en todos los dispositivos<\/li>\n<li>Dise\u00f1os de p\u00e1gina personalizables para adaptarse a diversas necesidades educativas<\/li>\n<li>Compatibilidad con sistemas de gesti\u00f3n del aprendizaje (LMS) integrados<\/li>\n<li>Plantillas predise\u00f1adas para cursos, instructores y eventos<\/li>\n<li>Creador de p\u00e1ginas f\u00e1cil de usar con funci\u00f3n de arrastrar y soltar<\/li>\n<li>Optimizaci\u00f3n SEO para una mayor visibilidad<\/li>\n<li>Compatibilidad con WooCommerce para la venta de cursos y materiales<\/li>\n<li>Compatibilidad multiling\u00fce para un alcance global<\/li>\n<li>Opciones tipogr\u00e1ficas avanzadas para una apariencia profesional<\/li>\n<\/ul>\n","protected":false},"excerpt":{"rendered":"<p>Presentamos el tema HiStudy Education para WordPress, la soluci\u00f3n definitiva para cursos en l\u00ednea, e-learning y aulas virtuales. Dise\u00f1ado pensando en profesores, escuelas y universidades, este tema ofrece una integraci\u00f3n perfecta tanto para instituciones educativas como para tutores. Capacita a tus estudiantes con una plataforma LMS din\u00e1mica, adaptada a todos los entornos de aprendizaje. Tanto si eres un tutor que gu\u00eda a estudiantes con ganas de aprender como si eres una universidad que expande su presencia digital, HiStudy garantiza una experiencia vers\u00e1til y atractiva. Mejora tu oferta educativa hoy mismo con HiStudy, tu aliado en soluciones de aprendizaje innovadoras.<\/p>\n","protected":false},"featured_media":169624,"comment_status":"open","ping_status":"open","template":"","meta":[],"product_brand":[2337],"product_cat":[1307,1237,1238],"product_tag":[1391],"class_list":{"0":"post-169627","1":"product","2":"type-product","3":"status-publish","4":"has-post-thumbnail","6":"product_brand-themeforest","7":"product_cat-negocio-wordpress-temas","8":"product_cat-temas","9":"product_cat-wordpress-temas","10":"product_tag-themeforest","11":"member-discount","12":"discount-restricted","14":"first","15":"instock","16":"sale","17":"downloadable","18":"virtual","19":"sold-individually","20":"purchasable","21":"product-type-simple"},"_links":{"self":[{"href":"https:\/\/gpl-love.com\/es\/wp-json\/wp\/v2\/product\/169627","targetHints":{"allow":["GET"]}}],"collection":[{"href":"https:\/\/gpl-love.com\/es\/wp-json\/wp\/v2\/product"}],"about":[{"href":"https:\/\/gpl-love.com\/es\/wp-json\/wp\/v2\/types\/product"}],"replies":[{"embeddable":true,"href":"https:\/\/gpl-love.com\/es\/wp-json\/wp\/v2\/comments?post=169627"}],"wp:featuredmedia":[{"embeddable":true,"href":"https:\/\/gpl-love.com\/es\/wp-json\/wp\/v2\/media\/169624"}],"wp:attachment":[{"href":"https:\/\/gpl-love.com\/es\/wp-json\/wp\/v2\/media?parent=169627"}],"wp:term":[{"taxonomy":"product_brand","embeddable":true,"href":"https:\/\/gpl-love.com\/es\/wp-json\/wp\/v2\/product_brand?post=169627"},{"taxonomy":"product_cat","embeddable":true,"href":"https:\/\/gpl-love.com\/es\/wp-json\/wp\/v2\/product_cat?post=169627"},{"taxonomy":"product_tag","embeddable":true,"href":"https:\/\/gpl-love.com\/es\/wp-json\/wp\/v2\/product_tag?post=169627"}],"curies":[{"name":"wp","href":"https:\/\/api.w.org\/{rel}","templated":true}]}}