{"id":169625,"date":"2025-05-31T00:00:00","date_gmt":"2025-05-31T05:00:00","guid":{"rendered":"https:\/\/gpl-love.com\/es\/?post_type=product&#038;p=169625"},"modified":"2026-03-09T08:52:13","modified_gmt":"2026-03-09T13:52:13","slug":"affirm-marketing-and-digital-agency-theme","status":"publish","type":"product","link":"https:\/\/gpl-love.com\/es\/producto\/affirm-marketing-and-digital-agency-theme\/","title":{"rendered":"Propovoice Pro 1.7.1.6"},"content":{"rendered":"<h3>Propovoice Pro Caracteristicas<\/h3>\n<p>Descubra la soluci\u00f3n definitiva para profesionales de la locuci\u00f3n con Propovoice Pro. Esta potente herramienta est\u00e1 dise\u00f1ada para impulsar sus proyectos, ofreciendo un conjunto de funciones que la distinguen de la competencia. Con Propovoice Pro, puede crear f\u00e1cilmente locuciones impresionantes gracias a su interfaz intuitiva y su completo tutorial. Tanto si es un profesional experimentado como si est\u00e1 aprendiendo a usar Propovoice Pro, nuestra gu\u00eda paso a paso le garantiza que maximizar\u00e1 su potencial.<\/p>\n<p>\u00bfLe interesan las funciones de Propovoice Pro? Incluyen herramientas de edici\u00f3n avanzadas, integraci\u00f3n perfecta con su software favorito y una calidad de sonido excepcional. En comparaci\u00f3n con la competencia, nuestro producto destaca por su inigualable facilidad de uso y rendimiento superior. \u00bfNo est\u00e1 seguro de si es la opci\u00f3n adecuada? Explore las alternativas a Propovoice Pro; estamos seguros de que encontrar\u00e1 nuestra oferta dif\u00edcil de superar.<\/p>\n<ul>\n<li>Salida de audio de alta calidad para uso profesional<\/li>\n<li>Tecnolog\u00eda avanzada de cancelaci\u00f3n de ruido<\/li>\n<li>Conectividad inal\u00e1mbrica con Bluetooth<\/li>\n<li>Bater\u00eda de larga duraci\u00f3n para un uso prolongado<\/li>\n<li>Dise\u00f1o ergon\u00f3mico para mayor comodidad<\/li>\n<li>Micr\u00f3fono integrado para una captura de voz n\u00edtida<\/li>\n<li>Controles t\u00e1ctiles intuitivos para un uso sencillo<\/li>\n<li>Compatible con m\u00faltiples dispositivos<\/li>\n<li>Fabricaci\u00f3n duradera con materiales de primera calidad<\/li>\n<li>Dise\u00f1o port\u00e1til y ligero para viajes<\/li>\n<\/ul>\n","protected":false},"excerpt":{"rendered":"<p>Descubre Propovoice Pro, la herramienta definitiva para optimizar tus proyectos de voz. Optimiza tu flujo de trabajo con las funciones de Propovoice Pro, dise\u00f1adas para la eficiencia y la creatividad. \u00bfTe interesa saber los precios de Propovoice Pro? Ofrecemos planes competitivos para todos los presupuestos. Explora las alternativas a Propovoice Pro, pero nada se compara con nuestra experiencia de usuario fluida. Aprende a usar Propovoice Pro con nuestro sencillo tutorial y disfruta de ventajas inigualables que nos diferencian de la competencia. Lee nuestras excelentes rese\u00f1as de Propovoice Pro y descubre por qu\u00e9 los usuarios nos prefieren. \u00bfNecesitas ayuda? Nuestro equipo de soporte de Propovoice Pro est\u00e1 a tu disposici\u00f3n. \u00bfListo para transformar tus proyectos? \u00a1Compra Propovoice Pro hoy mismo!<\/p>\n","protected":false},"featured_media":169622,"comment_status":"open","ping_status":"open","template":"","meta":[],"product_brand":[2738],"product_cat":[1214,1206,1211],"product_tag":[2739],"class_list":{"0":"post-169625","1":"product","2":"type-product","3":"status-publish","4":"has-post-thumbnail","6":"product_brand-propovoice","7":"product_cat-personalizacion","8":"product_cat-plugins","9":"product_cat-wordpress-plugins","10":"product_tag-propovoice","11":"member-discount","12":"discount-restricted","14":"first","15":"instock","16":"sale","17":"downloadable","18":"virtual","19":"sold-individually","20":"purchasable","21":"product-type-simple"},"_links":{"self":[{"href":"https:\/\/gpl-love.com\/es\/wp-json\/wp\/v2\/product\/169625","targetHints":{"allow":["GET"]}}],"collection":[{"href":"https:\/\/gpl-love.com\/es\/wp-json\/wp\/v2\/product"}],"about":[{"href":"https:\/\/gpl-love.com\/es\/wp-json\/wp\/v2\/types\/product"}],"replies":[{"embeddable":true,"href":"https:\/\/gpl-love.com\/es\/wp-json\/wp\/v2\/comments?post=169625"}],"wp:featuredmedia":[{"embeddable":true,"href":"https:\/\/gpl-love.com\/es\/wp-json\/wp\/v2\/media\/169622"}],"wp:attachment":[{"href":"https:\/\/gpl-love.com\/es\/wp-json\/wp\/v2\/media?parent=169625"}],"wp:term":[{"taxonomy":"product_brand","embeddable":true,"href":"https:\/\/gpl-love.com\/es\/wp-json\/wp\/v2\/product_brand?post=169625"},{"taxonomy":"product_cat","embeddable":true,"href":"https:\/\/gpl-love.com\/es\/wp-json\/wp\/v2\/product_cat?post=169625"},{"taxonomy":"product_tag","embeddable":true,"href":"https:\/\/gpl-love.com\/es\/wp-json\/wp\/v2\/product_tag?post=169625"}],"curies":[{"name":"wp","href":"https:\/\/api.w.org\/{rel}","templated":true}]}}