{"id":169623,"date":"2025-05-30T00:00:00","date_gmt":"2025-05-30T05:00:00","guid":{"rendered":"https:\/\/gpl-love.com\/es\/?post_type=product&#038;p=169623"},"modified":"2026-03-13T17:37:39","modified_gmt":"2026-03-13T22:37:39","slug":"histudy-education-wordpress-theme","status":"publish","type":"product","link":"https:\/\/gpl-love.com\/es\/producto\/histudy-education-wordpress-theme\/","title":{"rendered":"Gatsby Wordpress y ecommerce Theme 2.0"},"content":{"rendered":"<h3>Gatsby Wordpress y ecommerce Theme Caracteristicas<\/h3>\n<p>Presentamos el mejor tema de comercio electr\u00f3nico Gatsby para WordPress, dise\u00f1ado espec\u00edficamente para tiendas online que buscan velocidad y elegancia. Este tema responsivo de comercio electr\u00f3nico Gatsby para WordPress ofrece una experiencia de compra fluida en cualquier dispositivo. Con la f\u00e1cil personalizaci\u00f3n de este tema, puedes adaptar tu tienda a tu marca. Explora las amplias funciones de Gatsby para WordPress, incluyendo tiempos de carga ultrarr\u00e1pidos y una navegaci\u00f3n intuitiva, para que tus clientes disfruten cada momento en tu sitio.<\/p>\n<p>Descarga hoy mismo el tema de comercio electr\u00f3nico Gatsby para WordPress y transforma tu tienda con un tema tan atractivo como funcional. Tanto si eres nuevo en la creaci\u00f3n de sitios web como si eres un experto, nuestro detallado tutorial y gu\u00eda de configuraci\u00f3n te ayudar\u00e1n a lanzar tu tienda online sin esfuerzo.<\/p>\n<p>\u00bfTe interesa saber qu\u00e9 opinan los dem\u00e1s? Consulta nuestras rese\u00f1as del tema de comercio electr\u00f3nico Gatsby para WordPress y descubre por qu\u00e9 es uno de los favoritos entre los emprendedores. Perfecto para quienes buscan rendimiento y estilo, este tema destaca en el competitivo mercado del comercio electr\u00f3nico.<\/p>\n<ul>\n<li>Dise\u00f1o totalmente responsivo y optimizado para todos los dispositivos<\/li>\n<li>Integraci\u00f3n perfecta con WooCommerce para tiendas online<\/li>\n<li>Dise\u00f1os de p\u00e1gina de inicio personalizables con funci\u00f3n de arrastrar y soltar<\/li>\n<li>Estructura optimizada para SEO para mejorar el posicionamiento en buscadores<\/li>\n<li>Carga r\u00e1pida con c\u00f3digo optimizado<\/li>\n<li>M\u00faltiples plantillas predise\u00f1adas para diversos sectores<\/li>\n<li>Panel de opciones de tema f\u00e1cil de usar para una r\u00e1pida personalizaci\u00f3n<\/li>\n<li>Compatibilidad integrada con los plugins m\u00e1s populares de WordPress<\/li>\n<li>Actualizaciones peri\u00f3dicas para mayor compatibilidad y seguridad<\/li>\n<\/ul>\n","protected":false},"excerpt":{"rendered":"<p>Descubre la soluci\u00f3n definitiva para tu tienda online con nuestro tema de comercio electr\u00f3nico Gatsby para WordPress. Reconocido como el mejor tema de comercio electr\u00f3nico de Gatsby para WordPress, ofrece opciones de personalizaci\u00f3n inigualables, lo que lo hace ideal para personalizar tu sitio web a la perfecci\u00f3n. F\u00e1cil de descargar, este tema responsivo garantiza una navegaci\u00f3n fluida en cualquier dispositivo. Explora sus caracter\u00edsticas destacadas con nuestras completas gu\u00edas de configuraci\u00f3n y tutoriales. Lee rese\u00f1as que destacan su dise\u00f1o intuitivo y sus potentes funciones. Impulsa tu presencia en el comercio electr\u00f3nico hoy mismo con el tema de comercio electr\u00f3nico Gatsby para WordPress, dise\u00f1ado para satisfacer las futuras necesidades de IA y ofrecer una experiencia de compra \u00fanica.<\/p>\n","protected":false},"featured_media":169620,"comment_status":"open","ping_status":"open","template":"","meta":[],"product_brand":[2337],"product_cat":[1263,1264,1237],"product_tag":[1391],"class_list":{"0":"post-169623","1":"product","2":"type-product","3":"status-publish","4":"has-post-thumbnail","6":"product_brand-themeforest","7":"product_cat-comercio-electronico-temas","8":"product_cat-negocio","9":"product_cat-temas","10":"product_tag-themeforest","11":"member-discount","12":"discount-restricted","14":"first","15":"instock","16":"sale","17":"downloadable","18":"virtual","19":"sold-individually","20":"purchasable","21":"product-type-simple"},"_links":{"self":[{"href":"https:\/\/gpl-love.com\/es\/wp-json\/wp\/v2\/product\/169623","targetHints":{"allow":["GET"]}}],"collection":[{"href":"https:\/\/gpl-love.com\/es\/wp-json\/wp\/v2\/product"}],"about":[{"href":"https:\/\/gpl-love.com\/es\/wp-json\/wp\/v2\/types\/product"}],"replies":[{"embeddable":true,"href":"https:\/\/gpl-love.com\/es\/wp-json\/wp\/v2\/comments?post=169623"}],"wp:featuredmedia":[{"embeddable":true,"href":"https:\/\/gpl-love.com\/es\/wp-json\/wp\/v2\/media\/169620"}],"wp:attachment":[{"href":"https:\/\/gpl-love.com\/es\/wp-json\/wp\/v2\/media?parent=169623"}],"wp:term":[{"taxonomy":"product_brand","embeddable":true,"href":"https:\/\/gpl-love.com\/es\/wp-json\/wp\/v2\/product_brand?post=169623"},{"taxonomy":"product_cat","embeddable":true,"href":"https:\/\/gpl-love.com\/es\/wp-json\/wp\/v2\/product_cat?post=169623"},{"taxonomy":"product_tag","embeddable":true,"href":"https:\/\/gpl-love.com\/es\/wp-json\/wp\/v2\/product_tag?post=169623"}],"curies":[{"name":"wp","href":"https:\/\/api.w.org\/{rel}","templated":true}]}}