{"id":169621,"date":"2026-03-08T00:00:00","date_gmt":"2026-03-08T05:00:00","guid":{"rendered":"https:\/\/gpl-love.com\/es\/?post_type=product&#038;p=169621"},"modified":"2026-03-30T11:16:42","modified_gmt":"2026-03-30T16:16:42","slug":"propovoice-pro","status":"publish","type":"product","link":"https:\/\/gpl-love.com\/es\/producto\/propovoice-pro\/","title":{"rendered":"WP Extended Pro 3.2.5"},"content":{"rendered":"<h3>WP Extended Pro Caracteristicas<\/h3>\n<p>Descubre la herramienta definitiva para mejorar tu sitio web con WP Extended Pro. Este potente plugin est\u00e1 repleto de funciones dise\u00f1adas para llevar tu sitio web al siguiente nivel. \u00bfTe interesan las rese\u00f1as de WP Extended Pro? Los usuarios elogian su integraci\u00f3n y rendimiento impecables. Con opciones de precios flexibles, hay un plan para cada presupuesto.<\/p>\n<p>Comenzar es facil\u00edsimo con nuestro completo tutorial y gu\u00eda de usuario de WP Extended Pro, que garantiza una configuraci\u00f3n fluida. Disfruta de las ventajas de una seguridad mejorada, optimizaci\u00f3n SEO y opciones de personalizaci\u00f3n superiores. Adem\u00e1s, disfruta de la tranquilidad que ofrecen las actualizaciones peri\u00f3dicas y el soporte dedicado de WP Extended Pro.<\/p>\n<p>\u00bfTe preocupa la compatibilidad? WP Extended Pro garantiza una integraci\u00f3n perfecta con tus herramientas actuales, y nuestra gu\u00eda de soluci\u00f3n de problemas te ayudar\u00e1 a superar cualquier obst\u00e1culo. Explora las mejores pr\u00e1cticas de WP Extended Pro y descubre c\u00f3mo se compara con otras alternativas.<\/p>\n<ul>\n<li>Plugin avanzado de WordPress para mejorar la funcionalidad de tu sitio web<\/li>\n<li>Integraci\u00f3n perfecta con temas y plugins existentes<\/li>\n<li>Interfaz intuitiva para una f\u00e1cil configuraci\u00f3n y gesti\u00f3n<\/li>\n<li>Configuraci\u00f3n personalizable para las necesidades de tu sitio web<\/li>\n<li>Herramientas de optimizaci\u00f3n del rendimiento para aumentar la velocidad del sitio<\/li>\n<li>Mejoras de seguridad para protegerte contra vulnerabilidades<\/li>\n<li>Actualizaciones peri\u00f3dicas para compatibilidad con las \u00faltimas versiones de WordPress<\/li>\n<li>Compatibilidad multisitio para una gesti\u00f3n eficiente de varios sitios<\/li>\n<li>Documentaci\u00f3n completa y recursos de soporte<\/li>\n<li>Compatible con los creadores de p\u00e1ginas y plataformas de comercio electr\u00f3nico m\u00e1s populares<\/li>\n<\/ul>\n","protected":false},"excerpt":{"rendered":"<p>Descubre la soluci\u00f3n definitiva para optimizar tu experiencia en WordPress con WP Extended Pro. Esta potente herramienta ofrece una integraci\u00f3n perfecta, personalizaci\u00f3n avanzada y un rendimiento robusto para optimizar las capacidades de tu sitio web. Con funciones como seguridad mejorada, optimizaci\u00f3n SEO integral y una configuraci\u00f3n sencilla, WP Extended Pro garantiza la compatibilidad entre plataformas. Explora tutoriales detallados, gu\u00edas de usuario y mejores pr\u00e1cticas para maximizar sus beneficios. Compara alternativas a WP Extended Pro y lee nuestras rese\u00f1as para descubrir por qu\u00e9 destaca. Disfruta de actualizaciones peri\u00f3dicas, soporte t\u00e9cnico confiable y precios competitivos. Descarga WP Extended Pro hoy mismo y descubre un potencial inigualable para el futuro de tu sitio web.<\/p>\n","protected":false},"featured_media":169619,"comment_status":"open","ping_status":"open","template":"","meta":[],"product_brand":[2736],"product_cat":[1212,1206,1211],"product_tag":[2737],"class_list":{"0":"post-169621","1":"product","2":"type-product","3":"status-publish","4":"has-post-thumbnail","6":"product_brand-wp-extended","7":"product_cat-administracion-wordpress-plugins","8":"product_cat-plugins","9":"product_cat-wordpress-plugins","10":"product_tag-wp-extended","11":"member-discount","12":"discount-restricted","14":"first","15":"instock","16":"sale","17":"downloadable","18":"virtual","19":"sold-individually","20":"purchasable","21":"product-type-simple"},"_links":{"self":[{"href":"https:\/\/gpl-love.com\/es\/wp-json\/wp\/v2\/product\/169621","targetHints":{"allow":["GET"]}}],"collection":[{"href":"https:\/\/gpl-love.com\/es\/wp-json\/wp\/v2\/product"}],"about":[{"href":"https:\/\/gpl-love.com\/es\/wp-json\/wp\/v2\/types\/product"}],"replies":[{"embeddable":true,"href":"https:\/\/gpl-love.com\/es\/wp-json\/wp\/v2\/comments?post=169621"}],"wp:featuredmedia":[{"embeddable":true,"href":"https:\/\/gpl-love.com\/es\/wp-json\/wp\/v2\/media\/169619"}],"wp:attachment":[{"href":"https:\/\/gpl-love.com\/es\/wp-json\/wp\/v2\/media?parent=169621"}],"wp:term":[{"taxonomy":"product_brand","embeddable":true,"href":"https:\/\/gpl-love.com\/es\/wp-json\/wp\/v2\/product_brand?post=169621"},{"taxonomy":"product_cat","embeddable":true,"href":"https:\/\/gpl-love.com\/es\/wp-json\/wp\/v2\/product_cat?post=169621"},{"taxonomy":"product_tag","embeddable":true,"href":"https:\/\/gpl-love.com\/es\/wp-json\/wp\/v2\/product_tag?post=169621"}],"curies":[{"name":"wp","href":"https:\/\/api.w.org\/{rel}","templated":true}]}}