{"id":169617,"date":"2026-03-08T00:00:00","date_gmt":"2026-03-08T05:00:00","guid":{"rendered":"https:\/\/gpl-love.com\/es\/?post_type=product&#038;p=169617"},"modified":"2026-03-09T08:52:08","modified_gmt":"2026-03-09T13:52:08","slug":"wp-extended-pro-1-11-1","status":"publish","type":"product","link":"https:\/\/gpl-love.com\/es\/producto\/wp-extended-pro-1-11-1\/","title":{"rendered":"WPDesk WooCommerce Google Merchant XML 1.11.10"},"content":{"rendered":"<h3>WPDesk WooCommerce Google Merchant XML Caracteristicas<\/h3>\n<p>Presentamos el plugin WPDesk WooCommerce Google Merchant XML: \u00a1la soluci\u00f3n definitiva para una integraci\u00f3n perfecta con el comercio electr\u00f3nico! Dise\u00f1ado para mejorar la visibilidad de tu tienda online, esta potente herramienta te permite generar f\u00e1cilmente feeds XML adaptados a Google Merchant Center.<\/p>\n<p>Con WPDesk WooCommerce, gestionar tus listados de productos nunca ha sido tan f\u00e1cil. Disfruta de la comodidad de la creaci\u00f3n automatizada de feeds, lo que garantiza que tu inventario est\u00e9 siempre actualizado y preciso. Este plugin simplifica el complejo proceso de configuraci\u00f3n de archivos XML, ahorr\u00e1ndote tiempo y mejorando el rendimiento de tu tienda en Google Shopping.<\/p>\n<p>Nuestra soluci\u00f3n WooCommerce Google Merchant XML es perfecta para propietarios de tiendas que buscan ampliar su alcance y atraer a m\u00e1s clientes. Su interfaz intuitiva facilita la configuraci\u00f3n y la optimizaci\u00f3n de tus listados de productos en minutos.<\/p>\n<p>Aumenta el potencial de tu tienda WooCommerce integr\u00e1ndola con Google Merchant sin esfuerzo. Sum\u00e9rgete en un mundo de mayor tr\u00e1fico, anuncios mejor segmentados y mejores conversiones de ventas.<\/p>\n<ul>\n<li>Integraci\u00f3n perfecta con WooCommerce<\/li>\n<li>Genera feeds XML de Google Merchant<\/li>\n<li>Compatible con m\u00faltiples categor\u00edas de productos<\/li>\n<li>Atributos de feed personalizables<\/li>\n<li>Actualizaciones autom\u00e1ticas de feeds<\/li>\n<li>Compatible con productos variables<\/li>\n<li>Compatible con m\u00faltiples monedas e idiomas<\/li>\n<li>F\u00e1cil configuraci\u00f3n<\/li>\n<li>Documentaci\u00f3n y soporte detallados<\/li>\n<li>Optimizado para un rendimiento y una escalabilidad \u00f3ptimos<\/li>\n<\/ul>\n","protected":false},"excerpt":{"rendered":"<p>Presentamos el plugin WPDesk WooCommerce Google Merchant XML: una herramienta imprescindible para minoristas online que buscan una integraci\u00f3n fluida con Google Merchant Center. Dise\u00f1ado para optimizar tu tienda online, este potente plugin genera feeds XML sin esfuerzo, garantizando que tus fichas de producto sean precisas y est\u00e9n actualizadas. Mejora la visibilidad de tu tienda en Google Shopping, atrae a m\u00e1s clientes e impulsa las ventas f\u00e1cilmente. Disfruta de una gesti\u00f3n optimizada y un rendimiento superior, ahorrando tiempo y recursos. Impulsa tu tienda WooCommerce hoy mismo con el plugin WPDesk Google Merchant XML y observa c\u00f3mo tu negocio prospera.<\/p>\n","protected":false},"featured_media":169583,"comment_status":"open","ping_status":"open","template":"","meta":[],"product_brand":[2454],"product_cat":[1208,1207,1206],"product_tag":[1716],"class_list":{"0":"post-169617","1":"product","2":"type-product","3":"status-publish","4":"has-post-thumbnail","6":"product_brand-wp-desk","7":"product_cat-administracion","8":"product_cat-comercio-electronico-plugins","9":"product_cat-plugins","10":"product_tag-wp-desk","11":"member-discount","12":"discount-restricted","14":"first","15":"instock","16":"sale","17":"downloadable","18":"virtual","19":"sold-individually","20":"purchasable","21":"product-type-simple"},"_links":{"self":[{"href":"https:\/\/gpl-love.com\/es\/wp-json\/wp\/v2\/product\/169617","targetHints":{"allow":["GET"]}}],"collection":[{"href":"https:\/\/gpl-love.com\/es\/wp-json\/wp\/v2\/product"}],"about":[{"href":"https:\/\/gpl-love.com\/es\/wp-json\/wp\/v2\/types\/product"}],"replies":[{"embeddable":true,"href":"https:\/\/gpl-love.com\/es\/wp-json\/wp\/v2\/comments?post=169617"}],"wp:featuredmedia":[{"embeddable":true,"href":"https:\/\/gpl-love.com\/es\/wp-json\/wp\/v2\/media\/169583"}],"wp:attachment":[{"href":"https:\/\/gpl-love.com\/es\/wp-json\/wp\/v2\/media?parent=169617"}],"wp:term":[{"taxonomy":"product_brand","embeddable":true,"href":"https:\/\/gpl-love.com\/es\/wp-json\/wp\/v2\/product_brand?post=169617"},{"taxonomy":"product_cat","embeddable":true,"href":"https:\/\/gpl-love.com\/es\/wp-json\/wp\/v2\/product_cat?post=169617"},{"taxonomy":"product_tag","embeddable":true,"href":"https:\/\/gpl-love.com\/es\/wp-json\/wp\/v2\/product_tag?post=169617"}],"curies":[{"name":"wp","href":"https:\/\/api.w.org\/{rel}","templated":true}]}}