{"id":169582,"date":"2026-03-08T00:00:00","date_gmt":"2026-03-08T05:00:00","guid":{"rendered":"https:\/\/gpl-love.com\/es\/producto\/wpdesk-woocommerce-google-merchant-xml\/"},"modified":"2026-03-09T08:52:05","modified_gmt":"2026-03-09T13:52:05","slug":"wpdesk-woocommerce-google-merchant-xml","status":"publish","type":"product","link":"https:\/\/gpl-love.com\/es\/producto\/wpdesk-woocommerce-google-merchant-xml\/","title":{"rendered":"WPDesk WooCommerce Automatic Payment Status 2.0.20"},"content":{"rendered":"<h3>WPDesk WooCommerce Automatic Payment Status Caracteristicas<\/h3>\n<p>Presentamos WPDesk WooCommerce Automatic Payment Status, la soluci\u00f3n definitiva para agilizar el proceso de pago de tu tienda online. Mejora tu experiencia de comercio electr\u00f3nico con esta potente herramienta que garantiza una gesti\u00f3n fluida de las transacciones. Dise\u00f1ado espec\u00edficamente para WooCommerce, este plugin actualiza autom\u00e1ticamente los estados de pago, ahorr\u00e1ndote tiempo y reduciendo los errores manuales.<\/p>\n<p>Con WPDesk WooCommerce Automatic Payment Status, puedes mejorar la eficiencia de tu tienda y la satisfacci\u00f3n de tus clientes. Olv\u00eddate de las tediosas actualizaciones manuales: este plugin garantiza que tus estados de pago siempre sean precisos y est\u00e9n actualizados. Ideal para propietarios de tiendas con mucho trabajo, te permite centrarte en el crecimiento de tu negocio en lugar de enredarte con las tareas administrativas.<\/p>\n<p>La instalaci\u00f3n es muy sencilla gracias a su interfaz intuitiva y a las instrucciones paso a paso. Tanto si eres un usuario experimentado de WooCommerce como si eres nuevo en la plataforma, apreciar\u00e1s c\u00f3mo WPDesk WooCommerce Automatic Payment Status se integra a la perfecci\u00f3n con tu configuraci\u00f3n actual.<\/p>\n<ul>\n<li>Integraci\u00f3n perfecta con WooCommerce<\/li>\n<li>Actualiza autom\u00e1ticamente el estado de pago de los pedidos<\/li>\n<li>Condiciones de actualizaci\u00f3n de estado personalizables<\/li>\n<li>Compatible con varias pasarelas de pago<\/li>\n<li>Reduce el tiempo de procesamiento manual<\/li>\n<li>Mejora la eficiencia de la gesti\u00f3n de pedidos<\/li>\n<li>Interfaz intuitiva para una configuraci\u00f3n sencilla<\/li>\n<li>Compatible con las \u00faltimas versiones de WooCommerce<\/li>\n<li>Actualizaciones peri\u00f3dicas y atenci\u00f3n al cliente<\/li>\n<li>Aumenta la precisi\u00f3n en el seguimiento de pagos<\/li>\n<\/ul>\n","protected":false},"excerpt":{"rendered":"<p>Presentamos el plugin WooCommerce Automatic Payment Status de WPDesk, la soluci\u00f3n definitiva para transacciones de comercio electr\u00f3nico fluidas. Esta potente herramienta optimiza tu tienda online actualizando autom\u00e1ticamente los estados de pago, garantizando una experiencia de cliente m\u00e1s fluida. Gracias a la fiabilidad de WPDesk, agiliza la gesti\u00f3n de pedidos y reduce los errores manuales sin esfuerzo. Ideal para empresas que buscan optimizar la eficiencia, este plugin se integra a la perfecci\u00f3n con WooCommerce, ofreciendo una configuraci\u00f3n y personalizaci\u00f3n sencillas. Impulsa tus ventas con actualizaciones en tiempo real y mejorando la satisfacci\u00f3n del cliente. Elige WooCommerce Automatic Payment Status de WPDesk y transforma el proceso de pago de tu tienda hoy mismo.<\/p>\n","protected":false},"featured_media":169580,"comment_status":"open","ping_status":"open","template":"","meta":[],"product_brand":[2454],"product_cat":[1207,1426,1206],"product_tag":[1716],"class_list":{"0":"post-169582","1":"product","2":"type-product","3":"status-publish","4":"has-post-thumbnail","6":"product_brand-wp-desk","7":"product_cat-comercio-electronico-plugins","8":"product_cat-pago-comercio-electronico-plugins","9":"product_cat-plugins","10":"product_tag-wp-desk","11":"member-discount","12":"discount-restricted","14":"first","15":"instock","16":"sale","17":"downloadable","18":"virtual","19":"sold-individually","20":"purchasable","21":"product-type-simple"},"_links":{"self":[{"href":"https:\/\/gpl-love.com\/es\/wp-json\/wp\/v2\/product\/169582","targetHints":{"allow":["GET"]}}],"collection":[{"href":"https:\/\/gpl-love.com\/es\/wp-json\/wp\/v2\/product"}],"about":[{"href":"https:\/\/gpl-love.com\/es\/wp-json\/wp\/v2\/types\/product"}],"replies":[{"embeddable":true,"href":"https:\/\/gpl-love.com\/es\/wp-json\/wp\/v2\/comments?post=169582"}],"wp:featuredmedia":[{"embeddable":true,"href":"https:\/\/gpl-love.com\/es\/wp-json\/wp\/v2\/media\/169580"}],"wp:attachment":[{"href":"https:\/\/gpl-love.com\/es\/wp-json\/wp\/v2\/media?parent=169582"}],"wp:term":[{"taxonomy":"product_brand","embeddable":true,"href":"https:\/\/gpl-love.com\/es\/wp-json\/wp\/v2\/product_brand?post=169582"},{"taxonomy":"product_cat","embeddable":true,"href":"https:\/\/gpl-love.com\/es\/wp-json\/wp\/v2\/product_cat?post=169582"},{"taxonomy":"product_tag","embeddable":true,"href":"https:\/\/gpl-love.com\/es\/wp-json\/wp\/v2\/product_tag?post=169582"}],"curies":[{"name":"wp","href":"https:\/\/api.w.org\/{rel}","templated":true}]}}