{"id":169579,"date":"2026-02-18T00:00:00","date_gmt":"2026-02-18T05:00:00","guid":{"rendered":"https:\/\/gpl-love.com\/es\/producto\/wpdesk-woocommerce-automatic-payment-status\/"},"modified":"2026-03-09T08:52:01","modified_gmt":"2026-03-09T13:52:01","slug":"wpdesk-woocommerce-automatic-payment-status","status":"publish","type":"product","link":"https:\/\/gpl-love.com\/es\/producto\/wpdesk-woocommerce-automatic-payment-status\/","title":{"rendered":"WPDesk Omnibus para WooCommerce 2.2.18"},"content":{"rendered":"<h3>WPDesk Omnibus para WooCommerce Caracteristicas<\/h3>\n<p>Presentamos WPDesk Omnibus para WooCommerce, la soluci\u00f3n definitiva para optimizar la funcionalidad de tu tienda online. \u00bfBuscas optimizar tus operaciones e impulsar las ventas? Nuestro plugin Omnibus est\u00e1 dise\u00f1ado espec\u00edficamente para WooCommerce y ofrece una integraci\u00f3n perfecta y una gran cantidad de funciones para optimizar tu tienda online.<\/p>\n<p>Con WPDesk Omnibus, gestionar tu tienda WooCommerce es muy sencillo. Disfruta de herramientas avanzadas que simplifican la gesti\u00f3n de productos, el inventario y la interacci\u00f3n con los clientes. Este plugin no solo te ahorra tiempo, sino que tambi\u00e9n mejora la experiencia de compra de tus clientes, fomentando las compras recurrentes y fomentando la fidelidad a la marca.<\/p>\n<p>Tanto si eres un profesional del comercio electr\u00f3nico con experiencia como si est\u00e1s empezando, WPDesk Omnibus para WooCommerce es intuitivo y f\u00e1cil de usar. Sus potentes funciones est\u00e1n dise\u00f1adas para crecer con tu negocio, garantizando que puedas satisfacer las demandas de tu creciente base de clientes.<\/p>\n<p>Experimenta una mayor eficiencia y un aumento de las ventas con WPDesk Omnibus para WooCommerce. Transforma tu tienda hoy mismo y mantente a la vanguardia de la competencia con este plugin esencial.<\/p>\n<ul>\n<li>Integraci\u00f3n perfecta con WooCommerce<\/li>\n<li>Cumplimiento legal automatizado para la visualizaci\u00f3n de precios hist\u00f3ricos<\/li>\n<li>Opciones personalizables para la visualizaci\u00f3n del historial de precios<\/li>\n<li>Compatible con m\u00faltiples monedas e idiomas<\/li>\n<li>Compatible con varios temas y plugins de WordPress<\/li>\n<li>F\u00e1cil instalaci\u00f3n y configuraci\u00f3n<\/li>\n<li>Ligero y optimizado para un rendimiento \u00f3ptimo<\/li>\n<li>Interfaz intuitiva para administradores de tienda<\/li>\n<li>Documentaci\u00f3n detallada y tutoriales disponibles<\/li>\n<\/ul>\n","protected":false},"excerpt":{"rendered":"<p>Presentamos WPDesk Omnibus para WooCommerce, la soluci\u00f3n definitiva para optimizar la eficiencia y el rendimiento de tu tienda online. Integra a la perfecci\u00f3n este potente plugin para optimizar tus operaciones de comercio electr\u00f3nico, aumentar la satisfacci\u00f3n del cliente e impulsar las ventas. Con su interfaz intuitiva y sus robustas funciones, WPDesk Omnibus optimiza la gesti\u00f3n de inventario, mejora los procesos de pago y ofrece an\u00e1lisis detallados. Dise\u00f1ado para usuarios de WooCommerce, garantiza una experiencia de compra fluida y atractiva, atrayendo m\u00e1s visitantes y aumentando las conversiones. Impulsa tu negocio online con WPDesk Omnibus, donde la innovaci\u00f3n se une a la fiabilidad.<\/p>\n","protected":false},"featured_media":169576,"comment_status":"open","ping_status":"open","template":"","meta":[],"product_brand":[2454],"product_cat":[1207,1248,1206],"product_tag":[1716],"class_list":{"0":"post-169579","1":"product","2":"type-product","3":"status-publish","4":"has-post-thumbnail","6":"product_brand-wp-desk","7":"product_cat-comercio-electronico-plugins","8":"product_cat-personalizacion-comercio-electronico-plugins","9":"product_cat-plugins","10":"product_tag-wp-desk","11":"member-discount","12":"discount-restricted","14":"first","15":"instock","16":"sale","17":"downloadable","18":"virtual","19":"sold-individually","20":"purchasable","21":"product-type-simple"},"_links":{"self":[{"href":"https:\/\/gpl-love.com\/es\/wp-json\/wp\/v2\/product\/169579","targetHints":{"allow":["GET"]}}],"collection":[{"href":"https:\/\/gpl-love.com\/es\/wp-json\/wp\/v2\/product"}],"about":[{"href":"https:\/\/gpl-love.com\/es\/wp-json\/wp\/v2\/types\/product"}],"replies":[{"embeddable":true,"href":"https:\/\/gpl-love.com\/es\/wp-json\/wp\/v2\/comments?post=169579"}],"wp:featuredmedia":[{"embeddable":true,"href":"https:\/\/gpl-love.com\/es\/wp-json\/wp\/v2\/media\/169576"}],"wp:attachment":[{"href":"https:\/\/gpl-love.com\/es\/wp-json\/wp\/v2\/media?parent=169579"}],"wp:term":[{"taxonomy":"product_brand","embeddable":true,"href":"https:\/\/gpl-love.com\/es\/wp-json\/wp\/v2\/product_brand?post=169579"},{"taxonomy":"product_cat","embeddable":true,"href":"https:\/\/gpl-love.com\/es\/wp-json\/wp\/v2\/product_cat?post=169579"},{"taxonomy":"product_tag","embeddable":true,"href":"https:\/\/gpl-love.com\/es\/wp-json\/wp\/v2\/product_tag?post=169579"}],"curies":[{"name":"wp","href":"https:\/\/api.w.org\/{rel}","templated":true}]}}