{"id":169575,"date":"2026-03-08T00:00:00","date_gmt":"2026-03-08T05:00:00","guid":{"rendered":"https:\/\/gpl-love.com\/es\/producto\/wpdesk-omnibus-for-woocommerce\/"},"modified":"2026-03-09T08:51:58","modified_gmt":"2026-03-09T13:51:58","slug":"wpdesk-omnibus-for-woocommerce","status":"publish","type":"product","link":"https:\/\/gpl-love.com\/es\/producto\/wpdesk-omnibus-for-woocommerce\/","title":{"rendered":"WPDesk Flexible Wishlist Pro Analytics y Emails 1.1.24"},"content":{"rendered":"<h3>WPDesk Flexible Wishlist Pro Analytics y Emails Caracteristicas<\/h3>\n<p>Presentamos WPDesk Flexible Wishlist Pro, la herramienta definitiva para mejorar la experiencia del cliente en tu tienda online. Este innovador plugin permite a tus clientes crear y gestionar listas de deseos personalizadas sin esfuerzo. Al integrar an\u00e1lisis precisos, obtienes informaci\u00f3n valiosa sobre las preferencias y tendencias de los clientes, lo que te permite adaptar tus estrategias de marketing de forma eficaz.<\/p>\n<p>Con WPDesk Flexible Wishlist Pro, puedes monitorizar f\u00e1cilmente las interacciones de los clientes y la actividad de las listas de deseos mediante an\u00e1lisis detallados. Estos datos te permiten tomar decisiones informadas, optimizar tu oferta de productos e impulsar las ventas. Adem\u00e1s, nuestro plugin mejora la comunicaci\u00f3n con tus clientes al proporcionar correos electr\u00f3nicos personalizables. Estos correos notifican a los usuarios sobre las actualizaciones de las listas de deseos, lo que garantiza que se mantengan interesados \u200b\u200be informados sobre sus productos favoritos.<\/p>\n<p>La atractiva interfaz de WPDesk Flexible Wishlist Pro garantiza una experiencia de usuario fluida y agradable, fomentando las visitas repetidas y aumentando la fidelidad de los clientes. Al ofrecer una experiencia de compra personalizada e interactiva, puedes mejorar la reputaci\u00f3n de tu marca e impulsar las conversiones.<\/p>\n<p>Descubre el poder de WPDesk Flexible Wishlist Pro hoy mismo y transforma la forma en que conectas con tus clientes.<\/p>\n<ul>\n<li>Funciones avanzadas de gesti\u00f3n de listas de deseos<\/li>\n<li>Integraci\u00f3n con Google Analytics para seguimiento<\/li>\n<li>Notificaciones autom\u00e1ticas por correo electr\u00f3nico sobre la actividad de las listas de deseos<\/li>\n<li>Plantillas de correo electr\u00f3nico personalizables<\/li>\n<li>Interfaz intuitiva<\/li>\n<li>Integraci\u00f3n perfecta con WooCommerce<\/li>\n<li>Opci\u00f3n para compartir listas de deseos en redes sociales<\/li>\n<li>Capacidad para categorizar y priorizar los art\u00edculos de la lista de deseos<\/li>\n<li>An\u00e1lisis e informes detallados de las listas de deseos<\/li>\n<li>Compatibilidad con varios idiomas y divisas<\/li>\n<\/ul>\n","protected":false},"excerpt":{"rendered":"<p>Presentamos WPDesk Flexible Wishlist Pro, la herramienta definitiva para mejorar tu experiencia de comercio electr\u00f3nico. Integrado a la perfecci\u00f3n con potentes herramientas de an\u00e1lisis, este plugin proporciona informaci\u00f3n valiosa para optimizar tu estrategia de ventas. Con sus notificaciones avanzadas por correo electr\u00f3nico, puedes interactuar con tus clientes con actualizaciones personalizadas. Su interfaz intuitiva facilita la gesti\u00f3n de listas de deseos, lo que lo convierte en una herramienta imprescindible para cualquier tienda online. Aumenta la satisfacci\u00f3n del cliente e impulsa las conversiones con WPDesk Flexible Wishlist Pro.<\/p>\n","protected":false},"featured_media":169573,"comment_status":"open","ping_status":"open","template":"","meta":[],"product_brand":[2454],"product_cat":[1214,1206,1211],"product_tag":[1716],"class_list":{"0":"post-169575","1":"product","2":"type-product","3":"status-publish","4":"has-post-thumbnail","6":"product_brand-wp-desk","7":"product_cat-personalizacion","8":"product_cat-plugins","9":"product_cat-wordpress-plugins","10":"product_tag-wp-desk","11":"member-discount","12":"discount-restricted","14":"first","15":"instock","16":"sale","17":"downloadable","18":"virtual","19":"sold-individually","20":"purchasable","21":"product-type-simple"},"_links":{"self":[{"href":"https:\/\/gpl-love.com\/es\/wp-json\/wp\/v2\/product\/169575","targetHints":{"allow":["GET"]}}],"collection":[{"href":"https:\/\/gpl-love.com\/es\/wp-json\/wp\/v2\/product"}],"about":[{"href":"https:\/\/gpl-love.com\/es\/wp-json\/wp\/v2\/types\/product"}],"replies":[{"embeddable":true,"href":"https:\/\/gpl-love.com\/es\/wp-json\/wp\/v2\/comments?post=169575"}],"wp:featuredmedia":[{"embeddable":true,"href":"https:\/\/gpl-love.com\/es\/wp-json\/wp\/v2\/media\/169573"}],"wp:attachment":[{"href":"https:\/\/gpl-love.com\/es\/wp-json\/wp\/v2\/media?parent=169575"}],"wp:term":[{"taxonomy":"product_brand","embeddable":true,"href":"https:\/\/gpl-love.com\/es\/wp-json\/wp\/v2\/product_brand?post=169575"},{"taxonomy":"product_cat","embeddable":true,"href":"https:\/\/gpl-love.com\/es\/wp-json\/wp\/v2\/product_cat?post=169575"},{"taxonomy":"product_tag","embeddable":true,"href":"https:\/\/gpl-love.com\/es\/wp-json\/wp\/v2\/product_tag?post=169575"}],"curies":[{"name":"wp","href":"https:\/\/api.w.org\/{rel}","templated":true}]}}