{"id":169574,"date":"2026-03-08T00:00:00","date_gmt":"2026-03-08T05:00:00","guid":{"rendered":"https:\/\/gpl-love.com\/es\/producto\/wpdesk-olx-woocommerce\/"},"modified":"2026-03-09T08:51:57","modified_gmt":"2026-03-09T13:51:57","slug":"wpdesk-olx-woocommerce","status":"publish","type":"product","link":"https:\/\/gpl-love.com\/es\/producto\/wpdesk-olx-woocommerce\/","title":{"rendered":"WPDesk Flexible Refund Order para WooCommerce Pro 1.3.1"},"content":{"rendered":"<h3>WPDesk Flexible Refund Order para WooCommerce Pro Caracteristicas<\/h3>\n<p>Presentamos WPDesk Flexible Refund Order para WooCommerce Pro, la herramienta definitiva para mejorar la experiencia del cliente en tu tienda online. Este potente plugin para WooCommerce te permite gestionar reembolsos f\u00e1cilmente, ofreciendo un proceso fluido y eficiente tanto para ti como para tus clientes.<\/p>\n<p>Olv\u00eddate de los complicados procedimientos de reembolso con la funci\u00f3n Flexible Refund Order, dise\u00f1ada para optimizar las operaciones y aumentar la satisfacci\u00f3n del cliente. Con WPDesk WooCommerce Pro, puedes gestionar los reembolsos directamente desde tu panel de control de WooCommerce, lo que te ofrece una experiencia sin complicaciones. Este plugin es perfecto para propietarios de tiendas que valoran la flexibilidad y la profesionalidad en la gesti\u00f3n de su negocio online.<\/p>\n<p>WPDesk Flexible Refund Order para WooCommerce Pro garantiza que tu tienda siga siendo competitiva al ofrecer un proceso de reembolso intuitivo que los clientes aprecian. Tanto si gestionas reembolsos parciales como totales, este plugin te proporciona las herramientas que necesitas para mantener un alto nivel de servicio.<\/p>\n<p>Mejora tu tienda WooCommerce hoy mismo con WPDesk Pro y observa c\u00f3mo crece la fidelidad de tus clientes.<\/p>\n<ul>\n<li>Se integra perfectamente con WooCommerce para gestionar reembolsos.<\/li>\n<li>Ofrece opciones flexibles de reembolso para diversos escenarios de pedido.<\/li>\n<li>Admite reembolsos parciales y totales para satisfacer las necesidades del cliente.<\/li>\n<li>Interfaz intuitiva para un procesamiento de reembolso r\u00e1pido y sencillo.<\/li>\n<li>Pol\u00edticas de reembolso personalizables para adaptarse a los requisitos de la tienda.<\/li>\n<li>Notificaciones de reembolso automatizadas para mantener informados a los clientes.<\/li>\n<li>Compatible con m\u00faltiples pasarelas de pago para un uso vers\u00e1til.<\/li>\n<li>Funciones avanzadas de informes para el seguimiento de las actividades de reembolso.<\/li>\n<li>Seguro y fiable para garantizar la protecci\u00f3n de los datos del cliente.<\/li>\n<\/ul>\n","protected":false},"excerpt":{"rendered":"<p>Presentamos WPDesk Flexible Refund Order para WooCommerce Pro: la soluci\u00f3n definitiva para una gesti\u00f3n de pedidos sencilla. Optimiza tus operaciones de comercio electr\u00f3nico con reembolsos fluidos y sin complicaciones, mejorando la satisfacci\u00f3n y la fidelizaci\u00f3n de tus clientes. Este potente plugin ofrece opciones de reembolso personalizables, garantizando flexibilidad y eficiencia adaptadas a las necesidades de tu negocio. Ahorra tiempo y reduce errores con nuestra interfaz intuitiva, dise\u00f1ada para que tanto propietarios como administradores de tiendas puedan usarla f\u00e1cilmente. Mejora tu experiencia en WooCommerce con las innovadoras funciones de WPDesk, optimizando el rendimiento y la fiabilidad de tu tienda. Descubre por qu\u00e9 WPDesk Flexible Refund Order para WooCommerce Pro es la opci\u00f3n preferida de las empresas que buscan la excelencia en la gesti\u00f3n de pedidos.<\/p>\n","protected":false},"featured_media":169571,"comment_status":"open","ping_status":"open","template":"","meta":[],"product_brand":[2454],"product_cat":[1208,1207,1206],"product_tag":[1716],"class_list":{"0":"post-169574","1":"product","2":"type-product","3":"status-publish","4":"has-post-thumbnail","6":"product_brand-wp-desk","7":"product_cat-administracion","8":"product_cat-comercio-electronico-plugins","9":"product_cat-plugins","10":"product_tag-wp-desk","11":"member-discount","12":"discount-restricted","14":"first","15":"instock","16":"sale","17":"downloadable","18":"virtual","19":"sold-individually","20":"purchasable","21":"product-type-simple"},"_links":{"self":[{"href":"https:\/\/gpl-love.com\/es\/wp-json\/wp\/v2\/product\/169574","targetHints":{"allow":["GET"]}}],"collection":[{"href":"https:\/\/gpl-love.com\/es\/wp-json\/wp\/v2\/product"}],"about":[{"href":"https:\/\/gpl-love.com\/es\/wp-json\/wp\/v2\/types\/product"}],"replies":[{"embeddable":true,"href":"https:\/\/gpl-love.com\/es\/wp-json\/wp\/v2\/comments?post=169574"}],"wp:featuredmedia":[{"embeddable":true,"href":"https:\/\/gpl-love.com\/es\/wp-json\/wp\/v2\/media\/169571"}],"wp:attachment":[{"href":"https:\/\/gpl-love.com\/es\/wp-json\/wp\/v2\/media?parent=169574"}],"wp:term":[{"taxonomy":"product_brand","embeddable":true,"href":"https:\/\/gpl-love.com\/es\/wp-json\/wp\/v2\/product_brand?post=169574"},{"taxonomy":"product_cat","embeddable":true,"href":"https:\/\/gpl-love.com\/es\/wp-json\/wp\/v2\/product_cat?post=169574"},{"taxonomy":"product_tag","embeddable":true,"href":"https:\/\/gpl-love.com\/es\/wp-json\/wp\/v2\/product_tag?post=169574"}],"curies":[{"name":"wp","href":"https:\/\/api.w.org\/{rel}","templated":true}]}}