{"id":169570,"date":"2026-03-03T00:00:00","date_gmt":"2026-03-03T05:00:00","guid":{"rendered":"https:\/\/gpl-love.com\/es\/producto\/wpdesk-flexible-refund-order-for-woocommerce-pro\/"},"modified":"2026-03-31T17:16:51","modified_gmt":"2026-03-31T22:16:51","slug":"wpdesk-flexible-refund-order-for-woocommerce-pro","status":"publish","type":"product","link":"https:\/\/gpl-love.com\/es\/producto\/wpdesk-flexible-refund-order-for-woocommerce-pro\/","title":{"rendered":"WPDesk Flexible Product Fields Pro 2.10.1"},"content":{"rendered":"<h3>WPDesk Flexible Product Fields Pro Caracteristicas<\/h3>\n<p>Aprovecha al m\u00e1ximo tu tienda WooCommerce con WPDesk Flexible Product Fields Pro. Esta potente herramienta est\u00e1 dise\u00f1ada para optimizar tus p\u00e1ginas de producto, permiti\u00e9ndote a\u00f1adir campos personalizados sin esfuerzo. Adapta las opciones de tus productos para satisfacer las necesidades \u00fanicas de tus clientes y mejorar su experiencia de compra. Con WPDesk Flexible Product Fields Pro, puedes crear f\u00e1cilmente campos de texto, men\u00fas desplegables y casillas de verificaci\u00f3n, lo que te da la flexibilidad de recopilar cualquier informaci\u00f3n que necesites.<\/p>\n<p>Este plugin es perfecto para tiendas que ofrecen productos o servicios personalizados, ya que te permite capturar las preferencias espec\u00edficas de los clientes. Su interfaz intuitiva garantiza que incluso aquellos con conocimientos t\u00e9cnicos m\u00ednimos puedan gestionar y personalizar los campos f\u00e1cilmente. Adem\u00e1s, WPDesk Flexible Product Fields Pro se integra a la perfecci\u00f3n con tu configuraci\u00f3n de WooCommerce, garantizando un funcionamiento fluido y sin problemas de compatibilidad.<\/p>\n<p>Impulsa tus ventas ofreciendo una experiencia de compra m\u00e1s personalizada. Ya sea que vendas camisetas personalizadas, regalos personalizados o servicios a medida, WPDesk Flexible Product Fields Pro te permite ofrecer exactamente lo que tus clientes desean.<\/p>\n<ul>\n<li>Campos de producto personalizables para WooCommerce<\/li>\n<li>Interfaz intuitiva para una configuraci\u00f3n sencilla<\/li>\n<li>Admite texto, men\u00fas desplegables, casillas de verificaci\u00f3n y m\u00e1s<\/li>\n<li>L\u00f3gica condicional para visualizaci\u00f3n din\u00e1mica de campos<\/li>\n<li>Compatibilidad con varios temas de WooCommerce<\/li>\n<li>Soporte multiling\u00fce para uso global<\/li>\n<li>Integraci\u00f3n con las pasarelas de pago m\u00e1s populares<\/li>\n<li>Reglas de precios avanzadas basadas en la selecci\u00f3n de campos<\/li>\n<li>Gesti\u00f3n mejorada de datos de productos en el panel de administraci\u00f3n<\/li>\n<\/ul>\n","protected":false},"excerpt":{"rendered":"<p>Presentamos WPDesk Flexible Product Fields Pro: la soluci\u00f3n definitiva para la personalizaci\u00f3n din\u00e1mica de productos. Esta potente herramienta te permite a\u00f1adir f\u00e1cilmente campos personalizados a tus productos de WooCommerce, mejorando la experiencia del usuario e impulsando las ventas. Con su interfaz intuitiva y su integraci\u00f3n fluida, puedes adaptar las opciones de producto a las necesidades del cliente, aumentando as\u00ed su satisfacci\u00f3n y fidelizaci\u00f3n. Perfecto para empresas que buscan ofrecer experiencias de compra personalizadas, WPDesk Flexible Product Fields Pro es tu plugin ideal para disfrutar de flexibilidad, simplicidad y eficacia. Optimiza tu estrategia de comercio electr\u00f3nico hoy mismo y observa c\u00f3mo tus tasas de conversi\u00f3n se disparan.<\/p>\n","protected":false},"featured_media":169567,"comment_status":"open","ping_status":"open","template":"","meta":[],"product_brand":[2454],"product_cat":[1207,1248,1206],"product_tag":[1716],"class_list":{"0":"post-169570","1":"product","2":"type-product","3":"status-publish","4":"has-post-thumbnail","6":"product_brand-wp-desk","7":"product_cat-comercio-electronico-plugins","8":"product_cat-personalizacion-comercio-electronico-plugins","9":"product_cat-plugins","10":"product_tag-wp-desk","11":"member-discount","12":"discount-restricted","14":"first","15":"instock","16":"sale","17":"downloadable","18":"virtual","19":"sold-individually","20":"purchasable","21":"product-type-simple"},"_links":{"self":[{"href":"https:\/\/gpl-love.com\/es\/wp-json\/wp\/v2\/product\/169570","targetHints":{"allow":["GET"]}}],"collection":[{"href":"https:\/\/gpl-love.com\/es\/wp-json\/wp\/v2\/product"}],"about":[{"href":"https:\/\/gpl-love.com\/es\/wp-json\/wp\/v2\/types\/product"}],"replies":[{"embeddable":true,"href":"https:\/\/gpl-love.com\/es\/wp-json\/wp\/v2\/comments?post=169570"}],"wp:featuredmedia":[{"embeddable":true,"href":"https:\/\/gpl-love.com\/es\/wp-json\/wp\/v2\/media\/169567"}],"wp:attachment":[{"href":"https:\/\/gpl-love.com\/es\/wp-json\/wp\/v2\/media?parent=169570"}],"wp:term":[{"taxonomy":"product_brand","embeddable":true,"href":"https:\/\/gpl-love.com\/es\/wp-json\/wp\/v2\/product_brand?post=169570"},{"taxonomy":"product_cat","embeddable":true,"href":"https:\/\/gpl-love.com\/es\/wp-json\/wp\/v2\/product_cat?post=169570"},{"taxonomy":"product_tag","embeddable":true,"href":"https:\/\/gpl-love.com\/es\/wp-json\/wp\/v2\/product_tag?post=169570"}],"curies":[{"name":"wp","href":"https:\/\/api.w.org\/{rel}","templated":true}]}}