{"id":169568,"date":"2025-12-07T00:00:00","date_gmt":"2025-12-07T05:00:00","guid":{"rendered":"https:\/\/gpl-love.com\/es\/producto\/wpdesk-flexible-quantity-pro\/"},"modified":"2026-03-09T08:51:53","modified_gmt":"2026-03-09T13:51:53","slug":"wpdesk-flexible-quantity-pro","status":"publish","type":"product","link":"https:\/\/gpl-love.com\/es\/producto\/wpdesk-flexible-quantity-pro\/","title":{"rendered":"WPDesk Flexible PDF Coupons Pro para WooCommerce \/ Shortcodes 1.0.31"},"content":{"rendered":"<h3>WPDesk Flexible PDF Coupons Pro para WooCommerce \/ Shortcodes Caracteristicas<\/h3>\n<p>Presentamos WPDesk Flexible PDF Coupons Pro para WooCommerce, la herramienta definitiva para impulsar las ventas de tu tienda online f\u00e1cilmente. Dise\u00f1ado a la perfecci\u00f3n para WooCommerce, este plugin te permite crear cupones PDF personalizables que atraen a tus clientes y mejoran su experiencia de compra.<\/p>\n<p>Con WPDesk Flexible PDF Coupons Pro, puedes generar f\u00e1cilmente cupones \u00fanicos y visualmente atractivos, adaptados al estilo de tu marca. Ya sea que est\u00e9s lanzando una promoci\u00f3n especial u ofreciendo descuentos exclusivos, estos cupones PDF son una forma eficaz de fidelizar a tus clientes y aumentar las conversiones.<\/p>\n<p>La interfaz intuitiva y las completas funciones del plugin facilitan la gesti\u00f3n y distribuci\u00f3n de cupones. Utiliza shortcodes para integrar cupones a la perfecci\u00f3n en tus p\u00e1ginas de producto, correos electr\u00f3nicos o boletines informativos, asegurando que tus clientes no se pierdan ninguna oferta. La flexibilidad de este plugin te permite establecer l\u00edmites de uso espec\u00edficos, fechas de caducidad y m\u00e1s, d\u00e1ndote control total sobre tus estrategias promocionales.<\/p>\n<p>Potencia tu tienda WooCommerce con WPDesk Flexible PDF Coupons Pro y observa c\u00f3mo tu negocio prospera.<\/p>\n<ul>\n<li>Integraci\u00f3n perfecta con WooCommerce<\/li>\n<li>Genera cupones PDF personalizables<\/li>\n<li>Compatibilidad con shortcodes para optimizar la funcionalidad de tus cupones<\/li>\n<li>Dise\u00f1os y plantillas de cupones personalizables<\/li>\n<li>Env\u00edo autom\u00e1tico de cupones PDF por correo electr\u00f3nico<\/li>\n<li>Establece fechas de caducidad y l\u00edmites de uso para los cupones<\/li>\n<li>Compatibilidad con varios plugins de WooCommerce<\/li>\n<li>Soporte multiling\u00fce para usuarios de todo el mundo<\/li>\n<li>Interfaz intuitiva para gestionar cupones<\/li>\n<\/ul>\n","protected":false},"excerpt":{"rendered":"<p>Presentamos WPDesk Flexible PDF Coupons Pro para WooCommerce, la soluci\u00f3n definitiva para crear cupones digitales personalizados que impulsen tus ventas. Con una integraci\u00f3n perfecta, este potente plugin te permite generar f\u00e1cilmente cupones PDF incre\u00edbles con shortcodes personalizables. Mejora tu estrategia de marketing ofreciendo descuentos exclusivos, fidelizando a tus clientes y aumentando las conversiones. Perfecta para cualquier tienda WooCommerce, esta herramienta simplifica la gesti\u00f3n de cupones y ofrece una experiencia de compra \u00fanica. Descubre hoy mismo la facilidad de uso y la flexibilidad que WPDesk Flexible PDF Coupons Pro aporta a tu plataforma de comercio electr\u00f3nico.<\/p>\n","protected":false},"featured_media":169565,"comment_status":"open","ping_status":"open","template":"","meta":[],"product_brand":[2454],"product_cat":[1207,1225,1206],"product_tag":[1716],"class_list":{"0":"post-169568","1":"product","2":"type-product","3":"status-publish","4":"has-post-thumbnail","6":"product_brand-wp-desk","7":"product_cat-comercio-electronico-plugins","8":"product_cat-marketing","9":"product_cat-plugins","10":"product_tag-wp-desk","11":"member-discount","12":"discount-restricted","14":"first","15":"instock","16":"sale","17":"downloadable","18":"virtual","19":"sold-individually","20":"purchasable","21":"product-type-simple"},"_links":{"self":[{"href":"https:\/\/gpl-love.com\/es\/wp-json\/wp\/v2\/product\/169568","targetHints":{"allow":["GET"]}}],"collection":[{"href":"https:\/\/gpl-love.com\/es\/wp-json\/wp\/v2\/product"}],"about":[{"href":"https:\/\/gpl-love.com\/es\/wp-json\/wp\/v2\/types\/product"}],"replies":[{"embeddable":true,"href":"https:\/\/gpl-love.com\/es\/wp-json\/wp\/v2\/comments?post=169568"}],"wp:featuredmedia":[{"embeddable":true,"href":"https:\/\/gpl-love.com\/es\/wp-json\/wp\/v2\/media\/169565"}],"wp:attachment":[{"href":"https:\/\/gpl-love.com\/es\/wp-json\/wp\/v2\/media?parent=169568"}],"wp:term":[{"taxonomy":"product_brand","embeddable":true,"href":"https:\/\/gpl-love.com\/es\/wp-json\/wp\/v2\/product_brand?post=169568"},{"taxonomy":"product_cat","embeddable":true,"href":"https:\/\/gpl-love.com\/es\/wp-json\/wp\/v2\/product_cat?post=169568"},{"taxonomy":"product_tag","embeddable":true,"href":"https:\/\/gpl-love.com\/es\/wp-json\/wp\/v2\/product_tag?post=169568"}],"curies":[{"name":"wp","href":"https:\/\/api.w.org\/{rel}","templated":true}]}}