{"id":169566,"date":"2026-03-08T00:00:00","date_gmt":"2026-03-08T05:00:00","guid":{"rendered":"https:\/\/gpl-love.com\/es\/producto\/wpdesk-flexible-product-fields-pro\/"},"modified":"2026-03-09T08:51:52","modified_gmt":"2026-03-09T13:51:52","slug":"wpdesk-flexible-product-fields-pro","status":"publish","type":"product","link":"https:\/\/gpl-love.com\/es\/producto\/wpdesk-flexible-product-fields-pro\/","title":{"rendered":"WPDesk Flexible PDF Coupons Pro Event Ticket QR Scanner 1.2.11"},"content":{"rendered":"<h3>WPDesk Flexible PDF Coupons Pro Event Ticket QR Scanner Caracteristicas<\/h3>\n<p>Presentamos WPDesk Flexible PDF Coupons Pro, \u00a1la soluci\u00f3n definitiva para la venta de entradas de tus eventos! Esta innovadora herramienta optimiza la gesti\u00f3n de tus eventos con su avanzada funci\u00f3n de esc\u00e1ner QR, garantizando una experiencia fluida tanto para organizadores como para asistentes.<\/p>\n<p>Con WPDesk Flexible PDF Coupons Pro, puedes generar f\u00e1cilmente cupones PDF personalizables para cualquier evento. Ya sea que organices un concierto, una conferencia o un taller, esta vers\u00e1til herramienta se adapta a tus necesidades, permiti\u00e9ndote ofrecer descuentos y promociones exclusivas que atraen a m\u00e1s participantes.<\/p>\n<p>Nuestra innovadora tecnolog\u00eda de esc\u00e1ner QR simplifica la validaci\u00f3n de entradas. Simplemente escanea el c\u00f3digo QR de las entradas de tus asistentes en la entrada del evento para una verificaci\u00f3n r\u00e1pida y precisa. Esto garantiza un acceso sin problemas, minimiza los tiempos de espera y mejora la satisfacci\u00f3n general del cliente.<\/p>\n<p>Dise\u00f1ado pensando en la facilidad de uso, WPDesk Flexible PDF Coupons Pro se integra a la perfecci\u00f3n con tus sistemas existentes. Su interfaz intuitiva facilita la configuraci\u00f3n y la gesti\u00f3n, incluso para quienes tienen poca experiencia t\u00e9cnica.<\/p>\n<p>Mejora tu experiencia de gesti\u00f3n de eventos hoy mismo con WPDesk Flexible<\/p>\n<ul>\n<li>Integraci\u00f3n perfecta con los plugins de WPDesk<\/li>\n<li>Genera cupones PDF personalizables y entradas para eventos<\/li>\n<li>Incluye generaci\u00f3n de c\u00f3digos QR para facilitar su escaneo<\/li>\n<li>Compatible con m\u00faltiples tipos de entradas y dise\u00f1os de cupones<\/li>\n<li>Permite el escaneo de c\u00f3digos QR optimizado para dispositivos m\u00f3viles<\/li>\n<li>Env\u00edo autom\u00e1tico de entradas y cupones por correo electr\u00f3nico<\/li>\n<li>Distribuci\u00f3n segura y cifrada de entradas<\/li>\n<li>Validaci\u00f3n de entradas en tiempo real en eventos<\/li>\n<li>Interfaz intuitiva para una f\u00e1cil configuraci\u00f3n y gesti\u00f3n<\/li>\n<li>Compatible con las principales plataformas de comercio electr\u00f3nico<\/li>\n<\/ul>\n","protected":false},"excerpt":{"rendered":"<p>Presentamos Flexible PDF Coupons Pro de WPDesk, la soluci\u00f3n definitiva para una gesti\u00f3n de eventos fluida. Con esta potente herramienta, puede generar f\u00e1cilmente cupones PDF personalizados y entradas para eventos, con un lector QR din\u00e1mico para una validaci\u00f3n r\u00e1pida y sencilla. Mejore la interacci\u00f3n con los clientes y agilice el registro con nuestra interfaz intuitiva. Tanto si organiza una peque\u00f1a reuni\u00f3n como una gran conferencia, este vers\u00e1til software garantiza una experiencia fluida tanto para organizadores como para asistentes. \u00a1Transforme su proceso de venta de entradas hoy mismo con Flexible PDF Coupons Pro de WPDesk!<\/p>\n","protected":false},"featured_media":169563,"comment_status":"open","ping_status":"open","template":"","meta":[],"product_brand":[2454],"product_cat":[1232,1206,1211],"product_tag":[1716],"class_list":{"0":"post-169566","1":"product","2":"type-product","3":"status-publish","4":"has-post-thumbnail","6":"product_brand-wp-desk","7":"product_cat-marketing-wordpress-plugins","8":"product_cat-plugins","9":"product_cat-wordpress-plugins","10":"product_tag-wp-desk","11":"member-discount","12":"discount-restricted","14":"first","15":"instock","16":"sale","17":"downloadable","18":"virtual","19":"sold-individually","20":"purchasable","21":"product-type-simple"},"_links":{"self":[{"href":"https:\/\/gpl-love.com\/es\/wp-json\/wp\/v2\/product\/169566","targetHints":{"allow":["GET"]}}],"collection":[{"href":"https:\/\/gpl-love.com\/es\/wp-json\/wp\/v2\/product"}],"about":[{"href":"https:\/\/gpl-love.com\/es\/wp-json\/wp\/v2\/types\/product"}],"replies":[{"embeddable":true,"href":"https:\/\/gpl-love.com\/es\/wp-json\/wp\/v2\/comments?post=169566"}],"wp:featuredmedia":[{"embeddable":true,"href":"https:\/\/gpl-love.com\/es\/wp-json\/wp\/v2\/media\/169563"}],"wp:attachment":[{"href":"https:\/\/gpl-love.com\/es\/wp-json\/wp\/v2\/media?parent=169566"}],"wp:term":[{"taxonomy":"product_brand","embeddable":true,"href":"https:\/\/gpl-love.com\/es\/wp-json\/wp\/v2\/product_brand?post=169566"},{"taxonomy":"product_cat","embeddable":true,"href":"https:\/\/gpl-love.com\/es\/wp-json\/wp\/v2\/product_cat?post=169566"},{"taxonomy":"product_tag","embeddable":true,"href":"https:\/\/gpl-love.com\/es\/wp-json\/wp\/v2\/product_tag?post=169566"}],"curies":[{"name":"wp","href":"https:\/\/api.w.org\/{rel}","templated":true}]}}