{"id":169564,"date":"2026-01-28T00:00:00","date_gmt":"2026-01-28T05:00:00","guid":{"rendered":"https:\/\/gpl-love.com\/es\/producto\/wpdesk-flexible-pdf-coupons-pro-for-woocommerce-shortcodes\/"},"modified":"2026-03-09T08:51:50","modified_gmt":"2026-03-09T13:51:50","slug":"wpdesk-flexible-pdf-coupons-pro-for-woocommerce-shortcodes","status":"publish","type":"product","link":"https:\/\/gpl-love.com\/es\/producto\/wpdesk-flexible-pdf-coupons-pro-for-woocommerce-shortcodes\/","title":{"rendered":"WPDesk Flexible Checkout Fields Pro 4.0.25"},"content":{"rendered":"<h3>WPDesk Flexible Checkout Fields Pro Caracteristicas<\/h3>\n<p>Transforma la experiencia de pago de tu tienda WooCommerce con WPDesk Flexible Checkout Fields Pro. Este potente plugin te permite personalizar y optimizar tus campos de pago sin esfuerzo. Con WPDesk Flexible Checkout Fields Pro, puedes a\u00f1adir, editar o eliminar campos para satisfacer las necesidades de tu negocio y mejorar la satisfacci\u00f3n del cliente. Personaliza tu proceso de pago reorganizando los campos, a\u00f1adiendo \u00fatiles descripciones emergentes y usando l\u00f3gica condicional para mostrar los campos seg\u00fan las preferencias del cliente.<\/p>\n<p>WPDesk Flexible Checkout Fields Pro garantiza una experiencia de pago fluida y eficiente, reduciendo el abandono del carrito y aumentando las conversiones. Su interfaz intuitiva lo hace f\u00e1cil de usar para cualquier persona, independientemente de su experiencia t\u00e9cnica. Con este plugin, tienes la flexibilidad de a\u00f1adir campos como casillas de verificaci\u00f3n, botones de opci\u00f3n y selectores de fecha, lo que lo hace perfecto para cualquier sector.<\/p>\n<p>Ya sea que necesites recopilar informaci\u00f3n adicional o mejorar la experiencia del usuario, WPDesk Flexible Checkout Fields Pro es la soluci\u00f3n definitiva. \u00danete a miles de usuarios satisfechos que han mejorado su proceso de pago con este plugin de alta calificaci\u00f3n.<\/p>\n<ul>\n<li>Personaliza los campos de pago para WooCommerce<\/li>\n<li>L\u00f3gica condicional para la visualizaci\u00f3n din\u00e1mica de campos<\/li>\n<li>Compatibilidad con tipos de campos personalizados (p. ej., texto, fecha, selecci\u00f3n)<\/li>\n<li>Ordenaci\u00f3n de campos sencilla con solo arrastrar y soltar<\/li>\n<li>Integraci\u00f3n con extensiones populares de WooCommerce<\/li>\n<li>Compatibilidad con plugins multiling\u00fces<\/li>\n<li>Validaci\u00f3n de campos y enmascaramiento de entrada<\/li>\n<li>Opci\u00f3n para a\u00f1adir, editar o eliminar campos predeterminados de WooCommerce<\/li>\n<li>Compatibilidad con m\u00faltiples sitios para instalaciones en red<\/li>\n<li>F\u00e1cil de usar para desarrolladores con ganchos y filtros<\/li>\n<\/ul>\n","protected":false},"excerpt":{"rendered":"<p>Presentamos WPDesk Flexible Checkout Fields Pro, la soluci\u00f3n definitiva para personalizar tu experiencia de pago en WooCommerce. Con su interfaz intuitiva, este potente plugin te permite a\u00f1adir, eliminar y editar f\u00e1cilmente los campos de pago, mejorando as\u00ed la satisfacci\u00f3n del cliente. Impulsa tus ventas con funciones avanzadas como l\u00f3gica condicional, validaci\u00f3n de campos y tipos de campos personalizados. Perfecto para cualquier tienda online, WPDesk Flexible Checkout Fields Pro ofrece una integraci\u00f3n perfecta, garantizando un proceso de pago fluido y eficiente. Al optimizar tu p\u00e1gina de pago, puedes reducir el abandono del carrito y aumentar las tasas de conversi\u00f3n. Transforma tu tienda WooCommerce hoy mismo con este plugin imprescindible para una experiencia de compra a tu medida.<\/p>\n","protected":false},"featured_media":166119,"comment_status":"open","ping_status":"open","template":"","meta":[],"product_brand":[2454],"product_cat":[1207,1248,1206],"product_tag":[1716],"class_list":{"0":"post-169564","1":"product","2":"type-product","3":"status-publish","4":"has-post-thumbnail","6":"product_brand-wp-desk","7":"product_cat-comercio-electronico-plugins","8":"product_cat-personalizacion-comercio-electronico-plugins","9":"product_cat-plugins","10":"product_tag-wp-desk","11":"member-discount","12":"discount-restricted","14":"first","15":"instock","16":"sale","17":"downloadable","18":"virtual","19":"sold-individually","20":"purchasable","21":"product-type-simple"},"_links":{"self":[{"href":"https:\/\/gpl-love.com\/es\/wp-json\/wp\/v2\/product\/169564","targetHints":{"allow":["GET"]}}],"collection":[{"href":"https:\/\/gpl-love.com\/es\/wp-json\/wp\/v2\/product"}],"about":[{"href":"https:\/\/gpl-love.com\/es\/wp-json\/wp\/v2\/types\/product"}],"replies":[{"embeddable":true,"href":"https:\/\/gpl-love.com\/es\/wp-json\/wp\/v2\/comments?post=169564"}],"wp:featuredmedia":[{"embeddable":true,"href":"https:\/\/gpl-love.com\/es\/wp-json\/wp\/v2\/media\/166119"}],"wp:attachment":[{"href":"https:\/\/gpl-love.com\/es\/wp-json\/wp\/v2\/media?parent=169564"}],"wp:term":[{"taxonomy":"product_brand","embeddable":true,"href":"https:\/\/gpl-love.com\/es\/wp-json\/wp\/v2\/product_brand?post=169564"},{"taxonomy":"product_cat","embeddable":true,"href":"https:\/\/gpl-love.com\/es\/wp-json\/wp\/v2\/product_cat?post=169564"},{"taxonomy":"product_tag","embeddable":true,"href":"https:\/\/gpl-love.com\/es\/wp-json\/wp\/v2\/product_tag?post=169564"}],"curies":[{"name":"wp","href":"https:\/\/api.w.org\/{rel}","templated":true}]}}