{"id":169562,"date":"2026-03-08T00:00:00","date_gmt":"2026-03-08T05:00:00","guid":{"rendered":"https:\/\/gpl-love.com\/es\/producto\/wpdesk-flexible-pdf-coupons-pro-event-ticket-qr-scanner\/"},"modified":"2026-03-09T08:51:47","modified_gmt":"2026-03-09T13:51:47","slug":"wpdesk-flexible-pdf-coupons-pro-event-ticket-qr-scanner","status":"publish","type":"product","link":"https:\/\/gpl-love.com\/es\/producto\/wpdesk-flexible-pdf-coupons-pro-event-ticket-qr-scanner\/","title":{"rendered":"WPDesk Dropshipping XML WooCommerce Pro FTP addon 2.11.19"},"content":{"rendered":"<h3>WPDesk Dropshipping XML WooCommerce Pro FTP addon Caracteristicas<\/h3>\n<p>Descubre el poder del comercio electr\u00f3nico sin interrupciones con el complemento FTP WPDesk Dropshipping XML WooCommerce Pro. Dise\u00f1ado para optimizar tu tienda online, este complemento se integra a la perfecci\u00f3n con WooCommerce, simplificando el dropshipping. Con la innovadora tecnolog\u00eda de WPDesk, puedes sincronizar autom\u00e1ticamente los datos de tus productos mediante XML, garantizando que tu inventario est\u00e9 siempre actualizado.<\/p>\n<p>Este complemento Pro mejora las capacidades de tu tienda al ser compatible con conexiones FTP, lo que permite una transferencia de datos eficiente directamente desde los proveedores. Olv\u00eddate de las actualizaciones manuales y disfruta de operaciones optimizadas. Tanto si est\u00e1s ampliando tu gama de productos como optimizando tu cadena de suministro, el complemento FTP WPDesk Dropshipping XML WooCommerce Pro es la soluci\u00f3n definitiva.<\/p>\n<p>Interact\u00faa con tus clientes con informaci\u00f3n precisa sobre los productos y su disponibilidad, mejorando su experiencia de compra y tus ventas. Ideal para propietarios de tiendas que buscan maximizar la eficiencia, este complemento te ahorra tiempo y reduce los errores. Transforma tu tienda WooCommerce hoy mismo con el innovador complemento de dropshipping de WPDesk.<\/p>\n<ul>\n<li>Integraci\u00f3n perfecta con WooCommerce para optimizar las operaciones de dropshipping<\/li>\n<li>Admite la importaci\u00f3n de feeds XML para actualizaciones autom\u00e1ticas de productos<\/li>\n<li>Complemento FTP para transferencias de archivos seguras y eficientes<\/li>\n<li>Configuraci\u00f3n de importaci\u00f3n personalizable para adaptarse a las necesidades de su tienda<\/li>\n<li>Actualizaciones autom\u00e1ticas del nivel de stock para evitar la sobreventa<\/li>\n<li>Importaciones programadas para mantener los datos de los productos actualizados<\/li>\n<li>Compatibilidad con m\u00faltiples proveedores para un abastecimiento vers\u00e1til<\/li>\n<li>Interfaz intuitiva para una configuraci\u00f3n y gesti\u00f3n sencillas<\/li>\n<li>Registros e informes detallados para el seguimiento de las actividades de importaci\u00f3n<\/li>\n<li>Admite importaciones masivas de productos para ahorrar tiempo y esfuerzo<\/li>\n<\/ul>\n","protected":false},"excerpt":{"rendered":"<p>Presentamos el complemento FTP WPDesk Dropshipping XML WooCommerce Pro: la soluci\u00f3n definitiva para operaciones de comercio electr\u00f3nico fluidas. Esta potente herramienta simplifica tu proceso de dropshipping integrando la automatizaci\u00f3n XML directamente en tu tienda WooCommerce. Con funciones FTP, gestiona f\u00e1cilmente los datos de productos, las actualizaciones de inventario y el procesamiento de pedidos. Experimenta una mayor eficiencia, reduce la carga de trabajo manual y aumenta el potencial de ventas. Perfecto para empresas que buscan optimizar sus operaciones y aumentar la rentabilidad. Mejora tu tienda WooCommerce con este complemento esencial y observa c\u00f3mo se dispara el rendimiento de tu comercio electr\u00f3nico.<\/p>\n","protected":false},"featured_media":169560,"comment_status":"open","ping_status":"open","template":"","meta":[],"product_brand":[2454],"product_cat":[1208,1207,1206],"product_tag":[1716],"class_list":{"0":"post-169562","1":"product","2":"type-product","3":"status-publish","4":"has-post-thumbnail","6":"product_brand-wp-desk","7":"product_cat-administracion","8":"product_cat-comercio-electronico-plugins","9":"product_cat-plugins","10":"product_tag-wp-desk","11":"member-discount","12":"discount-restricted","14":"first","15":"instock","16":"sale","17":"downloadable","18":"virtual","19":"sold-individually","20":"purchasable","21":"product-type-simple"},"_links":{"self":[{"href":"https:\/\/gpl-love.com\/es\/wp-json\/wp\/v2\/product\/169562","targetHints":{"allow":["GET"]}}],"collection":[{"href":"https:\/\/gpl-love.com\/es\/wp-json\/wp\/v2\/product"}],"about":[{"href":"https:\/\/gpl-love.com\/es\/wp-json\/wp\/v2\/types\/product"}],"replies":[{"embeddable":true,"href":"https:\/\/gpl-love.com\/es\/wp-json\/wp\/v2\/comments?post=169562"}],"wp:featuredmedia":[{"embeddable":true,"href":"https:\/\/gpl-love.com\/es\/wp-json\/wp\/v2\/media\/169560"}],"wp:attachment":[{"href":"https:\/\/gpl-love.com\/es\/wp-json\/wp\/v2\/media?parent=169562"}],"wp:term":[{"taxonomy":"product_brand","embeddable":true,"href":"https:\/\/gpl-love.com\/es\/wp-json\/wp\/v2\/product_brand?post=169562"},{"taxonomy":"product_cat","embeddable":true,"href":"https:\/\/gpl-love.com\/es\/wp-json\/wp\/v2\/product_cat?post=169562"},{"taxonomy":"product_tag","embeddable":true,"href":"https:\/\/gpl-love.com\/es\/wp-json\/wp\/v2\/product_tag?post=169562"}],"curies":[{"name":"wp","href":"https:\/\/api.w.org\/{rel}","templated":true}]}}