{"id":169561,"date":"2026-03-13T00:00:00","date_gmt":"2026-03-13T05:00:00","guid":{"rendered":"https:\/\/gpl-love.com\/es\/producto\/wpdesk-flexible-checkout-fields-pro\/"},"modified":"2026-03-13T11:17:20","modified_gmt":"2026-03-13T16:17:20","slug":"wpdesk-flexible-checkout-fields-pro","status":"publish","type":"product","link":"https:\/\/gpl-love.com\/es\/producto\/wpdesk-flexible-checkout-fields-pro\/","title":{"rendered":"WPDesk Dropshipping Export Orders Pro 1.1.6"},"content":{"rendered":"<h3>WPDesk Dropshipping Export Orders Pro Caracteristicas<\/h3>\n<p>Presentamos WPDesk Dropshipping Export Orders Pro, la soluci\u00f3n definitiva para optimizar tus operaciones de comercio electr\u00f3nico. Esta potente herramienta est\u00e1 dise\u00f1ada para optimizar tu negocio de dropshipping, facilitando la exportaci\u00f3n de pedidos. Olv\u00eddate de la entrada manual de datos y dale la bienvenida a la automatizaci\u00f3n con la tecnolog\u00eda de vanguardia de WPDesk.<\/p>\n<p>WPDesk Dropshipping Export Orders Pro simplifica tu flujo de trabajo, permiti\u00e9ndote exportar pedidos sin esfuerzo. Con solo unos clics, puedes exportar los datos de tus pedidos en un formato compatible con tus proveedores. Esto garantiza un procesamiento r\u00e1pido y preciso, mejorando la satisfacci\u00f3n de tus clientes y la eficiencia de tu negocio.<\/p>\n<p>Nuestra interfaz intuitiva facilita la navegaci\u00f3n y el uso eficaz de las funciones. Tanto si eres un peque\u00f1o negocio como un gran minorista, WPDesk Dropshipping Export Orders Pro se adapta a tus necesidades y ofrece soluciones escalables para empresas de todos los tama\u00f1os.<\/p>\n<p>Mantente a la vanguardia de la competencia optimizando tu proceso de gesti\u00f3n de pedidos con WPDesk Dropshipping Export Orders Pro. Disfruta de una mayor productividad y m\u00e1s tiempo para dedicarte al crecimiento de tu negocio.<\/p>\n<ul>\n<li>Integraci\u00f3n perfecta con las plataformas de comercio electr\u00f3nico m\u00e1s populares<\/li>\n<li>Funcionalidad de exportaci\u00f3n automatizada de pedidos<\/li>\n<li>Formatos de archivo de exportaci\u00f3n personalizables<\/li>\n<li>Sincronizaci\u00f3n en tiempo real de los datos de los pedidos<\/li>\n<li>Compatibilidad con m\u00faltiples proveedores de dropshipping<\/li>\n<li>Interfaz intuitiva para una f\u00e1cil configuraci\u00f3n y gesti\u00f3n<\/li>\n<li>Exportaciones programadas para optimizar el flujo de trabajo<\/li>\n<li>Gesti\u00f3n y procesamiento seguros de datos<\/li>\n<li>Compatibilidad con diversas empresas de transporte<\/li>\n<li>Registros detallados de exportaci\u00f3n para el seguimiento y la resoluci\u00f3n de problemas<\/li>\n<\/ul>\n","protected":false},"excerpt":{"rendered":"<p>Presentamos WPDesk Dropshipping Export Orders Pro, la soluci\u00f3n definitiva para una gesti\u00f3n eficiente del comercio electr\u00f3nico. Integra tu negocio de dropshipping a la perfecci\u00f3n con esta potente herramienta, dise\u00f1ada para optimizar la exportaci\u00f3n de pedidos y optimizar tu flujo de trabajo. Con su interfaz intuitiva, el plugin ofrece funciones de exportaci\u00f3n automatizadas, ahorr\u00e1ndote tiempo y reduciendo errores. Impulsa tu productividad y garantiza operaciones fluidas con esta herramienta esencial para minoristas online. WPDesk Dropshipping Export Orders Pro es la clave para optimizar la eficiencia y maximizar las ganancias. Transforma tu negocio de comercio electr\u00f3nico hoy mismo y disfruta de los beneficios de una integraci\u00f3n perfecta y un rendimiento fiable.<\/p>\n","protected":false},"featured_media":169558,"comment_status":"open","ping_status":"open","template":"","meta":[],"product_brand":[2454],"product_cat":[1208,1207,1206],"product_tag":[1716],"class_list":{"0":"post-169561","1":"product","2":"type-product","3":"status-publish","4":"has-post-thumbnail","6":"product_brand-wp-desk","7":"product_cat-administracion","8":"product_cat-comercio-electronico-plugins","9":"product_cat-plugins","10":"product_tag-wp-desk","11":"member-discount","12":"discount-restricted","14":"first","15":"instock","16":"sale","17":"downloadable","18":"virtual","19":"sold-individually","20":"purchasable","21":"product-type-simple"},"_links":{"self":[{"href":"https:\/\/gpl-love.com\/es\/wp-json\/wp\/v2\/product\/169561","targetHints":{"allow":["GET"]}}],"collection":[{"href":"https:\/\/gpl-love.com\/es\/wp-json\/wp\/v2\/product"}],"about":[{"href":"https:\/\/gpl-love.com\/es\/wp-json\/wp\/v2\/types\/product"}],"replies":[{"embeddable":true,"href":"https:\/\/gpl-love.com\/es\/wp-json\/wp\/v2\/comments?post=169561"}],"wp:featuredmedia":[{"embeddable":true,"href":"https:\/\/gpl-love.com\/es\/wp-json\/wp\/v2\/media\/169558"}],"wp:attachment":[{"href":"https:\/\/gpl-love.com\/es\/wp-json\/wp\/v2\/media?parent=169561"}],"wp:term":[{"taxonomy":"product_brand","embeddable":true,"href":"https:\/\/gpl-love.com\/es\/wp-json\/wp\/v2\/product_brand?post=169561"},{"taxonomy":"product_cat","embeddable":true,"href":"https:\/\/gpl-love.com\/es\/wp-json\/wp\/v2\/product_cat?post=169561"},{"taxonomy":"product_tag","embeddable":true,"href":"https:\/\/gpl-love.com\/es\/wp-json\/wp\/v2\/product_tag?post=169561"}],"curies":[{"name":"wp","href":"https:\/\/api.w.org\/{rel}","templated":true}]}}