{"id":169559,"date":"2025-05-27T00:00:00","date_gmt":"2025-05-27T05:00:00","guid":{"rendered":"https:\/\/gpl-love.com\/es\/producto\/wpdesk-dropshipping-xml-woocommerce-pro-ftp-addon\/"},"modified":"2026-03-09T08:51:44","modified_gmt":"2026-03-09T13:51:44","slug":"wpdesk-dropshipping-xml-woocommerce-pro-ftp-addon","status":"publish","type":"product","link":"https:\/\/gpl-love.com\/es\/producto\/wpdesk-dropshipping-xml-woocommerce-pro-ftp-addon\/","title":{"rendered":"Admin Columns Pro Yoast 1.2"},"content":{"rendered":"<h3>Admin Columns Pro Yoast Caracteristicas<\/h3>\n<p>Mejora tu experiencia en WordPress con Admin Columns Pro, la herramienta definitiva para optimizar el backend de tu sitio web. Dise\u00f1ado para integrarse a la perfecci\u00f3n con Yoast SEO, Admin Columns Pro transforma tu panel de administraci\u00f3n en un aut\u00e9ntico motor de eficiencia. Olv\u00eddate de las b\u00fasquedas y desplazamientos interminables; nuestra interfaz intuitiva te permite organizar, filtrar y editar contenido f\u00e1cilmente.<\/p>\n<p>Descubre el potencial de tu sitio WordPress personalizando las columnas para mostrar exactamente lo que necesitas, cuando lo necesitas. Ya sea que gestiones entradas, usuarios o archivos multimedia, Admin Columns Pro te garantiza tener toda la informaci\u00f3n correcta al alcance de la mano. Adem\u00e1s, con sus rapid\u00edsimas funciones de ordenaci\u00f3n y filtrado, puedes optimizar tu flujo de trabajo y concentrarte en lo que realmente importa: crear contenido excepcional.<\/p>\n<ul>\n<li>Integraci\u00f3n perfecta con el plugin Yoast SEO<\/li>\n<li>Columnas personalizables para la administraci\u00f3n de WordPress<\/li>\n<li>Interfaz de arrastrar y soltar para una gesti\u00f3n sencilla de columnas<\/li>\n<li>Visualizaci\u00f3n de puntuaciones SEO directamente en las listas de administraci\u00f3n<\/li>\n<li>Edici\u00f3n r\u00e1pida de metadatos SEO sin salir de la p\u00e1gina de administraci\u00f3n<\/li>\n<li>Compatibilidad con tipos de entradas y taxonom\u00edas personalizadas<\/li>\n<li>Filtraci\u00f3n y ordenaci\u00f3n del contenido por campos SEO<\/li>\n<li>Visi\u00f3n general mejorada del rendimiento SEO del contenido<\/li>\n<li>Compatibilidad con WooCommerce y otros plugins populares<\/li>\n<\/ul>\n","protected":false},"excerpt":{"rendered":"<p>Presentamos Admin Columns Pro, la herramienta definitiva para optimizar tu experiencia en WordPress. Se integra perfectamente con Yoast para optimizar las capacidades SEO de tu sitio web. Con Admin Columns Pro, personaliza y organiza tu panel de administraci\u00f3n de WordPress f\u00e1cilmente, mejorando tu productividad y eficiencia. Experimenta el poder de la gesti\u00f3n intuitiva de columnas, que te permite ordenar, filtrar y editar contenido directamente desde las p\u00e1ginas de resumen. Dise\u00f1ado tanto para principiantes como para profesionales, este plugin garantiza un flujo de trabajo optimizado y una experiencia de usuario mejorada. Optimiza la gesti\u00f3n de tu sitio web con Admin Columns Pro y disfruta hoy mismo de un entorno WordPress m\u00e1s organizado, eficiente y optimizado para SEO.<\/p>\n","protected":false},"featured_media":169556,"comment_status":"open","ping_status":"open","template":"","meta":[],"product_brand":[2346],"product_cat":[1206,1360,1211],"product_tag":[1210],"class_list":{"0":"post-169559","1":"product","2":"type-product","3":"status-publish","4":"has-post-thumbnail","6":"product_brand-admin-columns-pro","7":"product_cat-plugins","8":"product_cat-seo","9":"product_cat-wordpress-plugins","10":"product_tag-admin-columns-pro","11":"member-discount","12":"discount-restricted","14":"first","15":"instock","16":"sale","17":"downloadable","18":"virtual","19":"sold-individually","20":"purchasable","21":"product-type-simple"},"_links":{"self":[{"href":"https:\/\/gpl-love.com\/es\/wp-json\/wp\/v2\/product\/169559","targetHints":{"allow":["GET"]}}],"collection":[{"href":"https:\/\/gpl-love.com\/es\/wp-json\/wp\/v2\/product"}],"about":[{"href":"https:\/\/gpl-love.com\/es\/wp-json\/wp\/v2\/types\/product"}],"replies":[{"embeddable":true,"href":"https:\/\/gpl-love.com\/es\/wp-json\/wp\/v2\/comments?post=169559"}],"wp:featuredmedia":[{"embeddable":true,"href":"https:\/\/gpl-love.com\/es\/wp-json\/wp\/v2\/media\/169556"}],"wp:attachment":[{"href":"https:\/\/gpl-love.com\/es\/wp-json\/wp\/v2\/media?parent=169559"}],"wp:term":[{"taxonomy":"product_brand","embeddable":true,"href":"https:\/\/gpl-love.com\/es\/wp-json\/wp\/v2\/product_brand?post=169559"},{"taxonomy":"product_cat","embeddable":true,"href":"https:\/\/gpl-love.com\/es\/wp-json\/wp\/v2\/product_cat?post=169559"},{"taxonomy":"product_tag","embeddable":true,"href":"https:\/\/gpl-love.com\/es\/wp-json\/wp\/v2\/product_tag?post=169559"}],"curies":[{"name":"wp","href":"https:\/\/api.w.org\/{rel}","templated":true}]}}