{"id":169557,"date":"2025-11-02T00:00:00","date_gmt":"2025-11-02T05:00:00","guid":{"rendered":"https:\/\/gpl-love.com\/es\/producto\/wpdesk-dropshipping-export-orders-pro\/"},"modified":"2026-03-09T08:51:43","modified_gmt":"2026-03-09T13:51:43","slug":"wpdesk-dropshipping-export-orders-pro","status":"publish","type":"product","link":"https:\/\/gpl-love.com\/es\/producto\/wpdesk-dropshipping-export-orders-pro\/","title":{"rendered":"Toolset Blocks 1.6.21"},"content":{"rendered":"<h3>Toolset Blocks Caracteristicas<\/h3>\n<p>Transforma el dise\u00f1o de tu sitio web de WordPress con Toolset Blocks, la soluci\u00f3n definitiva para crear contenido din\u00e1mico sin esfuerzo. Dise\u00f1ado para una integraci\u00f3n perfecta con el editor Gutenberg, Toolset Blocks te permite crear p\u00e1ginas impactantes con dise\u00f1o responsivo, garantizando que tu sitio se vea impecable en cualquier dispositivo. Olv\u00eddate de la programaci\u00f3n compleja: Toolset Blocks no requiere conocimientos de programaci\u00f3n, lo que lo hace accesible para todos.<\/p>\n<p>Con la posibilidad de crear tipos de entradas y campos personalizados, puedes adaptar tu sitio a cualquier nicho o necesidad empresarial. Ya sea que est\u00e9s creando un portafolio, un blog o un sitio de comercio electr\u00f3nico, las intuitivas herramientas de creaci\u00f3n de sitios web de Toolset agilizan el proceso de principio a fin.<\/p>\n<ul>\n<li>Editor intuitivo de arrastrar y soltar<\/li>\n<li>Amplia gama de opciones de bloques personalizables<\/li>\n<li>Totalmente compatible con temas de WordPress<\/li>\n<li>Dise\u00f1o responsivo para todos los dispositivos<\/li>\n<li>Integraci\u00f3n con plugins populares como WooCommerce<\/li>\n<li>Capacidades de visualizaci\u00f3n din\u00e1mica de contenido<\/li>\n<li>Estructuras de bloques optimizadas para SEO<\/li>\n<li>Opciones de estilo avanzadas para dise\u00f1os \u00fanicos<\/li>\n<li>Compatibilidad multiling\u00fce para un alcance global<\/li>\n<\/ul>\n","protected":false},"excerpt":{"rendered":"<p>Descubre el poder de Toolset Blocks, la soluci\u00f3n definitiva para crear sitios web din\u00e1micos de WordPress sin necesidad de programar. Con Toolset Blocks, puedes dise\u00f1ar f\u00e1cilmente dise\u00f1os personalizados, crear p\u00e1ginas responsivas y mejorar la funcionalidad con herramientas intuitivas de arrastrar y soltar. Integra f\u00e1cilmente tipos de entradas, campos y taxonom\u00edas personalizadas para adaptar tu sitio web a tus necesidades. Ideal para desarrolladores y dise\u00f1adores, Toolset Blocks optimiza tu flujo de trabajo, ahorrando tiempo y aumentando la productividad. Transforma tu experiencia en WordPress hoy mismo con la flexibilidad inigualable de Toolset Blocks y descubre un sinf\u00edn de posibilidades para tu sitio web.<\/p>\n","protected":false},"featured_media":169554,"comment_status":"open","ping_status":"open","template":"","meta":[],"product_brand":[2660],"product_cat":[1214,1206,1211],"product_tag":[2280],"class_list":{"0":"post-169557","1":"product","2":"type-product","3":"status-publish","4":"has-post-thumbnail","6":"product_brand-on-the-go-systems","7":"product_cat-personalizacion","8":"product_cat-plugins","9":"product_cat-wordpress-plugins","10":"product_tag-on-the-go-systems","11":"member-discount","12":"discount-restricted","14":"first","15":"instock","16":"sale","17":"downloadable","18":"virtual","19":"sold-individually","20":"purchasable","21":"product-type-simple"},"_links":{"self":[{"href":"https:\/\/gpl-love.com\/es\/wp-json\/wp\/v2\/product\/169557","targetHints":{"allow":["GET"]}}],"collection":[{"href":"https:\/\/gpl-love.com\/es\/wp-json\/wp\/v2\/product"}],"about":[{"href":"https:\/\/gpl-love.com\/es\/wp-json\/wp\/v2\/types\/product"}],"replies":[{"embeddable":true,"href":"https:\/\/gpl-love.com\/es\/wp-json\/wp\/v2\/comments?post=169557"}],"wp:featuredmedia":[{"embeddable":true,"href":"https:\/\/gpl-love.com\/es\/wp-json\/wp\/v2\/media\/169554"}],"wp:attachment":[{"href":"https:\/\/gpl-love.com\/es\/wp-json\/wp\/v2\/media?parent=169557"}],"wp:term":[{"taxonomy":"product_brand","embeddable":true,"href":"https:\/\/gpl-love.com\/es\/wp-json\/wp\/v2\/product_brand?post=169557"},{"taxonomy":"product_cat","embeddable":true,"href":"https:\/\/gpl-love.com\/es\/wp-json\/wp\/v2\/product_cat?post=169557"},{"taxonomy":"product_tag","embeddable":true,"href":"https:\/\/gpl-love.com\/es\/wp-json\/wp\/v2\/product_tag?post=169557"}],"curies":[{"name":"wp","href":"https:\/\/api.w.org\/{rel}","templated":true}]}}