{"id":169555,"date":"2025-10-18T00:00:00","date_gmt":"2025-10-18T05:00:00","guid":{"rendered":"https:\/\/gpl-love.com\/es\/producto\/admin-columns-pro-yoast\/"},"modified":"2026-03-09T08:51:42","modified_gmt":"2026-03-09T13:51:42","slug":"admin-columns-pro-yoast","status":"publish","type":"product","link":"https:\/\/gpl-love.com\/es\/producto\/admin-columns-pro-yoast\/","title":{"rendered":"Enhanced Cloudflare Turnstile 1.0.3"},"content":{"rendered":"<h3>Enhanced Cloudflare Turnstile Caracteristicas<\/h3>\n<p>Presentamos el Torniquete Cloudflare Mejorado, la soluci\u00f3n definitiva para un control de acceso seguro y sin interrupciones. Dise\u00f1ado para optimizar su infraestructura de seguridad, este torniquete avanzado integra tecnolog\u00eda de vanguardia con funciones intuitivas.<\/p>\n<p>Disfrute de una protecci\u00f3n inigualable con nuestro Torniquete Cloudflare Mejorado, dise\u00f1ado para brindar seguridad robusta sin comprometer la comodidad. Ideal tanto para peque\u00f1as como para grandes empresas, garantiza que el acceso no autorizado sea cosa del pasado.<\/p>\n<p>Con un dise\u00f1o elegante y un funcionamiento intuitivo, el Torniquete Cloudflare Mejorado se integra a la perfecci\u00f3n en cualquier entorno, ya sea una oficina corporativa o un lugar p\u00fablico. Sus potentes capacidades se combinan con su facilidad de uso, lo que lo convierte en la opci\u00f3n perfecta para organizaciones que buscan reforzar sus medidas de seguridad y mantener un ambiente acogedor para el personal autorizado.<\/p>\n<p>Mejore su seguridad con el Torniquete Cloudflare Mejorado y disfrute de la tranquilidad de saber que sus instalaciones est\u00e1n protegidas por los mejores del sector. Ya sea que busque optimizar la seguridad en zonas de alto tr\u00e1fico o agilizar la gesti\u00f3n de visitantes, nuestro torniquete ofrece la soluci\u00f3n perfecta.<\/p>\n<ul>\n<li>Tecnolog\u00eda avanzada de detecci\u00f3n de bots<\/li>\n<li>Experiencia de usuario fluida sin CAPTCHA<\/li>\n<li>F\u00e1cil integraci\u00f3n con sitios web y aplicaciones<\/li>\n<li>Configuraci\u00f3n de seguridad personalizable<\/li>\n<li>Compatible con varios idiomas<\/li>\n<li>Compatible con los principales navegadores y plataformas<\/li>\n<li>An\u00e1lisis y actualizaciones de amenazas en tiempo real<\/li>\n<li>Cumplimiento del RGPD y la normativa de privacidad<\/li>\n<li>Escalable para sitios web con mucho tr\u00e1fico<\/li>\n<li>Herramientas detalladas de an\u00e1lisis e informes<\/li>\n<\/ul>\n","protected":false},"excerpt":{"rendered":"<p>Presentamos el Torniquete Cloudflare Mejorado, su soluci\u00f3n definitiva para un control de acceso seguro, eficiente y confiable. Este innovador sistema se integra a la perfecci\u00f3n con la infraestructura existente, garantizando una protecci\u00f3n robusta contra el acceso no autorizado. Gracias a su tecnolog\u00eda avanzada, el Torniquete Cloudflare Mejorado ofrece una confiabilidad inigualable, reduciendo el tiempo de inactividad y los costos de mantenimiento. Ideal para zonas de alto tr\u00e1fico, este producto permite un paso r\u00e1pido y fluido sin comprometer la seguridad. Disfrute de la tranquilidad que ofrece su interfaz intuitiva y sus configuraciones personalizables. Mejore la seguridad de sus instalaciones con el Torniquete Cloudflare Mejorado y disfrute del equilibrio perfecto entre seguridad, eficiencia y conveniencia.<\/p>\n","protected":false},"featured_media":169543,"comment_status":"open","ping_status":"open","template":"","meta":[],"product_brand":[2344],"product_cat":[1207,1248,1206],"product_tag":[1423],"class_list":{"0":"post-169555","1":"product","2":"type-product","3":"status-publish","4":"has-post-thumbnail","6":"product_brand-woocommerce","7":"product_cat-comercio-electronico-plugins","8":"product_cat-personalizacion-comercio-electronico-plugins","9":"product_cat-plugins","10":"product_tag-woocommerce","11":"member-discount","12":"discount-restricted","14":"first","15":"instock","16":"sale","17":"downloadable","18":"virtual","19":"sold-individually","20":"purchasable","21":"product-type-simple"},"_links":{"self":[{"href":"https:\/\/gpl-love.com\/es\/wp-json\/wp\/v2\/product\/169555","targetHints":{"allow":["GET"]}}],"collection":[{"href":"https:\/\/gpl-love.com\/es\/wp-json\/wp\/v2\/product"}],"about":[{"href":"https:\/\/gpl-love.com\/es\/wp-json\/wp\/v2\/types\/product"}],"replies":[{"embeddable":true,"href":"https:\/\/gpl-love.com\/es\/wp-json\/wp\/v2\/comments?post=169555"}],"wp:featuredmedia":[{"embeddable":true,"href":"https:\/\/gpl-love.com\/es\/wp-json\/wp\/v2\/media\/169543"}],"wp:attachment":[{"href":"https:\/\/gpl-love.com\/es\/wp-json\/wp\/v2\/media?parent=169555"}],"wp:term":[{"taxonomy":"product_brand","embeddable":true,"href":"https:\/\/gpl-love.com\/es\/wp-json\/wp\/v2\/product_brand?post=169555"},{"taxonomy":"product_cat","embeddable":true,"href":"https:\/\/gpl-love.com\/es\/wp-json\/wp\/v2\/product_cat?post=169555"},{"taxonomy":"product_tag","embeddable":true,"href":"https:\/\/gpl-love.com\/es\/wp-json\/wp\/v2\/product_tag?post=169555"}],"curies":[{"name":"wp","href":"https:\/\/api.w.org\/{rel}","templated":true}]}}