{"id":169540,"date":"2025-10-02T00:00:00","date_gmt":"2025-10-02T05:00:00","guid":{"rendered":"https:\/\/gpl-love.com\/es\/producto\/woocommerce-clone-orders\/"},"modified":"2026-03-09T08:51:38","modified_gmt":"2026-03-09T13:51:38","slug":"woocommerce-clone-orders","status":"publish","type":"product","link":"https:\/\/gpl-love.com\/es\/producto\/woocommerce-clone-orders\/","title":{"rendered":"Quantity Buttons para WooCommerce 1.1.6"},"content":{"rendered":"<h3>Quantity Buttons para WooCommerce Caracteristicas<\/h3>\n<p>Transforma tu tienda WooCommerce con nuestro innovador plugin Botones de Cantidad. Dise\u00f1ados para mejorar la experiencia del usuario, estos botones intuitivos permiten a los clientes ajustar f\u00e1cilmente las cantidades de los productos directamente en la p\u00e1gina del producto. \u00a1Olv\u00eddate de las tediosas entradas manuales y la frustraci\u00f3n de los clientes! \u00a1Nuestros Botones de Cantidad hacen que comprar sea pan comido!<\/p>\n<p>Perfecto para tiendas de todos los tama\u00f1os, este plugin se integra a la perfecci\u00f3n con tu configuraci\u00f3n actual de WooCommerce, ofreciendo una apariencia elegante y profesional. Tanto si tus clientes compran al por mayor como si compran un solo art\u00edculo, apreciar\u00e1n la comodidad y simplicidad de nuestros Botones de Cantidad.<\/p>\n<p>La instalaci\u00f3n es r\u00e1pida y sencilla, sin necesidad de conocimientos t\u00e9cnicos. Una vez activados, puedes personalizar el estilo del bot\u00f3n para que se adapte a la est\u00e9tica de tu tienda, garantizando una experiencia de compra coherente y atractiva. Adem\u00e1s, gracias a su dise\u00f1o responsivo, estos botones funcionan a la perfecci\u00f3n en cualquier dispositivo, desde ordenadores hasta smartphones.<\/p>\n<ul>\n<li>A\u00f1ade o elimina f\u00e1cilmente botones de cantidad en las p\u00e1ginas de producto de WooCommerce.<\/li>\n<li>Compatible con una amplia gama de temas de WooCommerce.<\/li>\n<li>Estilos de botones personalizables para adaptarse al dise\u00f1o de tu sitio web.<\/li>\n<li>Compatible con la vista de escritorio y m\u00f3vil para un dise\u00f1o responsivo.<\/li>\n<li>Opci\u00f3n para establecer cantidades m\u00ednimas y m\u00e1ximas para la compra de productos.<\/li>\n<li>Integraci\u00f3n perfecta con las funciones existentes de WooCommerce.<\/li>\n<li>No requiere programaci\u00f3n para la instalaci\u00f3n ni la configuraci\u00f3n.<\/li>\n<li>Compatible con la \u00faltima versi\u00f3n de WooCommerce.<\/li>\n<li>Ligero y optimizado para tiempos de carga r\u00e1pidos.<\/li>\n<\/ul>\n","protected":false},"excerpt":{"rendered":"<p>Mejora la experiencia de compra de tu tienda online con nuestros intuitivos Botones de Cantidad para WooCommerce. Dise\u00f1ados para optimizar la eficiencia y la satisfacci\u00f3n del usuario, estos botones personalizables facilitan a los clientes ajustar las cantidades de los productos directamente desde la p\u00e1gina del producto. Con una integraci\u00f3n perfecta, un dise\u00f1o optimizado para m\u00f3viles y una instalaci\u00f3n r\u00e1pida, nuestra soluci\u00f3n es perfecta para cualquier tienda WooCommerce que busque aumentar las ventas y mejorar la interacci\u00f3n con los clientes. Optimiza tu plataforma de comercio electr\u00f3nico hoy mismo con nuestros Botones de Cantidad, garantizando una experiencia de compra m\u00e1s fluida y atractiva que har\u00e1 que tus clientes vuelvan.<\/p>\n","protected":false},"featured_media":169537,"comment_status":"open","ping_status":"open","template":"","meta":[],"product_brand":[2344],"product_cat":[1208,1207,1206],"product_tag":[1423],"class_list":{"0":"post-169540","1":"product","2":"type-product","3":"status-publish","4":"has-post-thumbnail","6":"product_brand-woocommerce","7":"product_cat-administracion","8":"product_cat-comercio-electronico-plugins","9":"product_cat-plugins","10":"product_tag-woocommerce","11":"member-discount","12":"discount-restricted","14":"first","15":"instock","16":"sale","17":"downloadable","18":"virtual","19":"sold-individually","20":"purchasable","21":"product-type-simple"},"_links":{"self":[{"href":"https:\/\/gpl-love.com\/es\/wp-json\/wp\/v2\/product\/169540","targetHints":{"allow":["GET"]}}],"collection":[{"href":"https:\/\/gpl-love.com\/es\/wp-json\/wp\/v2\/product"}],"about":[{"href":"https:\/\/gpl-love.com\/es\/wp-json\/wp\/v2\/types\/product"}],"replies":[{"embeddable":true,"href":"https:\/\/gpl-love.com\/es\/wp-json\/wp\/v2\/comments?post=169540"}],"wp:featuredmedia":[{"embeddable":true,"href":"https:\/\/gpl-love.com\/es\/wp-json\/wp\/v2\/media\/169537"}],"wp:attachment":[{"href":"https:\/\/gpl-love.com\/es\/wp-json\/wp\/v2\/media?parent=169540"}],"wp:term":[{"taxonomy":"product_brand","embeddable":true,"href":"https:\/\/gpl-love.com\/es\/wp-json\/wp\/v2\/product_brand?post=169540"},{"taxonomy":"product_cat","embeddable":true,"href":"https:\/\/gpl-love.com\/es\/wp-json\/wp\/v2\/product_cat?post=169540"},{"taxonomy":"product_tag","embeddable":true,"href":"https:\/\/gpl-love.com\/es\/wp-json\/wp\/v2\/product_tag?post=169540"}],"curies":[{"name":"wp","href":"https:\/\/api.w.org\/{rel}","templated":true}]}}