{"id":169536,"date":"2025-06-17T00:00:00","date_gmt":"2025-06-17T05:00:00","guid":{"rendered":"https:\/\/gpl-love.com\/es\/producto\/quantity-buttons-for-woocommerce\/"},"modified":"2026-03-09T08:51:36","modified_gmt":"2026-03-09T13:51:36","slug":"quantity-buttons-for-woocommerce","status":"publish","type":"product","link":"https:\/\/gpl-love.com\/es\/producto\/quantity-buttons-for-woocommerce\/","title":{"rendered":"Flow Notify para WooCommerce 1.11.17"},"content":{"rendered":"<h3>Flow Notify para WooCommerce Caracteristicas<\/h3>\n<p>Presentamos Flow Notify para WooCommerce, la soluci\u00f3n definitiva para optimizar tus operaciones de comercio electr\u00f3nico. Mejora tu tienda online con nuestro innovador sistema de notificaciones, dise\u00f1ado espec\u00edficamente para WooCommerce. Flow Notify te garantiza estar conectado con tus clientes mediante alertas y actualizaciones oportunas. Ya sean confirmaciones de pedidos, notificaciones de env\u00edo o alertas de inventario, nuestra herramienta te mantiene informado y a tus clientes satisfechos.<\/p>\n<p>Con Flow Notify para WooCommerce, puedes personalizar las notificaciones para que se adapten a la voz de tu marca, garantizando que cada comunicaci\u00f3n sea personal y atractiva. Este plugin intuitivo se integra a la perfecci\u00f3n con tu configuraci\u00f3n actual de WooCommerce, ofreciendo una experiencia sin complicaciones. Aumenta la satisfacci\u00f3n y la retenci\u00f3n de clientes con actualizaciones fiables y en tiempo real que los mantienen informados sobre sus pedidos.<\/p>\n<p>Dile adi\u00f3s a las actualizaciones manuales y dale la bienvenida a la automatizaci\u00f3n con Flow Notify para WooCommerce. Nuestro sistema te permite concentrarte en el crecimiento de tu negocio mientras nosotros nos encargamos de la comunicaci\u00f3n. Experimenta una mayor eficiencia y una mejor interacci\u00f3n con los clientes con nuestro innovador plugin de notificaciones.<\/p>\n<ul>\n<li>Integraci\u00f3n perfecta con WooCommerce<\/li>\n<li>Notificaciones en tiempo real para actualizaciones de pedidos<\/li>\n<li>Plantillas de notificaci\u00f3n personalizables<\/li>\n<li>Compatibilidad con m\u00faltiples canales de comunicaci\u00f3n (correo electr\u00f3nico, SMS, etc.)<\/li>\n<li>Interfaz intuitiva para una f\u00e1cil configuraci\u00f3n y gesti\u00f3n<\/li>\n<li>Opciones de filtrado avanzadas para notificaciones espec\u00edficas<\/li>\n<li>Programaci\u00f3n automatizada de notificaciones<\/li>\n<li>An\u00e1lisis e informes detallados sobre notificaciones<\/li>\n<li>Compatibilidad con varios idiomas para un alcance global<\/li>\n<li>Compatibilidad con los principales temas y plugins de WordPress<\/li>\n<\/ul>\n","protected":false},"excerpt":{"rendered":"<p>Presentamos Flow Notify para WooCommerce, la soluci\u00f3n definitiva para una comunicaci\u00f3n fluida y automatizada con tus clientes. Este potente plugin se integra f\u00e1cilmente con tu tienda WooCommerce, mejorando la interacci\u00f3n con tus clientes mediante notificaciones en tiempo real. Con Flow Notify, automatiza las actualizaciones de pedidos, reduce el abandono del carrito y aumenta la satisfacci\u00f3n del cliente. Su interfaz intuitiva garantiza una configuraci\u00f3n r\u00e1pida, mientras que las plantillas personalizables permiten crear mensajes personalizados que conectan con tu audiencia. Mejora tu experiencia de comercio electr\u00f3nico hoy mismo con Flow Notify para WooCommerce: donde la eficiencia se une a la innovaci\u00f3n.<\/p>\n","protected":false},"featured_media":169533,"comment_status":"open","ping_status":"open","template":"","meta":[],"product_brand":[2344],"product_cat":[1207,1248,1206],"product_tag":[1423],"class_list":{"0":"post-169536","1":"product","2":"type-product","3":"status-publish","4":"has-post-thumbnail","6":"product_brand-woocommerce","7":"product_cat-comercio-electronico-plugins","8":"product_cat-personalizacion-comercio-electronico-plugins","9":"product_cat-plugins","10":"product_tag-woocommerce","11":"member-discount","12":"discount-restricted","14":"first","15":"instock","16":"sale","17":"downloadable","18":"virtual","19":"sold-individually","20":"purchasable","21":"product-type-simple"},"_links":{"self":[{"href":"https:\/\/gpl-love.com\/es\/wp-json\/wp\/v2\/product\/169536","targetHints":{"allow":["GET"]}}],"collection":[{"href":"https:\/\/gpl-love.com\/es\/wp-json\/wp\/v2\/product"}],"about":[{"href":"https:\/\/gpl-love.com\/es\/wp-json\/wp\/v2\/types\/product"}],"replies":[{"embeddable":true,"href":"https:\/\/gpl-love.com\/es\/wp-json\/wp\/v2\/comments?post=169536"}],"wp:featuredmedia":[{"embeddable":true,"href":"https:\/\/gpl-love.com\/es\/wp-json\/wp\/v2\/media\/169533"}],"wp:attachment":[{"href":"https:\/\/gpl-love.com\/es\/wp-json\/wp\/v2\/media?parent=169536"}],"wp:term":[{"taxonomy":"product_brand","embeddable":true,"href":"https:\/\/gpl-love.com\/es\/wp-json\/wp\/v2\/product_brand?post=169536"},{"taxonomy":"product_cat","embeddable":true,"href":"https:\/\/gpl-love.com\/es\/wp-json\/wp\/v2\/product_cat?post=169536"},{"taxonomy":"product_tag","embeddable":true,"href":"https:\/\/gpl-love.com\/es\/wp-json\/wp\/v2\/product_tag?post=169536"}],"curies":[{"name":"wp","href":"https:\/\/api.w.org\/{rel}","templated":true}]}}