{"id":169532,"date":"2026-03-02T00:00:00","date_gmt":"2026-03-02T05:00:00","guid":{"rendered":"https:\/\/gpl-love.com\/es\/producto\/flow-notify-for-woocommerce\/"},"modified":"2026-03-09T08:51:33","modified_gmt":"2026-03-09T13:51:33","slug":"flow-notify-for-woocommerce","status":"publish","type":"product","link":"https:\/\/gpl-love.com\/es\/producto\/flow-notify-for-woocommerce\/","title":{"rendered":"LearnDash LMS Certificate Builder 1.1.5"},"content":{"rendered":"<h3>LearnDash LMS Certificate Builder Caracteristicas<\/h3>\n<p>Presentamos el Creador de Certificados LearnDash LMS: su herramienta definitiva para crear certificados personalizados que celebran los logros e inspiran a los estudiantes. Con la potencia de LearnDash LMS, puede dise\u00f1ar certificados profesionales que reflejen el estilo y los valores \u00fanicos de su marca. Ya sea educador, capacitador corporativo o desarrollador de cursos en l\u00ednea, nuestro Creador de Certificados le permite crear f\u00e1cilmente certificados que destaquen.<\/p>\n<p>Atr\u00e1s quedaron las plantillas gen\u00e9ricas. El Creador de Certificados LearnDash LMS ofrece una intuitiva funci\u00f3n de arrastrar y soltar, que le permite personalizar cada aspecto de sus certificados. Agregue su logotipo, elija fuentes y colores, e incorpore informaci\u00f3n personalizada como los nombres de los estudiantes y los detalles del curso. Esta integraci\u00f3n perfecta con LearnDash LMS garantiza que sus certificados se otorguen autom\u00e1ticamente al finalizar el curso, lo que mejora la experiencia del estudiante.<\/p>\n<p>Perfecto tanto para educadores como para empresas, el Creador de Certificados LearnDash LMS ayuda a impulsar la participaci\u00f3n y la motivaci\u00f3n. Recompense a sus estudiantes con certificados visualmente impactantes que estar\u00e1n orgullosos de compartir.<\/p>\n<ul>\n<li>Interfaz de arrastrar y soltar para facilitar el dise\u00f1o de certificados<\/li>\n<li>Plantillas de certificado personalizables<\/li>\n<li>Integraci\u00f3n con cursos y cuestionarios de LearnDash LMS<\/li>\n<li>Compatibilidad con certificados de m\u00faltiples tama\u00f1os y orientaciones<\/li>\n<li>Posibilidad de a\u00f1adir logotipos, im\u00e1genes y firmas personalizadas<\/li>\n<li>Campos din\u00e1micos para personalizar la informaci\u00f3n del estudiante<\/li>\n<li>Exportaci\u00f3n a PDF para una impresi\u00f3n de certificados de alta calidad<\/li>\n<li>Compatibilidad con varios navegadores web<\/li>\n<li>Funciones de verificaci\u00f3n segura de certificados<\/li>\n<li>Interfaz intuitiva para educadores y administradores<\/li>\n<\/ul>\n","protected":false},"excerpt":{"rendered":"<p>Presentamos el Creador de Certificados LearnDash LMS, la soluci\u00f3n definitiva para crear certificados personalizados f\u00e1cilmente. Ideal para educadores y creadores de cursos, esta potente herramienta te permite dise\u00f1ar certificados profesionales que atraen y motivan a los alumnos. Con su interfaz intuitiva, puedes integrar f\u00e1cilmente elementos de marca, personalizar contenido y automatizar la emisi\u00f3n de certificados, ahorrando tiempo y esfuerzo. Optimiza tu plataforma de aprendizaje electr\u00f3nico y aumenta la satisfacci\u00f3n del alumno con el Creador de Certificados LearnDash LMS. Ideal para quienes buscan optimizar su oferta de cursos y ofrecer recompensas tangibles por sus logros. \u00a1Experimenta hoy mismo una integraci\u00f3n fluida y una personalizaci\u00f3n inigualable!<\/p>\n","protected":false},"featured_media":169529,"comment_status":"open","ping_status":"open","template":"","meta":[],"product_brand":[2483],"product_cat":[1214,1206,1211],"product_tag":[1320],"class_list":{"0":"post-169532","1":"product","2":"type-product","3":"status-publish","4":"has-post-thumbnail","6":"product_brand-learndash","7":"product_cat-personalizacion","8":"product_cat-plugins","9":"product_cat-wordpress-plugins","10":"product_tag-learndash","11":"member-discount","12":"discount-restricted","14":"first","15":"instock","16":"sale","17":"downloadable","18":"virtual","19":"sold-individually","20":"purchasable","21":"product-type-simple"},"_links":{"self":[{"href":"https:\/\/gpl-love.com\/es\/wp-json\/wp\/v2\/product\/169532","targetHints":{"allow":["GET"]}}],"collection":[{"href":"https:\/\/gpl-love.com\/es\/wp-json\/wp\/v2\/product"}],"about":[{"href":"https:\/\/gpl-love.com\/es\/wp-json\/wp\/v2\/types\/product"}],"replies":[{"embeddable":true,"href":"https:\/\/gpl-love.com\/es\/wp-json\/wp\/v2\/comments?post=169532"}],"wp:featuredmedia":[{"embeddable":true,"href":"https:\/\/gpl-love.com\/es\/wp-json\/wp\/v2\/media\/169529"}],"wp:attachment":[{"href":"https:\/\/gpl-love.com\/es\/wp-json\/wp\/v2\/media?parent=169532"}],"wp:term":[{"taxonomy":"product_brand","embeddable":true,"href":"https:\/\/gpl-love.com\/es\/wp-json\/wp\/v2\/product_brand?post=169532"},{"taxonomy":"product_cat","embeddable":true,"href":"https:\/\/gpl-love.com\/es\/wp-json\/wp\/v2\/product_cat?post=169532"},{"taxonomy":"product_tag","embeddable":true,"href":"https:\/\/gpl-love.com\/es\/wp-json\/wp\/v2\/product_tag?post=169532"}],"curies":[{"name":"wp","href":"https:\/\/api.w.org\/{rel}","templated":true}]}}