{"id":169526,"date":"2026-02-18T00:00:00","date_gmt":"2026-02-18T05:00:00","guid":{"rendered":"https:\/\/gpl-love.com\/es\/producto\/media-grid-bundle-pack\/"},"modified":"2026-03-09T08:51:30","modified_gmt":"2026-03-09T13:51:30","slug":"media-grid-bundle-pack","status":"publish","type":"product","link":"https:\/\/gpl-love.com\/es\/producto\/media-grid-bundle-pack\/","title":{"rendered":"LC Refund Requests para WooCommerce 2.1.0"},"content":{"rendered":"<h3>LC Refund Requests para WooCommerce Caracteristicas<\/h3>\n<p>Presentamos la soluci\u00f3n definitiva para gestionar solicitudes de reembolso en tu tienda online: LC Refund Requests para WooCommerce. Esta potente herramienta est\u00e1 dise\u00f1ada para agilizar y simplificar el proceso de reembolso, mejorando tu servicio al cliente y mejorando la reputaci\u00f3n de tu tienda. Olv\u00eddate de las complicaciones de la gesti\u00f3n manual de reembolsos y dale la bienvenida a un sistema m\u00e1s eficiente y automatizado.<\/p>\n<p>LC Refund Requests para WooCommerce se integra a la perfecci\u00f3n con tu configuraci\u00f3n actual de WooCommerce, permiti\u00e9ndote gestionar las solicitudes de reembolso con facilidad y precisi\u00f3n. Este plugin te permite gestionar las solicitudes directamente desde tu panel de administraci\u00f3n, ahorrando tiempo y reduciendo errores. Con su interfaz intuitiva, puedes aprobar, rechazar o realizar consultas adicionales r\u00e1pidamente sobre las solicitudes de reembolso, garantizando una experiencia fluida para tus clientes.<\/p>\n<p>Mejora la satisfacci\u00f3n del cliente ofreciendo un proceso de reembolso transparente y eficiente. LC Refund Requests para WooCommerce te ayuda a mantener la confianza y construir relaciones duraderas con tus clientes, garantizando que sus inquietudes se resuelvan con prontitud.<\/p>\n<ul>\n<li>Integraci\u00f3n perfecta con WooCommerce<\/li>\n<li>Interfaz intuitiva para gestionar solicitudes de reembolso<\/li>\n<li>Notificaciones autom\u00e1ticas por correo electr\u00f3nico para actualizaciones del estado de los reembolsos<\/li>\n<li>Formulario de solicitud de reembolso personalizable para los clientes<\/li>\n<li>Opci\u00f3n para aprobar o rechazar solicitudes con un solo clic<\/li>\n<li>Informes y an\u00e1lisis detallados sobre tendencias de reembolsos<\/li>\n<li>Compatibilidad con los temas y plugins m\u00e1s populares de WooCommerce<\/li>\n<li>Soporte multiling\u00fce para tiendas internacionales<\/li>\n<li>Gesti\u00f3n segura de los datos de los clientes conforme al RGPD<\/li>\n<\/ul>\n","protected":false},"excerpt":{"rendered":"<p>Presentamos el plugin LC Refund Requests para WooCommerce, tu soluci\u00f3n definitiva para una gesti\u00f3n de reembolsos optimizada. Con una integraci\u00f3n perfecta con tu tienda WooCommerce, esta potente herramienta simplifica las solicitudes de reembolso, mejorando la satisfacci\u00f3n y la fidelizaci\u00f3n de tus clientes. Gestiona, rastrea y aprueba solicitudes de reembolso f\u00e1cilmente, reduciendo la carga administrativa y mejorando la eficiencia. Disfruta de funciones intuitivas dise\u00f1adas para optimizar las operaciones de tu tienda y garantizar una experiencia fluida tanto para ti como para tus clientes. Mejora la reputaci\u00f3n de tu tienda y mant\u00e9n la confianza de tus clientes con LC Refund Requests para WooCommerce. \u00a1Experimenta una gesti\u00f3n de reembolsos sin complicaciones hoy mismo!<\/p>\n","protected":false},"featured_media":169523,"comment_status":"open","ping_status":"open","template":"","meta":[],"product_brand":[2734],"product_cat":[1207,1248,1206],"product_tag":[2735],"class_list":{"0":"post-169526","1":"product","2":"type-product","3":"status-publish","4":"has-post-thumbnail","6":"product_brand-lcweb","7":"product_cat-comercio-electronico-plugins","8":"product_cat-personalizacion-comercio-electronico-plugins","9":"product_cat-plugins","10":"product_tag-lcweb","11":"member-discount","12":"discount-restricted","14":"first","15":"instock","16":"sale","17":"downloadable","18":"virtual","19":"sold-individually","20":"purchasable","21":"product-type-simple"},"_links":{"self":[{"href":"https:\/\/gpl-love.com\/es\/wp-json\/wp\/v2\/product\/169526","targetHints":{"allow":["GET"]}}],"collection":[{"href":"https:\/\/gpl-love.com\/es\/wp-json\/wp\/v2\/product"}],"about":[{"href":"https:\/\/gpl-love.com\/es\/wp-json\/wp\/v2\/types\/product"}],"replies":[{"embeddable":true,"href":"https:\/\/gpl-love.com\/es\/wp-json\/wp\/v2\/comments?post=169526"}],"wp:featuredmedia":[{"embeddable":true,"href":"https:\/\/gpl-love.com\/es\/wp-json\/wp\/v2\/media\/169523"}],"wp:attachment":[{"href":"https:\/\/gpl-love.com\/es\/wp-json\/wp\/v2\/media?parent=169526"}],"wp:term":[{"taxonomy":"product_brand","embeddable":true,"href":"https:\/\/gpl-love.com\/es\/wp-json\/wp\/v2\/product_brand?post=169526"},{"taxonomy":"product_cat","embeddable":true,"href":"https:\/\/gpl-love.com\/es\/wp-json\/wp\/v2\/product_cat?post=169526"},{"taxonomy":"product_tag","embeddable":true,"href":"https:\/\/gpl-love.com\/es\/wp-json\/wp\/v2\/product_tag?post=169526"}],"curies":[{"name":"wp","href":"https:\/\/api.w.org\/{rel}","templated":true}]}}