{"id":169524,"date":"2026-03-20T00:00:00","date_gmt":"2026-03-20T05:00:00","guid":{"rendered":"https:\/\/gpl-love.com\/es\/producto\/privatecontent-bundle-pack\/"},"modified":"2026-03-31T17:16:50","modified_gmt":"2026-03-31T22:16:50","slug":"privatecontent-bundle-pack","status":"publish","type":"product","link":"https:\/\/gpl-love.com\/es\/producto\/privatecontent-bundle-pack\/","title":{"rendered":"FAQ Revolution 2.3.0"},"content":{"rendered":"<h3>FAQ Revolution Caracteristicas<\/h3>\n<p>Presentamos FAQ Revolution, la soluci\u00f3n definitiva para transformar la gesti\u00f3n de las consultas de sus clientes. Imagine un mundo donde sus clientes tengan acceso instant\u00e1neo a la informaci\u00f3n que buscan, mejorando su experiencia general y reduciendo la carga de trabajo de soporte. FAQ Revolution es su puerta de entrada para crear un canal de comunicaci\u00f3n fluido, atractivo y eficiente.<\/p>\n<p>Nuestra innovadora plataforma ofrece una interfaz intuitiva que le permite crear una secci\u00f3n completa de preguntas frecuentes sin esfuerzo. Con FAQ Revolution, puede personalizar y actualizar f\u00e1cilmente su contenido, garantizando que siga siendo relevante y \u00fatil. Dile adi\u00f3s a las preguntas repetitivas y da la bienvenida a un proceso optimizado que permite a sus clientes encontrar respuestas por s\u00ed mismos.<\/p>\n<p>FAQ Revolution est\u00e1 dise\u00f1ado pensando en la experiencia del usuario, ofreciendo un dise\u00f1o visualmente atractivo y compatible tanto con dispositivos m\u00f3viles como con ordenadores. Nuestra soluci\u00f3n se integra a la perfecci\u00f3n con sus sistemas existentes, proporcionando una experiencia cohesiva en todos los puntos de contacto.<\/p>\n<p>\u00danase hoy mismo a FAQ Revolution y eleve su servicio al cliente a nuevas alturas. Ya sea una peque\u00f1a o gran empresa, esta herramienta revolucionar\u00e1 la forma en que gestiona las interacciones con los clientes.<\/p>\n<ul>\n<li>Soluci\u00f3n integral para la gesti\u00f3n de preguntas frecuentes<\/li>\n<li>Interfaz intuitiva para una navegaci\u00f3n sencilla<\/li>\n<li>Plantillas personalizables para crear p\u00e1ginas de preguntas frecuentes personalizadas<\/li>\n<li>Funci\u00f3n de b\u00fasqueda avanzada para una r\u00e1pida recuperaci\u00f3n de informaci\u00f3n<\/li>\n<li>Compatibilidad con varios idiomas para un alcance global<\/li>\n<li>Capacidad de integraci\u00f3n con plataformas y herramientas populares<\/li>\n<li>Panel de an\u00e1lisis para el seguimiento de las interacciones de los usuarios y el rendimiento de las preguntas frecuentes<\/li>\n<li>Dise\u00f1o adaptable a dispositivos m\u00f3viles para un acceso r\u00e1pido<\/li>\n<li>Actualizaciones peri\u00f3dicas con nuevas funciones y mejoras<\/li>\n<\/ul>\n","protected":false},"excerpt":{"rendered":"<p>Presentamos FAQ Revolution, la herramienta definitiva para transformar su experiencia de atenci\u00f3n al cliente. Esta innovadora soluci\u00f3n, dise\u00f1ada para la eficiencia y la claridad, optimiza su proceso de soporte al proporcionar respuestas instant\u00e1neas y precisas a preguntas frecuentes. Con su interfaz intuitiva, FAQ Revolution mejora la satisfacci\u00f3n del cliente, reduce el tiempo de respuesta y aumenta la productividad. Perfecta para empresas que buscan mejorar la interacci\u00f3n con el cliente y la eficiencia operativa, esta herramienta se integra a la perfecci\u00f3n con los sistemas existentes, lo que la convierte en un activo esencial para cualquier empresa con visi\u00f3n de futuro. Experimente el futuro de la atenci\u00f3n al cliente con FAQ Revolution y vea c\u00f3mo sus calificaciones de servicio se disparan.<\/p>\n","protected":false},"featured_media":169521,"comment_status":"open","ping_status":"open","template":"","meta":[],"product_brand":[2734],"product_cat":[1214,1206,1211],"product_tag":[2735],"class_list":{"0":"post-169524","1":"product","2":"type-product","3":"status-publish","4":"has-post-thumbnail","6":"product_brand-lcweb","7":"product_cat-personalizacion","8":"product_cat-plugins","9":"product_cat-wordpress-plugins","10":"product_tag-lcweb","11":"member-discount","12":"discount-restricted","14":"first","15":"instock","16":"sale","17":"downloadable","18":"virtual","19":"sold-individually","20":"purchasable","21":"product-type-simple"},"_links":{"self":[{"href":"https:\/\/gpl-love.com\/es\/wp-json\/wp\/v2\/product\/169524","targetHints":{"allow":["GET"]}}],"collection":[{"href":"https:\/\/gpl-love.com\/es\/wp-json\/wp\/v2\/product"}],"about":[{"href":"https:\/\/gpl-love.com\/es\/wp-json\/wp\/v2\/types\/product"}],"replies":[{"embeddable":true,"href":"https:\/\/gpl-love.com\/es\/wp-json\/wp\/v2\/comments?post=169524"}],"wp:featuredmedia":[{"embeddable":true,"href":"https:\/\/gpl-love.com\/es\/wp-json\/wp\/v2\/media\/169521"}],"wp:attachment":[{"href":"https:\/\/gpl-love.com\/es\/wp-json\/wp\/v2\/media?parent=169524"}],"wp:term":[{"taxonomy":"product_brand","embeddable":true,"href":"https:\/\/gpl-love.com\/es\/wp-json\/wp\/v2\/product_brand?post=169524"},{"taxonomy":"product_cat","embeddable":true,"href":"https:\/\/gpl-love.com\/es\/wp-json\/wp\/v2\/product_cat?post=169524"},{"taxonomy":"product_tag","embeddable":true,"href":"https:\/\/gpl-love.com\/es\/wp-json\/wp\/v2\/product_tag?post=169524"}],"curies":[{"name":"wp","href":"https:\/\/api.w.org\/{rel}","templated":true}]}}