{"id":169522,"date":"2025-05-26T00:00:00","date_gmt":"2025-05-26T05:00:00","guid":{"rendered":"https:\/\/gpl-love.com\/es\/producto\/lc-refund-requests-for-woocommerce\/"},"modified":"2026-03-09T08:51:28","modified_gmt":"2026-03-09T13:51:28","slug":"lc-refund-requests-for-woocommerce","status":"publish","type":"product","link":"https:\/\/gpl-love.com\/es\/producto\/lc-refund-requests-for-woocommerce\/","title":{"rendered":"WPBot Pro WordPress Chatbot 13.7.0"},"content":{"rendered":"<h3>WPBot Pro WordPress Chatbot Caracteristicas<\/h3>\n<p>Presentamos WPBot Pro, el chatbot definitivo para WordPress, dise\u00f1ado para mejorar la interacci\u00f3n con tu sitio web y el engagement con tus clientes. Con WPBot Pro, transforma la forma en que conectas con tu audiencia, ofreci\u00e9ndoles una experiencia intuitiva y fluida directamente en tu sitio WordPress.<\/p>\n<p>WPBot Pro no es un chatbot cualquiera; es una herramienta inteligente y responsiva que se integra f\u00e1cilmente con tu plataforma WordPress. Ya sea que busques mejorar la atenci\u00f3n al cliente o impulsar las ventas, WPBot Pro es tu soluci\u00f3n ideal. Sus avanzadas funciones de IA garantizan que tus visitantes reciban respuestas r\u00e1pidas y precisas, mejorando as\u00ed su experiencia general.<\/p>\n<p>Imagina que tu sitio web funciona 24\/7, respondiendo consultas, guiando a los usuarios y brind\u00e1ndoles la informaci\u00f3n que necesitan al instante. WPBot Pro lo hace posible, ayud\u00e1ndote a construir relaciones m\u00e1s s\u00f3lidas con tu audiencia y a aumentar su satisfacci\u00f3n.<\/p>\n<p>Dise\u00f1ado para una f\u00e1cil personalizaci\u00f3n, WPBot Pro te permite adaptar las respuestas del chatbot al tono y estilo de tu marca.<\/p>\n<ul>\n<li>Integraci\u00f3n perfecta con sitios web de WordPress<\/li>\n<li>Procesamiento de lenguaje natural con IA<\/li>\n<li>Respuestas de chatbot personalizables<\/li>\n<li>Soporte multiling\u00fce<\/li>\n<li>Atenci\u00f3n al cliente automatizada 24\/7<\/li>\n<li>Configuraci\u00f3n sencilla<\/li>\n<li>Integraci\u00f3n con plataformas de mensajer\u00eda populares<\/li>\n<li>An\u00e1lisis e informaci\u00f3n sobre la interacci\u00f3n del usuario<\/li>\n<li>Capacidad para generar leads<\/li>\n<li>Compatibilidad con WooCommerce para soporte de comercio electr\u00f3nico<\/li>\n<\/ul>\n","protected":false},"excerpt":{"rendered":"<p>Presentamos WPBot Pro, el chatbot definitivo para WordPress, dise\u00f1ado para transformar la interacci\u00f3n del usuario. Con una integraci\u00f3n perfecta, WPBot Pro mejora la atenci\u00f3n al cliente y aumenta las conversiones sin esfuerzo. Esta potente herramienta basada en IA ofrece respuestas instant\u00e1neas y personalizadas a los visitantes de tu sitio web, garantizando una experiencia fluida e interactiva. La interfaz intuitiva de WPBot Pro permite una f\u00e1cil personalizaci\u00f3n, adapt\u00e1ndose a tus necesidades espec\u00edficas sin necesidad de conocimientos de programaci\u00f3n. Al incorporar funciones de vanguardia, este chatbot optimiza tu sitio WordPress para aumentar la satisfacci\u00f3n y la retenci\u00f3n de usuarios. Impulsa tu presencia digital con WPBot Pro y observa c\u00f3mo tu interacci\u00f3n se dispara.<\/p>\n","protected":false},"featured_media":169519,"comment_status":"open","ping_status":"open","template":"","meta":[],"product_brand":[2732],"product_cat":[1214,1206,1211],"product_tag":[2733],"class_list":{"0":"post-169522","1":"product","2":"type-product","3":"status-publish","4":"has-post-thumbnail","6":"product_brand-wp-bot","7":"product_cat-personalizacion","8":"product_cat-plugins","9":"product_cat-wordpress-plugins","10":"product_tag-wp-bot","11":"member-discount","12":"discount-restricted","14":"first","15":"instock","16":"sale","17":"downloadable","18":"virtual","19":"sold-individually","20":"purchasable","21":"product-type-simple"},"_links":{"self":[{"href":"https:\/\/gpl-love.com\/es\/wp-json\/wp\/v2\/product\/169522","targetHints":{"allow":["GET"]}}],"collection":[{"href":"https:\/\/gpl-love.com\/es\/wp-json\/wp\/v2\/product"}],"about":[{"href":"https:\/\/gpl-love.com\/es\/wp-json\/wp\/v2\/types\/product"}],"replies":[{"embeddable":true,"href":"https:\/\/gpl-love.com\/es\/wp-json\/wp\/v2\/comments?post=169522"}],"wp:featuredmedia":[{"embeddable":true,"href":"https:\/\/gpl-love.com\/es\/wp-json\/wp\/v2\/media\/169519"}],"wp:attachment":[{"href":"https:\/\/gpl-love.com\/es\/wp-json\/wp\/v2\/media?parent=169522"}],"wp:term":[{"taxonomy":"product_brand","embeddable":true,"href":"https:\/\/gpl-love.com\/es\/wp-json\/wp\/v2\/product_brand?post=169522"},{"taxonomy":"product_cat","embeddable":true,"href":"https:\/\/gpl-love.com\/es\/wp-json\/wp\/v2\/product_cat?post=169522"},{"taxonomy":"product_tag","embeddable":true,"href":"https:\/\/gpl-love.com\/es\/wp-json\/wp\/v2\/product_tag?post=169522"}],"curies":[{"name":"wp","href":"https:\/\/api.w.org\/{rel}","templated":true}]}}