{"id":169520,"date":"2026-03-04T00:00:00","date_gmt":"2026-03-04T05:00:00","guid":{"rendered":"https:\/\/gpl-love.com\/es\/producto\/faq-revolution\/"},"modified":"2026-03-09T08:51:26","modified_gmt":"2026-03-09T13:51:26","slug":"faq-revolution","status":"publish","type":"product","link":"https:\/\/gpl-love.com\/es\/producto\/faq-revolution\/","title":{"rendered":"MainWP White Label Extension 5.0.3"},"content":{"rendered":"<h3>MainWP White Label Extension Caracteristicas<\/h3>\n<p>Presentamos la Extensi\u00f3n de Marca Blanca de MainWP, la herramienta definitiva para profesionales de WordPress que buscan mejorar sus ofertas a sus clientes. Esta potente extensi\u00f3n te permite personalizar y redise\u00f1ar tu Panel de Control de MainWP, garantizando una experiencia fluida y profesional para tus clientes.<\/p>\n<p>Con la Extensi\u00f3n de Marca Blanca de MainWP, puedes reemplazar f\u00e1cilmente la marca de MainWP con la tuya, creando una identidad cohesiva en todas las interfaces de cliente. Esta extensi\u00f3n es perfecta para agencias y freelancers que desean presentar una marca unificada sin revelar herramientas de terceros.<\/p>\n<p>Interact\u00faa con tus clientes con opciones de marca personalizadas, desde logotipos personalizados hasta experiencias de inicio de sesi\u00f3n y panel de control personalizadas. La Extensi\u00f3n de Marca Blanca de MainWP no solo te ayuda a mantener la coherencia de tu marca, sino que tambi\u00e9n mejora la confianza y la satisfacci\u00f3n de tus clientes.<\/p>\n<p>Esta extensi\u00f3n est\u00e1 dise\u00f1ada para ser f\u00e1cil de usar, garantizando que incluso quienes se inician en MainWP puedan implementar personalizaciones de forma r\u00e1pida y eficiente. Adem\u00e1s, ofrece la flexibilidad de volver a la configuraci\u00f3n predeterminada si es necesario, lo que te da un control total sobre tu estrategia de marca.<\/p>\n<ul>\n<li>Personaliza la imagen de marca de WordPress para tus clientes<\/li>\n<li>Oculta elementos espec\u00edficos del men\u00fa del panel de WordPress<\/li>\n<li>Reemplaza los logotipos de WordPress con logotipos personalizados<\/li>\n<li>Modifica el texto del pie de p\u00e1gina en el \u00e1rea de administraci\u00f3n de WordPress<\/li>\n<li>Controla el acceso a plugins y temas de WordPress<\/li>\n<li>Administra la visibilidad de los widgets del panel<\/li>\n<li>Habilita o deshabilita funciones espec\u00edficas de WordPress<\/li>\n<li>Personaliza la apariencia de la pantalla de inicio de sesi\u00f3n<\/li>\n<li>Configura los datos predeterminados del remitente de correo electr\u00f3nico<\/li>\n<li>Compatible con redes multisitio para una imagen de marca consistente<\/li>\n<\/ul>\n","protected":false},"excerpt":{"rendered":"<p>Presentamos la Extensi\u00f3n de Marca Blanca de MainWP, una potente herramienta dise\u00f1ada para mejorar tu experiencia de gesti\u00f3n de WordPress. Esta extensi\u00f3n te permite personalizar tu panel de control, ofreciendo una interfaz fluida y personalizada para tus clientes. Gracias a sus intuitivas funciones, puedes gestionar f\u00e1cilmente tu WordPress con marca blanca, garantizando una presentaci\u00f3n profesional. Impulsa la credibilidad de tu negocio y optimiza tu flujo de trabajo con esta herramienta esencial. Atrae a m\u00e1s clientes ofreciendo una experiencia personalizada, manteniendo la robusta funcionalidad de MainWP. Descubre c\u00f3mo la Extensi\u00f3n de Marca Blanca de MainWP puede transformar tus interacciones con los clientes hoy mismo.<\/p>\n","protected":false},"featured_media":169517,"comment_status":"open","ping_status":"open","template":"","meta":[],"product_brand":[2491],"product_cat":[1214,1206,1211],"product_tag":[1324],"class_list":{"0":"post-169520","1":"product","2":"type-product","3":"status-publish","4":"has-post-thumbnail","6":"product_brand-main-wp","7":"product_cat-personalizacion","8":"product_cat-plugins","9":"product_cat-wordpress-plugins","10":"product_tag-main-wp","11":"member-discount","12":"discount-restricted","14":"first","15":"instock","16":"sale","17":"downloadable","18":"virtual","19":"sold-individually","20":"purchasable","21":"product-type-simple"},"_links":{"self":[{"href":"https:\/\/gpl-love.com\/es\/wp-json\/wp\/v2\/product\/169520","targetHints":{"allow":["GET"]}}],"collection":[{"href":"https:\/\/gpl-love.com\/es\/wp-json\/wp\/v2\/product"}],"about":[{"href":"https:\/\/gpl-love.com\/es\/wp-json\/wp\/v2\/types\/product"}],"replies":[{"embeddable":true,"href":"https:\/\/gpl-love.com\/es\/wp-json\/wp\/v2\/comments?post=169520"}],"wp:featuredmedia":[{"embeddable":true,"href":"https:\/\/gpl-love.com\/es\/wp-json\/wp\/v2\/media\/169517"}],"wp:attachment":[{"href":"https:\/\/gpl-love.com\/es\/wp-json\/wp\/v2\/media?parent=169520"}],"wp:term":[{"taxonomy":"product_brand","embeddable":true,"href":"https:\/\/gpl-love.com\/es\/wp-json\/wp\/v2\/product_brand?post=169520"},{"taxonomy":"product_cat","embeddable":true,"href":"https:\/\/gpl-love.com\/es\/wp-json\/wp\/v2\/product_cat?post=169520"},{"taxonomy":"product_tag","embeddable":true,"href":"https:\/\/gpl-love.com\/es\/wp-json\/wp\/v2\/product_tag?post=169520"}],"curies":[{"name":"wp","href":"https:\/\/api.w.org\/{rel}","templated":true}]}}