{"id":169518,"date":"2026-04-18T00:00:00","date_gmt":"2026-04-18T05:00:00","guid":{"rendered":"https:\/\/gpl-love.com\/es\/producto\/wpbot-pro-wordpress-chatbot\/"},"modified":"2026-04-18T17:17:24","modified_gmt":"2026-04-18T22:17:24","slug":"wpbot-pro-wordpress-chatbot","status":"publish","type":"product","link":"https:\/\/gpl-love.com\/es\/producto\/wpbot-pro-wordpress-chatbot\/","title":{"rendered":"SchedulePress Pro 5.2.5"},"content":{"rendered":"<h3>SchedulePress Pro Caracteristicas<\/h3>\n<p>Aprovecha al m\u00e1ximo el potencial de tu sitio WordPress con SchedulePress Pro, la herramienta definitiva para una gesti\u00f3n de contenido eficiente. Dise\u00f1ado para blogueros, creadores de contenido y empresas, SchedulePress Pro optimiza tu flujo de trabajo, garantizando que tus publicaciones se publiquen justo cuando las necesitas. Se acabaron las horas de publicaci\u00f3n perdidas y los problemas de \u00faltima hora: este potente plugin automatiza tu calendario de publicaciones para que puedas concentrarte en lo que mejor sabes hacer: crear contenido incre\u00edble.<\/p>\n<p>Con SchedulePress Pro, puedes gestionar f\u00e1cilmente varias publicaciones, establecer horarios de publicaci\u00f3n personalizados e incluso reciclar tu mejor contenido para mantener a tu audiencia enganchada. Su interfaz intuitiva facilita la programaci\u00f3n, mientras que funciones avanzadas como la integraci\u00f3n con redes sociales te permiten compartir tu contenido en diferentes plataformas sin esfuerzo. Adem\u00e1s, las notificaciones en tiempo real te mantienen al tanto del estado de tus publicaciones, para que siempre tengas el control.<\/p>\n<p>Optimiza tu estrategia de contenido con las anal\u00edticas de SchedulePress Pro, que te proporcionan informaci\u00f3n para ayudarte a refinar y mejorar tu calendario de publicaciones.<\/p>\n<ul>\n<li>Opciones avanzadas de programaci\u00f3n para publicaciones de WordPress<\/li>\n<li>Compartir autom\u00e1ticamente en redes sociales al publicar<\/li>\n<li>Vista de calendario personalizable para facilitar la planificaci\u00f3n de contenido<\/li>\n<li>Integraci\u00f3n con las plataformas de redes sociales m\u00e1s populares<\/li>\n<li>Funci\u00f3n para gestionar la programaci\u00f3n no realizada<\/li>\n<li>Interfaz intuitiva con funci\u00f3n de arrastrar y soltar<\/li>\n<li>M\u00faltiples notificaciones por correo electr\u00f3nico para la publicaci\u00f3n de publicaciones<\/li>\n<li>Compatibilidad con tipos de publicaciones y taxonom\u00edas personalizadas<\/li>\n<li>Herramientas detalladas de an\u00e1lisis e informes<\/li>\n<li>Compatibilidad con los temas y plugins m\u00e1s populares de WordPress<\/li>\n<\/ul>\n","protected":false},"excerpt":{"rendered":"<p>Presentamos SchedulePress Pro, la soluci\u00f3n definitiva para una gesti\u00f3n eficiente de redes sociales. Con SchedulePress Pro, puedes automatizar f\u00e1cilmente tus publicaciones en redes sociales, garantizando una interacci\u00f3n constante con tu audiencia. Esta potente herramienta ofrece funciones avanzadas de programaci\u00f3n, permiti\u00e9ndote planificar publicaciones en m\u00faltiples plataformas con facilidad. Experimenta una integraci\u00f3n perfecta con WordPress, lo que te permite optimizar tu flujo de trabajo y ahorrar tiempo valioso. La interfaz intuitiva y los potentes an\u00e1lisis de SchedulePress Pro te brindan informaci\u00f3n para optimizar tu estrategia de contenido. Impulsa tu presencia en redes sociales hoy mismo con SchedulePress Pro: mejora tu productividad, impulsa la interacci\u00f3n y alcanza tus objetivos de marketing sin esfuerzo.<\/p>\n","protected":false},"featured_media":169516,"comment_status":"open","ping_status":"open","template":"","meta":[],"product_brand":[2375],"product_cat":[1232,1206,1211],"product_tag":[1785],"class_list":{"0":"post-169518","1":"product","2":"type-product","3":"status-publish","4":"has-post-thumbnail","6":"product_brand-wp-developer","7":"product_cat-marketing-wordpress-plugins","8":"product_cat-plugins","9":"product_cat-wordpress-plugins","10":"product_tag-wp-developer","11":"member-discount","12":"discount-restricted","14":"first","15":"instock","16":"sale","17":"downloadable","18":"virtual","19":"sold-individually","20":"purchasable","21":"product-type-simple"},"_links":{"self":[{"href":"https:\/\/gpl-love.com\/es\/wp-json\/wp\/v2\/product\/169518","targetHints":{"allow":["GET"]}}],"collection":[{"href":"https:\/\/gpl-love.com\/es\/wp-json\/wp\/v2\/product"}],"about":[{"href":"https:\/\/gpl-love.com\/es\/wp-json\/wp\/v2\/types\/product"}],"replies":[{"embeddable":true,"href":"https:\/\/gpl-love.com\/es\/wp-json\/wp\/v2\/comments?post=169518"}],"wp:featuredmedia":[{"embeddable":true,"href":"https:\/\/gpl-love.com\/es\/wp-json\/wp\/v2\/media\/169516"}],"wp:attachment":[{"href":"https:\/\/gpl-love.com\/es\/wp-json\/wp\/v2\/media?parent=169518"}],"wp:term":[{"taxonomy":"product_brand","embeddable":true,"href":"https:\/\/gpl-love.com\/es\/wp-json\/wp\/v2\/product_brand?post=169518"},{"taxonomy":"product_cat","embeddable":true,"href":"https:\/\/gpl-love.com\/es\/wp-json\/wp\/v2\/product_cat?post=169518"},{"taxonomy":"product_tag","embeddable":true,"href":"https:\/\/gpl-love.com\/es\/wp-json\/wp\/v2\/product_tag?post=169518"}],"curies":[{"name":"wp","href":"https:\/\/api.w.org\/{rel}","templated":true}]}}