{"id":169514,"date":"2026-03-03T00:00:00","date_gmt":"2026-03-03T05:00:00","guid":{"rendered":"https:\/\/gpl-love.com\/es\/producto\/wployalty-pro-and-addons\/"},"modified":"2026-03-28T05:16:26","modified_gmt":"2026-03-28T10:16:26","slug":"wployalty-pro-and-addons","status":"publish","type":"product","link":"https:\/\/gpl-love.com\/es\/producto\/wployalty-pro-and-addons\/","title":{"rendered":"WPLoyalty Pro y Addons 1.4.5"},"content":{"rendered":"<h3>WPLoyalty Pro y Addons Caracteristicas<\/h3>\n<p>Aprovecha al m\u00e1ximo el potencial de tu tienda WooCommerce con WPLoyalty Pro y sus complementos. Dise\u00f1ado para empresas que buscan mejorar la interacci\u00f3n con sus clientes e impulsar las ventas, este completo programa de fidelizaci\u00f3n es tu herramienta definitiva para alcanzar el \u00e9xito. Con WPLoyalty Pro, puedes crear f\u00e1cilmente sistemas de recompensas personalizados que hagan que tus clientes vuelvan a por m\u00e1s.<\/p>\n<p>Descubre el poder de los complementos, que ampl\u00edan las capacidades de WPLoyalty Pro y te permiten adaptar tu programa a las necesidades \u00fanicas de tu negocio. Ya sea que busques implementar descuentos exclusivos, recompensas basadas en puntos o bonificaciones por recomendaci\u00f3n, estos complementos te ofrecen la flexibilidad y la creatividad que necesitas.<\/p>\n<p>Interact\u00faa con tus clientes con una experiencia fluida e intuitiva. El panel intuitivo de WPLoyalty Pro facilita el seguimiento de la actividad de los clientes, el an\u00e1lisis de tendencias y la optimizaci\u00f3n de tus estrategias de fidelizaci\u00f3n. Adem\u00e1s, con opciones de integraci\u00f3n avanzadas, puedes conectarte con herramientas de marketing populares para optimizar tus esfuerzos de comunicaci\u00f3n.<\/p>\n<ul>\n<li>Gesti\u00f3n integral de programas de fidelizaci\u00f3n<\/li>\n<li>Integraci\u00f3n perfecta con WordPress<\/li>\n<li>Recompensas e incentivos personalizables<\/li>\n<li>Interfaz intuitiva para una configuraci\u00f3n sencilla<\/li>\n<li>Herramientas avanzadas de an\u00e1lisis e informes<\/li>\n<li>Compatibilidad con m\u00faltiples campa\u00f1as de fidelizaci\u00f3n<\/li>\n<li>Compatibilidad con las pasarelas de pago m\u00e1s populares<\/li>\n<li>Actualizaciones peri\u00f3dicas y mejoras de funciones<\/li>\n<li>Amplia biblioteca de complementos para funcionalidades adicionales<\/li>\n<\/ul>\n","protected":false},"excerpt":{"rendered":"<p>Presentamos WPLoyalty Pro y sus complementos, la soluci\u00f3n definitiva para impulsar la fidelizaci\u00f3n y la interacci\u00f3n de tus clientes. Dise\u00f1ado para una integraci\u00f3n perfecta, WPLoyalty Pro ofrece potentes funciones como programas de recompensas personalizables, an\u00e1lisis en tiempo real y segmentaci\u00f3n automatizada de clientes. Con nuestros vers\u00e1tiles complementos, personaliza tus estrategias de fidelizaci\u00f3n para maximizar la retenci\u00f3n e impulsar la fidelizaci\u00f3n. Optimiza tu plataforma de comercio electr\u00f3nico con interfaces intuitivas y un soporte integral, garantizando una experiencia fluida tanto para ti como para tus clientes. Transforma tu negocio hoy mismo con WPLoyalty Pro y sus complementos, y observa c\u00f3mo la satisfacci\u00f3n de tus clientes aumenta exponencialmente.<\/p>\n","protected":false},"featured_media":169515,"comment_status":"open","ping_status":"open","template":"","meta":[],"product_brand":[2730],"product_cat":[1207,1248,1206],"product_tag":[2731],"class_list":{"0":"post-169514","1":"product","2":"type-product","3":"status-publish","4":"has-post-thumbnail","6":"product_brand-wp-localty","7":"product_cat-comercio-electronico-plugins","8":"product_cat-personalizacion-comercio-electronico-plugins","9":"product_cat-plugins","10":"product_tag-wp-localty","11":"member-discount","12":"discount-restricted","14":"first","15":"instock","16":"sale","17":"downloadable","18":"virtual","19":"sold-individually","20":"purchasable","21":"product-type-simple"},"_links":{"self":[{"href":"https:\/\/gpl-love.com\/es\/wp-json\/wp\/v2\/product\/169514","targetHints":{"allow":["GET"]}}],"collection":[{"href":"https:\/\/gpl-love.com\/es\/wp-json\/wp\/v2\/product"}],"about":[{"href":"https:\/\/gpl-love.com\/es\/wp-json\/wp\/v2\/types\/product"}],"replies":[{"embeddable":true,"href":"https:\/\/gpl-love.com\/es\/wp-json\/wp\/v2\/comments?post=169514"}],"wp:featuredmedia":[{"embeddable":true,"href":"https:\/\/gpl-love.com\/es\/wp-json\/wp\/v2\/media\/169515"}],"wp:attachment":[{"href":"https:\/\/gpl-love.com\/es\/wp-json\/wp\/v2\/media?parent=169514"}],"wp:term":[{"taxonomy":"product_brand","embeddable":true,"href":"https:\/\/gpl-love.com\/es\/wp-json\/wp\/v2\/product_brand?post=169514"},{"taxonomy":"product_cat","embeddable":true,"href":"https:\/\/gpl-love.com\/es\/wp-json\/wp\/v2\/product_cat?post=169514"},{"taxonomy":"product_tag","embeddable":true,"href":"https:\/\/gpl-love.com\/es\/wp-json\/wp\/v2\/product_tag?post=169514"}],"curies":[{"name":"wp","href":"https:\/\/api.w.org\/{rel}","templated":true}]}}