{"id":169512,"date":"2025-11-14T00:00:00","date_gmt":"2025-11-14T05:00:00","guid":{"rendered":"https:\/\/gpl-love.com\/es\/producto\/wp-client-reports-pro\/"},"modified":"2026-03-09T08:51:23","modified_gmt":"2026-03-09T13:51:23","slug":"wp-client-reports-pro","status":"publish","type":"product","link":"https:\/\/gpl-love.com\/es\/producto\/wp-client-reports-pro\/","title":{"rendered":"WP Client Reports Pro 1.0.19"},"content":{"rendered":"<h3>WP Client Reports Pro Caracteristicas<\/h3>\n<p>Presentamos WP Client Reports Pro, la soluci\u00f3n definitiva para generar informes de clientes sin problemas. Dise\u00f1ado espec\u00edficamente para profesionales de WordPress, WP Client Reports Pro te permite crear informes detallados y personalizados f\u00e1cilmente. Tanto si gestionas varios sitios como un solo proyecto, nuestra herramienta te garantiza resultados profesionales en todo momento.<\/p>\n<p>Con WP Client Reports Pro, automatiza tu proceso de generaci\u00f3n de informes y ahorra tiempo valioso. Se integra f\u00e1cilmente con tu configuraci\u00f3n de WordPress, lo que te permite centrarte en lo que realmente importa: el crecimiento de tu negocio. Nuestra interfaz intuitiva facilita la generaci\u00f3n de informes detallados que destacan m\u00e9tricas clave, tendencias de rendimiento y actualizaciones esenciales.<\/p>\n<p>Interact\u00faa con tus clientes con informes visualmente atractivos e informativos que demuestran tu experiencia y dedicaci\u00f3n. WP Client Reports Pro no es solo una herramienta, sino un aliado para tu \u00e9xito, ayud\u00e1ndote a mantener la transparencia y generar confianza con tus clientes.<\/p>\n<p>Experimenta el poder de la comunicaci\u00f3n y la gesti\u00f3n eficientes con tus clientes con WP Client Reports Pro. Mejora tus informes y destaca en el panorama competitivo.<\/p>\n<ul>\n<li>Herramienta integral de informes para clientes<\/li>\n<li>Plantillas de informes personalizables<\/li>\n<li>Generaci\u00f3n automatizada de informes<\/li>\n<li>Integraci\u00f3n con plataformas CMS populares<\/li>\n<li>Interfaz intuitiva<\/li>\n<li>Gesti\u00f3n segura de datos<\/li>\n<li>Opciones de marca blanca para la imagen de marca<\/li>\n<li>An\u00e1lisis e informaci\u00f3n en tiempo real<\/li>\n<li>Compatibilidad con varios idiomas<\/li>\n<\/ul>\n","protected":false},"excerpt":{"rendered":"<p>Presentamos WP Client Reports Pro, la soluci\u00f3n definitiva para una comunicaci\u00f3n fluida con tus clientes e informes detallados. Transforma tus interacciones con los clientes con esta potente herramienta dise\u00f1ada para generar informes profesionales y automatizados f\u00e1cilmente. Sus funciones clave incluyen plantillas personalizables, integraci\u00f3n de datos en tiempo real y paneles de control intuitivos, lo que garantiza un servicio excepcional en todo momento. Ideal para agencias y freelancers, WP Client Reports Pro te ahorra tiempo y mejora la satisfacci\u00f3n de tus clientes. Aprovecha el potencial de los flujos de trabajo optimizados y haz crecer tu negocio. Experimenta la diferencia con WP Client Reports Pro hoy mismo.<\/p>\n","protected":false},"featured_media":169513,"comment_status":"open","ping_status":"open","template":"","meta":[],"product_brand":[2728],"product_cat":[1214,1206,1211],"product_tag":[2729],"class_list":{"0":"post-169512","1":"product","2":"type-product","3":"status-publish","4":"has-post-thumbnail","6":"product_brand-switch-wp","7":"product_cat-personalizacion","8":"product_cat-plugins","9":"product_cat-wordpress-plugins","10":"product_tag-switch-wp","11":"member-discount","12":"discount-restricted","14":"first","15":"instock","16":"sale","17":"downloadable","18":"virtual","19":"sold-individually","20":"purchasable","21":"product-type-simple"},"_links":{"self":[{"href":"https:\/\/gpl-love.com\/es\/wp-json\/wp\/v2\/product\/169512","targetHints":{"allow":["GET"]}}],"collection":[{"href":"https:\/\/gpl-love.com\/es\/wp-json\/wp\/v2\/product"}],"about":[{"href":"https:\/\/gpl-love.com\/es\/wp-json\/wp\/v2\/types\/product"}],"replies":[{"embeddable":true,"href":"https:\/\/gpl-love.com\/es\/wp-json\/wp\/v2\/comments?post=169512"}],"wp:featuredmedia":[{"embeddable":true,"href":"https:\/\/gpl-love.com\/es\/wp-json\/wp\/v2\/media\/169513"}],"wp:attachment":[{"href":"https:\/\/gpl-love.com\/es\/wp-json\/wp\/v2\/media?parent=169512"}],"wp:term":[{"taxonomy":"product_brand","embeddable":true,"href":"https:\/\/gpl-love.com\/es\/wp-json\/wp\/v2\/product_brand?post=169512"},{"taxonomy":"product_cat","embeddable":true,"href":"https:\/\/gpl-love.com\/es\/wp-json\/wp\/v2\/product_cat?post=169512"},{"taxonomy":"product_tag","embeddable":true,"href":"https:\/\/gpl-love.com\/es\/wp-json\/wp\/v2\/product_tag?post=169512"}],"curies":[{"name":"wp","href":"https:\/\/api.w.org\/{rel}","templated":true}]}}