{"id":169502,"date":"2026-04-08T00:00:00","date_gmt":"2026-04-08T05:00:00","guid":{"rendered":"https:\/\/gpl-love.com\/es\/producto\/1-6-26\/"},"modified":"2026-04-08T17:16:44","modified_gmt":"2026-04-08T22:16:44","slug":"1-6-26","status":"publish","type":"product","link":"https:\/\/gpl-love.com\/es\/producto\/1-6-26\/","title":{"rendered":"Meta Box Conditional Logic 1.6.29"},"content":{"rendered":"<h3>Meta Box Conditional Logic Caracteristicas<\/h3>\n<p>Presentamos la herramienta definitiva para entusiastas de WordPress: Meta Box Conditional Logic. Optimiza la funcionalidad de tu sitio web con esta potente extensi\u00f3n que te permite mostrar campos seg\u00fan la informaci\u00f3n del usuario, creando una experiencia din\u00e1mica y personalizada. Tanto si eres desarrollador como creador de contenido, Meta Box Conditional Logic simplifica tu flujo de trabajo permiti\u00e9ndote mostrar u ocultar campos f\u00e1cilmente.<\/p>\n<p>Imagina un formulario que se adapta a las necesidades de tus usuarios, mostrando solo la informaci\u00f3n relevante. Con Meta Box Conditional Logic, puedes lograrlo. Es perfecto para crear tipos de entradas personalizadas, taxonom\u00edas e incluso p\u00e1ginas de productos de comercio electr\u00f3nico que responden intuitivamente a la informaci\u00f3n de tu audiencia.<\/p>\n<p>Nuestra interfaz intuitiva te permite configurar reglas condicionales sin necesidad de conocimientos de programaci\u00f3n. Simplemente elige tus condiciones y deja que Meta Box Conditional Logic se encargue del resto. Es compatible con todas las extensiones de Meta Box, lo que garantiza una integraci\u00f3n perfecta y m\u00e1xima flexibilidad.<\/p>\n<ul>\n<li>Permite la l\u00f3gica condicional para campos personalizados<\/li>\n<li>Interfaz intuitiva para configurar condiciones<\/li>\n<li>Admite m\u00faltiples reglas condicionales<\/li>\n<li>Funciona con todo tipo de campos<\/li>\n<li>Compatible con WordPress y el plugin Meta Box<\/li>\n<li>No requiere programaci\u00f3n para la configuraci\u00f3n<\/li>\n<li>Vista previa en tiempo real de la configuraci\u00f3n condicional<\/li>\n<li>Permite condiciones anidadas complejas<\/li>\n<li>Ligero y optimizado para un rendimiento \u00f3ptimo<\/li>\n<\/ul>\n","protected":false},"excerpt":{"rendered":"<p>Descubre la m\u00e1xima flexibilidad para tu sitio WordPress con Meta Box Conditional Logic. Esta potente herramienta te permite controlar f\u00e1cilmente los campos personalizados, mejorando la experiencia del usuario y optimizando la gesti\u00f3n de contenido. Con Meta Box Conditional Logic, puedes personalizar f\u00e1cilmente tu sitio para mostrar u ocultar campos seg\u00fan la entrada del usuario, garantizando una interfaz clara e intuitiva. Perfecta para desarrolladores y propietarios de sitios web, esta soluci\u00f3n repleta de funciones ahorra tiempo y aumenta la productividad. Optimiza la funcionalidad de tu sitio e interact\u00faa con tu audiencia con precisi\u00f3n. Libera el potencial de tu sitio WordPress hoy mismo con Meta Box Conditional Logic.<\/p>\n","protected":false},"featured_media":169511,"comment_status":"open","ping_status":"open","template":"","meta":[],"product_brand":[2497],"product_cat":[1214,1206,1211],"product_tag":[2216],"class_list":{"0":"post-169502","1":"product","2":"type-product","3":"status-publish","4":"has-post-thumbnail","6":"product_brand-meta-box","7":"product_cat-personalizacion","8":"product_cat-plugins","9":"product_cat-wordpress-plugins","10":"product_tag-meta-box","11":"member-discount","12":"discount-restricted","14":"first","15":"instock","16":"sale","17":"downloadable","18":"virtual","19":"sold-individually","20":"purchasable","21":"product-type-simple"},"_links":{"self":[{"href":"https:\/\/gpl-love.com\/es\/wp-json\/wp\/v2\/product\/169502","targetHints":{"allow":["GET"]}}],"collection":[{"href":"https:\/\/gpl-love.com\/es\/wp-json\/wp\/v2\/product"}],"about":[{"href":"https:\/\/gpl-love.com\/es\/wp-json\/wp\/v2\/types\/product"}],"replies":[{"embeddable":true,"href":"https:\/\/gpl-love.com\/es\/wp-json\/wp\/v2\/comments?post=169502"}],"wp:featuredmedia":[{"embeddable":true,"href":"https:\/\/gpl-love.com\/es\/wp-json\/wp\/v2\/media\/169511"}],"wp:attachment":[{"href":"https:\/\/gpl-love.com\/es\/wp-json\/wp\/v2\/media?parent=169502"}],"wp:term":[{"taxonomy":"product_brand","embeddable":true,"href":"https:\/\/gpl-love.com\/es\/wp-json\/wp\/v2\/product_brand?post=169502"},{"taxonomy":"product_cat","embeddable":true,"href":"https:\/\/gpl-love.com\/es\/wp-json\/wp\/v2\/product_cat?post=169502"},{"taxonomy":"product_tag","embeddable":true,"href":"https:\/\/gpl-love.com\/es\/wp-json\/wp\/v2\/product_tag?post=169502"}],"curies":[{"name":"wp","href":"https:\/\/api.w.org\/{rel}","templated":true}]}}