{"id":169500,"date":"2025-05-26T00:00:00","date_gmt":"2025-05-26T05:00:00","guid":{"rendered":"https:\/\/gpl-love.com\/es\/producto\/1-4-5\/"},"modified":"2026-03-09T08:51:19","modified_gmt":"2026-03-09T13:51:19","slug":"1-4-5","status":"publish","type":"product","link":"https:\/\/gpl-love.com\/es\/producto\/1-4-5\/","title":{"rendered":"Modern Events Calendar Advanced Importer 1.4.5"},"content":{"rendered":"<h3>Modern Events Calendar Advanced Importer Caracteristicas<\/h3>\n<p>Presentamos el Importador Avanzado del Calendario de Eventos Moderno, la herramienta definitiva para gestionar f\u00e1cilmente los datos de tus eventos. Tanto si eres un organizador de eventos con mucha actividad como si eres el propietario de un negocio, este importador avanzado simplifica el proceso, ahorr\u00e1ndote tiempo y esfuerzo. Con su interfaz intuitiva, el Importador Avanzado del Calendario de Eventos Moderno te permite importar eventos desde diversas plataformas sin esfuerzo y con solo unos clics.<\/p>\n<p>\u00a1Dile adi\u00f3s a la entrada manual de datos y dale la bienvenida a la automatizaci\u00f3n! Esta potente herramienta garantiza que tu calendario se mantenga actualizado, proporcionando a tu p\u00fablico la informaci\u00f3n m\u00e1s reciente sobre los eventos. Ya sea que importes desde Google Calendar, iCal u otras plataformas populares, el Importador Avanzado del Calendario de Eventos Moderno lo gestiona todo con precisi\u00f3n.<\/p>\n<p>Dise\u00f1ado pensando en los usuarios modernos, este importador se integra a la perfecci\u00f3n con tus sistemas existentes, garantizando una experiencia sin complicaciones. Sus funciones avanzadas y su rendimiento fiable lo convierten en una herramienta imprescindible para quienes buscan optimizar la gesti\u00f3n de eventos.<\/p>\n<ul>\n<li>Integraci\u00f3n perfecta con el Calendario de Eventos Moderno<\/li>\n<li>Importa eventos desde diversas fuentes externas<\/li>\n<li>Admite m\u00faltiples formatos de archivo para la importaci\u00f3n<\/li>\n<li>Opciones de filtrado avanzadas para una importaci\u00f3n selectiva<\/li>\n<li>Importaciones programadas automatizadas<\/li>\n<li>Interfaz intuitiva para una navegaci\u00f3n sencilla<\/li>\n<li>Opci\u00f3n para asignar datos importados a campos de calendario existentes<\/li>\n<li>Detecci\u00f3n y gesti\u00f3n de eventos duplicados<\/li>\n<li>Configuraci\u00f3n de importaci\u00f3n personalizable para obtener resultados a medida<\/li>\n<\/ul>\n","protected":false},"excerpt":{"rendered":"<p>Presentamos el Importador Avanzado del Calendario de Eventos Moderno, una potente herramienta dise\u00f1ada para optimizar la gesti\u00f3n de eventos. Importa eventos f\u00e1cilmente desde diversas plataformas, ahorrando tiempo y aumentando tu productividad. Este importador avanzado se integra a la perfecci\u00f3n con los calendarios m\u00e1s populares, garantizando que tu agenda est\u00e9 siempre actualizada. Con funciones intuitivas y una interfaz intuitiva, es perfecto para empresas y organizadores de eventos que buscan eficiencia. Optimiza tu experiencia de planificaci\u00f3n de eventos, reduce el trabajo manual y mantente organizado con el Importador Avanzado del Calendario de Eventos Moderno. Tanto si gestionas eventos corporativos como agendas personales, esta herramienta es tu soluci\u00f3n ideal para una sincronizaci\u00f3n y gesti\u00f3n de eventos fluida.<\/p>\n","protected":false},"featured_media":169509,"comment_status":"open","ping_status":"open","template":"","meta":[],"product_brand":[2408],"product_cat":[1212,1206,1211],"product_tag":[1419],"class_list":{"0":"post-169500","1":"product","2":"type-product","3":"status-publish","4":"has-post-thumbnail","6":"product_brand-webnus","7":"product_cat-administracion-wordpress-plugins","8":"product_cat-plugins","9":"product_cat-wordpress-plugins","10":"product_tag-webnus","11":"member-discount","12":"discount-restricted","14":"first","15":"instock","16":"sale","17":"downloadable","18":"virtual","19":"sold-individually","20":"purchasable","21":"product-type-simple"},"_links":{"self":[{"href":"https:\/\/gpl-love.com\/es\/wp-json\/wp\/v2\/product\/169500","targetHints":{"allow":["GET"]}}],"collection":[{"href":"https:\/\/gpl-love.com\/es\/wp-json\/wp\/v2\/product"}],"about":[{"href":"https:\/\/gpl-love.com\/es\/wp-json\/wp\/v2\/types\/product"}],"replies":[{"embeddable":true,"href":"https:\/\/gpl-love.com\/es\/wp-json\/wp\/v2\/comments?post=169500"}],"wp:featuredmedia":[{"embeddable":true,"href":"https:\/\/gpl-love.com\/es\/wp-json\/wp\/v2\/media\/169509"}],"wp:attachment":[{"href":"https:\/\/gpl-love.com\/es\/wp-json\/wp\/v2\/media?parent=169500"}],"wp:term":[{"taxonomy":"product_brand","embeddable":true,"href":"https:\/\/gpl-love.com\/es\/wp-json\/wp\/v2\/product_brand?post=169500"},{"taxonomy":"product_cat","embeddable":true,"href":"https:\/\/gpl-love.com\/es\/wp-json\/wp\/v2\/product_cat?post=169500"},{"taxonomy":"product_tag","embeddable":true,"href":"https:\/\/gpl-love.com\/es\/wp-json\/wp\/v2\/product_tag?post=169500"}],"curies":[{"name":"wp","href":"https:\/\/api.w.org\/{rel}","templated":true}]}}