{"id":169498,"date":"2025-05-26T00:00:00","date_gmt":"2025-05-26T05:00:00","guid":{"rendered":"https:\/\/gpl-love.com\/es\/producto\/wp-zone-divi-icon-party-1-1-12\/"},"modified":"2026-03-09T08:51:17","modified_gmt":"2026-03-09T13:51:17","slug":"wp-zone-divi-icon-party-1-1-12","status":"publish","type":"product","link":"https:\/\/gpl-love.com\/es\/producto\/wp-zone-divi-icon-party-1-1-12\/","title":{"rendered":"WP Zone Divi Icon Party 1.1.12"},"content":{"rendered":"<h3>WP Zone Divi Icon Party Caracteristicas<\/h3>\n<p>Presentamos WP Zone Divi Icon Party: \u00a1la herramienta definitiva para mejorar el dise\u00f1o de tu sitio web! Si buscas realzar tu sitio WordPress con un toque de creatividad, esta es la soluci\u00f3n perfecta. WP Zone, conocido por sus soluciones innovadoras, te trae Divi Icon Party, una herramienta repleta de funciones que se integra a la perfecci\u00f3n con el tema Divi.<\/p>\n<p>Con Divi Icon Party, tus posibilidades de dise\u00f1o son infinitas. Ya sea que busques una apariencia profesional y elegante o un estilo vibrante y divertido, esta herramienta es tu mejor aliada. Disfruta de una extensa colecci\u00f3n de \u00edconos que se adaptan a todos los estilos y preferencias. Su interfaz intuitiva te permite personalizar e implementar \u00edconos f\u00e1cilmente.<\/p>\n<p>\u00bfPor qu\u00e9 elegir WP Zone Divi Icon Party? No solo ofrece una amplia biblioteca de \u00edconos, sino que tambi\u00e9n mejora la interacci\u00f3n del usuario y potencia el atractivo visual. Perfecta para dise\u00f1adores, desarrolladores y entusiastas de WordPress, esta herramienta garantiza que tu sitio web destaque en el abarrotado mundo digital.<\/p>\n<ul>\n<li>Amplia colecci\u00f3n de \u00edconos personalizados<\/li>\n<li>Integraci\u00f3n perfecta con Divi Builder<\/li>\n<li>\u00cdconos vectoriales de alta resoluci\u00f3n para mayor escalabilidad<\/li>\n<li>Interfaz de arrastrar y soltar f\u00e1cil de usar<\/li>\n<li>Compatible con todos los m\u00f3dulos de Divi<\/li>\n<li>Actualizaciones peri\u00f3dicas con nuevos \u00edconos<\/li>\n<li>Ligero y optimizado para un rendimiento \u00f3ptimo<\/li>\n<li>Opciones de tama\u00f1o, color y estilo personalizables<\/li>\n<li>Admite efectos y animaciones al pasar el cursor<\/li>\n<\/ul>\n","protected":false},"excerpt":{"rendered":"<p>Presentamos WP Zone Divi Icon Party, tu soluci\u00f3n definitiva para potenciar la creatividad en dise\u00f1o web. Integra f\u00e1cilmente iconos \u00fanicos y personalizables en tus proyectos Divi. Nuestra extensa biblioteca de iconos, dise\u00f1ada para ser vers\u00e1til, garantiza que tu sitio web destaque, impulsando la interacci\u00f3n y el atractivo visual. Mejora la experiencia del usuario f\u00e1cilmente con opciones intuitivas de colocaci\u00f3n y personalizaci\u00f3n de iconos. Perfecto para dise\u00f1adores que buscan elementos din\u00e1micos y responsivos. \u00a1Da rienda suelta a tu creatividad con WP Zone Divi Icon Party y transforma tu presencia digital hoy mismo!<\/p>\n","protected":false},"featured_media":169507,"comment_status":"open","ping_status":"open","template":"","meta":[],"product_brand":[2538],"product_cat":[1214,1206,1211],"product_tag":[2273],"class_list":{"0":"post-169498","1":"product","2":"type-product","3":"status-publish","4":"has-post-thumbnail","6":"product_brand-wp-zone","7":"product_cat-personalizacion","8":"product_cat-plugins","9":"product_cat-wordpress-plugins","10":"product_tag-wp-zone","11":"member-discount","12":"discount-restricted","14":"first","15":"instock","16":"sale","17":"downloadable","18":"virtual","19":"sold-individually","20":"purchasable","21":"product-type-simple"},"_links":{"self":[{"href":"https:\/\/gpl-love.com\/es\/wp-json\/wp\/v2\/product\/169498","targetHints":{"allow":["GET"]}}],"collection":[{"href":"https:\/\/gpl-love.com\/es\/wp-json\/wp\/v2\/product"}],"about":[{"href":"https:\/\/gpl-love.com\/es\/wp-json\/wp\/v2\/types\/product"}],"replies":[{"embeddable":true,"href":"https:\/\/gpl-love.com\/es\/wp-json\/wp\/v2\/comments?post=169498"}],"wp:featuredmedia":[{"embeddable":true,"href":"https:\/\/gpl-love.com\/es\/wp-json\/wp\/v2\/media\/169507"}],"wp:attachment":[{"href":"https:\/\/gpl-love.com\/es\/wp-json\/wp\/v2\/media?parent=169498"}],"wp:term":[{"taxonomy":"product_brand","embeddable":true,"href":"https:\/\/gpl-love.com\/es\/wp-json\/wp\/v2\/product_brand?post=169498"},{"taxonomy":"product_cat","embeddable":true,"href":"https:\/\/gpl-love.com\/es\/wp-json\/wp\/v2\/product_cat?post=169498"},{"taxonomy":"product_tag","embeddable":true,"href":"https:\/\/gpl-love.com\/es\/wp-json\/wp\/v2\/product_tag?post=169498"}],"curies":[{"name":"wp","href":"https:\/\/api.w.org\/{rel}","templated":true}]}}