{"id":169497,"date":"2026-04-10T00:00:00","date_gmt":"2026-04-10T05:00:00","guid":{"rendered":"https:\/\/gpl-love.com\/es\/producto\/paid-memberships-pro-group-accounts-1-4\/"},"modified":"2026-04-10T11:34:19","modified_gmt":"2026-04-10T16:34:19","slug":"paid-memberships-pro-group-accounts-1-4","status":"publish","type":"product","link":"https:\/\/gpl-love.com\/es\/producto\/paid-memberships-pro-group-accounts-1-4\/","title":{"rendered":"Paid Memberships Pro Group Accounts 1.5.2"},"content":{"rendered":"<h3>Paid Memberships Pro Group Accounts Caracteristicas<\/h3>\n<p>\u00a1Desbloquea todo el potencial de tu organizaci\u00f3n con las Cuentas de Grupo Pro de Membres\u00edas Pagadas! Nuestra innovadora soluci\u00f3n de membres\u00eda est\u00e1 dise\u00f1ada para empresas, clubes y comunidades que buscan administrar varias cuentas de miembros en una sola plataforma. Con las Cuentas de Grupo, puedes optimizar la administraci\u00f3n, simplificar la facturaci\u00f3n y mejorar la participaci\u00f3n de los miembros, todo en una sola plataforma.<\/p>\n<p>Imagina poder controlar la experiencia de membres\u00eda de todo tu grupo f\u00e1cilmente. Las Cuentas de Grupo Pro de Membres\u00edas Pagadas te permiten agregar o eliminar miembros f\u00e1cilmente, personalizar los niveles de acceso y monitorear la actividad del grupo en tiempo real. Ya sea que gestiones un equipo deportivo, un grupo corporativo o un club social, nuestra plataforma se adapta a tus necesidades \u00fanicas.<\/p>\n<p>Nuestra interfaz intuitiva garantiza una experiencia fluida tanto para administradores como para miembros. Disfruta de la flexibilidad de planes de membres\u00eda personalizables, renovaciones autom\u00e1ticas e informes detallados. Adem\u00e1s, nuestro s\u00f3lido equipo de soporte est\u00e1 siempre listo para ayudarte con cualquier consulta.<\/p>\n<p>Transforma tu forma de gestionar tus membres\u00edas hoy mismo con las Cuentas de Grupo Pro de Membres\u00edas Pagadas. Experimenta la diferencia en eficiencia y satisfacci\u00f3n.<\/p>\n<ul>\n<li>Permite la creaci\u00f3n de membres\u00edas grupales con m\u00faltiples miembros en una sola cuenta.<\/li>\n<li>Proporciona un sistema de facturaci\u00f3n centralizado para los l\u00edderes de grupo.<\/li>\n<li>Ofrece roles y permisos de grupo personalizables.<\/li>\n<li>Permite a los l\u00edderes de grupo gestionar a sus propios miembros.<\/li>\n<li>Admite varios niveles de membres\u00eda para diferentes grupos.<\/li>\n<li>Integraci\u00f3n con las pasarelas de pago m\u00e1s populares para facilitar las transacciones.<\/li>\n<li>Incluye informes y an\u00e1lisis de las actividades grupales.<\/li>\n<li>Ofrece opciones para la comunicaci\u00f3n y las notificaciones grupales.<\/li>\n<li>Ofrece una integraci\u00f3n perfecta con sitios de WordPress.<\/li>\n<\/ul>\n","protected":false},"excerpt":{"rendered":"<p>Disfrute de una gesti\u00f3n fluida y beneficios exclusivos con las Cuentas de Grupo de Membres\u00edas Pagadas Pro. Dise\u00f1ada para organizaciones, esta potente herramienta simplifica la gesti\u00f3n de miembros, ofreciendo funciones personalizables que se adaptan a sus necesidades espec\u00edficas. Mejore la experiencia de su grupo con niveles de acceso escalonados, facturaci\u00f3n automatizada y an\u00e1lisis detallados. Gestione sus suscripciones f\u00e1cilmente y disfrute de soporte prioritario, garantizando un funcionamiento fluido y eficiente. Con Membres\u00edas Pagadas Pro, impulse el potencial de su grupo y agilice las interacciones con los miembros. \u00a1Experimente hoy mismo la m\u00e1xima flexibilidad y control!<\/p>\n","protected":false},"featured_media":169506,"comment_status":"open","ping_status":"open","template":"","meta":[],"product_brand":[2524],"product_cat":[1214,1206,1211],"product_tag":[2255],"class_list":{"0":"post-169497","1":"product","2":"type-product","3":"status-publish","4":"has-post-thumbnail","6":"product_brand-paid-memberships-pro","7":"product_cat-personalizacion","8":"product_cat-plugins","9":"product_cat-wordpress-plugins","10":"product_tag-paid-memberships-pro","11":"member-discount","12":"discount-restricted","14":"first","15":"instock","16":"sale","17":"downloadable","18":"virtual","19":"sold-individually","20":"purchasable","21":"product-type-simple"},"_links":{"self":[{"href":"https:\/\/gpl-love.com\/es\/wp-json\/wp\/v2\/product\/169497","targetHints":{"allow":["GET"]}}],"collection":[{"href":"https:\/\/gpl-love.com\/es\/wp-json\/wp\/v2\/product"}],"about":[{"href":"https:\/\/gpl-love.com\/es\/wp-json\/wp\/v2\/types\/product"}],"replies":[{"embeddable":true,"href":"https:\/\/gpl-love.com\/es\/wp-json\/wp\/v2\/comments?post=169497"}],"wp:featuredmedia":[{"embeddable":true,"href":"https:\/\/gpl-love.com\/es\/wp-json\/wp\/v2\/media\/169506"}],"wp:attachment":[{"href":"https:\/\/gpl-love.com\/es\/wp-json\/wp\/v2\/media?parent=169497"}],"wp:term":[{"taxonomy":"product_brand","embeddable":true,"href":"https:\/\/gpl-love.com\/es\/wp-json\/wp\/v2\/product_brand?post=169497"},{"taxonomy":"product_cat","embeddable":true,"href":"https:\/\/gpl-love.com\/es\/wp-json\/wp\/v2\/product_cat?post=169497"},{"taxonomy":"product_tag","embeddable":true,"href":"https:\/\/gpl-love.com\/es\/wp-json\/wp\/v2\/product_tag?post=169497"}],"curies":[{"name":"wp","href":"https:\/\/api.w.org\/{rel}","templated":true}]}}