{"id":169496,"date":"2026-04-10T00:00:00","date_gmt":"2026-04-10T05:00:00","guid":{"rendered":"https:\/\/gpl-love.com\/es\/producto\/everest-forms-advanced-form-analytics-6\/"},"modified":"2026-04-10T11:34:19","modified_gmt":"2026-04-10T16:34:19","slug":"everest-forms-advanced-form-analytics-6","status":"publish","type":"product","link":"https:\/\/gpl-love.com\/es\/producto\/everest-forms-advanced-form-analytics-6\/","title":{"rendered":"Voxel Wordpress Theme 1.7.7.4"},"content":{"rendered":"<h3>Voxel Wordpress Theme Caracteristicas<\/h3>\n<p>Presentamos el tema Voxel para WordPress, la soluci\u00f3n definitiva para crear sitios web impactantes y responsivos sin esfuerzo. Dise\u00f1ado tanto para creativos como para profesionales, este tema ofrece una combinaci\u00f3n perfecta de funcionalidad y est\u00e9tica. Con Voxel, puedes personalizar f\u00e1cilmente dise\u00f1os, colores y fuentes para reflejar la identidad \u00fanica de tu marca.<\/p>\n<p>Voxel est\u00e1 repleto de funciones que lo convierten en la mejor opci\u00f3n para quienes buscan construir una presencia online potente. Disfruta de la facilidad de dise\u00f1o de arrastrar y soltar con el creador de p\u00e1ginas integrado, que te permite crear p\u00e1ginas atractivas sin necesidad de conocimientos de programaci\u00f3n. Su dise\u00f1o responsivo garantiza que tu sitio se vea perfecto en cualquier dispositivo, mejorando la experiencia del usuario y el rendimiento SEO.<\/p>\n<p>Este tema para WordPress est\u00e1 optimizado para la velocidad, lo que garantiza tiempos de carga r\u00e1pidos para mantener la atenci\u00f3n de los visitantes. El tema Voxel tambi\u00e9n es compatible con WooCommerce, lo que lo hace ideal para crear una tienda online. Con las herramientas SEO integradas, puedes aumentar la visibilidad de tu sitio en los motores de b\u00fasqueda, atrayendo a m\u00e1s visitantes y clientes potenciales.<\/p>\n<ul>\n<li>Dise\u00f1o responsivo para una visualizaci\u00f3n fluida en todos los dispositivos<\/li>\n<li>Opciones de dise\u00f1o personalizables para un dise\u00f1o de sitio \u00fanico<\/li>\n<li>Optimizaci\u00f3n SEO para un mejor posicionamiento en buscadores<\/li>\n<li>Creador de p\u00e1ginas de arrastrar y soltar para una f\u00e1cil personalizaci\u00f3n<\/li>\n<li>Integraci\u00f3n con plugins populares como WooCommerce y Contact Form 7<\/li>\n<li>M\u00faltiples plantillas predise\u00f1adas para una configuraci\u00f3n r\u00e1pida<\/li>\n<li>Opciones tipogr\u00e1ficas avanzadas para un estilo personalizado<\/li>\n<li>Funciones integradas para compartir en redes sociales<\/li>\n<li>Compatible con pantallas Retina de alta resoluci\u00f3n<\/li>\n<\/ul>\n","protected":false},"excerpt":{"rendered":"<p>Presentamos Voxel, el tema definitivo para WordPress, dise\u00f1ado para la creatividad y la funcionalidad. Perfecto para blogueros, empresas y dise\u00f1adores, Voxel combina una est\u00e9tica elegante con potentes funciones para mejorar tu presencia online. Con dise\u00f1os personalizables, dise\u00f1o responsivo e integraci\u00f3n perfecta, este tema garantiza que tu sitio web se vea espectacular en cualquier dispositivo. Impulsa tu SEO f\u00e1cilmente con la estructura optimizada de Voxel y disfruta de herramientas f\u00e1ciles de usar que facilitan la gesti\u00f3n de tu sitio web. Transforma tu sitio con Voxel y cautiva a tu audiencia hoy mismo.<\/p>\n","protected":false},"featured_media":169505,"comment_status":"open","ping_status":"open","template":"","meta":[],"product_brand":[2726],"product_cat":[1239,1237,1238],"product_tag":[2727],"class_list":{"0":"post-169496","1":"product","2":"type-product","3":"status-publish","4":"has-post-thumbnail","6":"product_brand-27-collective","7":"product_cat-de-multiples-fines","8":"product_cat-temas","9":"product_cat-wordpress-temas","10":"product_tag-27-collective","11":"member-discount","12":"discount-restricted","14":"first","15":"instock","16":"sale","17":"downloadable","18":"virtual","19":"sold-individually","20":"purchasable","21":"product-type-simple"},"_links":{"self":[{"href":"https:\/\/gpl-love.com\/es\/wp-json\/wp\/v2\/product\/169496","targetHints":{"allow":["GET"]}}],"collection":[{"href":"https:\/\/gpl-love.com\/es\/wp-json\/wp\/v2\/product"}],"about":[{"href":"https:\/\/gpl-love.com\/es\/wp-json\/wp\/v2\/types\/product"}],"replies":[{"embeddable":true,"href":"https:\/\/gpl-love.com\/es\/wp-json\/wp\/v2\/comments?post=169496"}],"wp:featuredmedia":[{"embeddable":true,"href":"https:\/\/gpl-love.com\/es\/wp-json\/wp\/v2\/media\/169505"}],"wp:attachment":[{"href":"https:\/\/gpl-love.com\/es\/wp-json\/wp\/v2\/media?parent=169496"}],"wp:term":[{"taxonomy":"product_brand","embeddable":true,"href":"https:\/\/gpl-love.com\/es\/wp-json\/wp\/v2\/product_brand?post=169496"},{"taxonomy":"product_cat","embeddable":true,"href":"https:\/\/gpl-love.com\/es\/wp-json\/wp\/v2\/product_cat?post=169496"},{"taxonomy":"product_tag","embeddable":true,"href":"https:\/\/gpl-love.com\/es\/wp-json\/wp\/v2\/product_tag?post=169496"}],"curies":[{"name":"wp","href":"https:\/\/api.w.org\/{rel}","templated":true}]}}