{"id":169495,"date":"2026-04-08T00:00:00","date_gmt":"2026-04-08T05:00:00","guid":{"rendered":"https:\/\/gpl-love.com\/es\/producto\/everest-forms-advanced-form-analytics-5\/"},"modified":"2026-04-08T11:16:57","modified_gmt":"2026-04-08T16:16:57","slug":"everest-forms-advanced-form-analytics-5","status":"publish","type":"product","link":"https:\/\/gpl-love.com\/es\/producto\/everest-forms-advanced-form-analytics-5\/","title":{"rendered":"WPDesk Dropshipping XML WooCommerce Pro 2.12.1"},"content":{"rendered":"<h3>WPDesk Dropshipping XML WooCommerce Pro Caracteristicas<\/h3>\n<p>Presentamos WPDesk Dropshipping XML WooCommerce Pro: \u00a1la soluci\u00f3n definitiva para una integraci\u00f3n fluida con el comercio electr\u00f3nico! Dise\u00f1ada para minoristas online ambiciosos, esta potente herramienta transforma tu tienda WooCommerce en un aut\u00e9ntico centro de dropshipping. Dile adi\u00f3s a los problemas de inventario y dale la bienvenida a una automatizaci\u00f3n sin esfuerzo.<\/p>\n<p>Con WPDesk Dropshipping XML, puedes importar f\u00e1cilmente productos de proveedores directamente a tu tienda WooCommerce. La funci\u00f3n de importaci\u00f3n XML garantiza que tus listados de productos est\u00e9n siempre actualizados, d\u00e1ndote m\u00e1s tiempo para concentrarte en el crecimiento de tu negocio. Tanto si eres un experto en dropshipping como si est\u00e1s empezando, este plugin simplifica todo el proceso.<\/p>\n<p>Interact\u00faa con tus clientes con informaci\u00f3n precisa de los productos y actualizaciones en tiempo real. La interfaz intuitiva facilita la gesti\u00f3n de tu tienda, mientras que las robustas funciones de WooCommerce Pro garantizan un funcionamiento fluido y eficiente de tu sitio. Experimenta la libertad de gestionar tu negocio desde cualquier lugar, con todo lo que necesitas al alcance de la mano.<\/p>\n<p>Mejora tu estrategia de comercio electr\u00f3nico hoy mismo con WPDesk Dropshipping XML WooCommerce Pro. Transforma tu tienda en una plataforma de ventas eficiente y eficaz.<\/p>\n<ul>\n<li>Integraci\u00f3n perfecta con WooCommerce<\/li>\n<li>Admite la importaci\u00f3n de archivos XML para la informaci\u00f3n de productos<\/li>\n<li>Actualizaciones autom\u00e1ticas de inventario de los proveedores<\/li>\n<li>Mapeo de datos de productos personalizable<\/li>\n<li>Funcionalidad de importaci\u00f3n masiva de productos<\/li>\n<li>Importaciones programadas para actualizaciones peri\u00f3dicas<\/li>\n<li>Compatible con m\u00faltiples proveedores y archivos XML<\/li>\n<li>Interfaz f\u00e1cil de usar para la configuraci\u00f3n y la gesti\u00f3n<\/li>\n<li>Compatible con varios temas y plugins de WordPress<\/li>\n<li>Proporciona registros e informes detallados de las actividades de importaci\u00f3n<\/li>\n<\/ul>\n","protected":false},"excerpt":{"rendered":"<p>Presentamos WPDesk Dropshipping XML WooCommerce Pro, la soluci\u00f3n definitiva para una gesti\u00f3n fluida de tu comercio electr\u00f3nico. Dise\u00f1ada para emprendedores con experiencia, esta potente herramienta optimiza tus operaciones de dropshipping integrando f\u00e1cilmente feeds de datos XML en tu tienda WooCommerce. Disfruta de una gesti\u00f3n de inventario optimizada, actualizaciones en tiempo real y sincronizaci\u00f3n automatizada de productos, lo que garantiza que tu tienda est\u00e9 siempre al d\u00eda. Impulsa la eficiencia de tu negocio con funciones avanzadas dise\u00f1adas para optimizar la experiencia del usuario y aumentar las tasas de conversi\u00f3n de ventas. Prep\u00e1rate para transformar tu tienda online con WPDesk Dropshipping XML WooCommerce Pro: donde la innovaci\u00f3n se une a la simplicidad para un \u00e9xito inigualable en el comercio electr\u00f3nico.<\/p>\n","protected":false},"featured_media":169504,"comment_status":"open","ping_status":"open","template":"","meta":[],"product_brand":[2454],"product_cat":[1212,1206,1211],"product_tag":[1716],"class_list":{"0":"post-169495","1":"product","2":"type-product","3":"status-publish","4":"has-post-thumbnail","6":"product_brand-wp-desk","7":"product_cat-administracion-wordpress-plugins","8":"product_cat-plugins","9":"product_cat-wordpress-plugins","10":"product_tag-wp-desk","11":"member-discount","12":"discount-restricted","14":"first","15":"instock","16":"sale","17":"downloadable","18":"virtual","19":"sold-individually","20":"purchasable","21":"product-type-simple"},"_links":{"self":[{"href":"https:\/\/gpl-love.com\/es\/wp-json\/wp\/v2\/product\/169495","targetHints":{"allow":["GET"]}}],"collection":[{"href":"https:\/\/gpl-love.com\/es\/wp-json\/wp\/v2\/product"}],"about":[{"href":"https:\/\/gpl-love.com\/es\/wp-json\/wp\/v2\/types\/product"}],"replies":[{"embeddable":true,"href":"https:\/\/gpl-love.com\/es\/wp-json\/wp\/v2\/comments?post=169495"}],"wp:featuredmedia":[{"embeddable":true,"href":"https:\/\/gpl-love.com\/es\/wp-json\/wp\/v2\/media\/169504"}],"wp:attachment":[{"href":"https:\/\/gpl-love.com\/es\/wp-json\/wp\/v2\/media?parent=169495"}],"wp:term":[{"taxonomy":"product_brand","embeddable":true,"href":"https:\/\/gpl-love.com\/es\/wp-json\/wp\/v2\/product_brand?post=169495"},{"taxonomy":"product_cat","embeddable":true,"href":"https:\/\/gpl-love.com\/es\/wp-json\/wp\/v2\/product_cat?post=169495"},{"taxonomy":"product_tag","embeddable":true,"href":"https:\/\/gpl-love.com\/es\/wp-json\/wp\/v2\/product_tag?post=169495"}],"curies":[{"name":"wp","href":"https:\/\/api.w.org\/{rel}","templated":true}]}}