{"id":169494,"date":"2026-01-23T00:00:00","date_gmt":"2026-01-23T05:00:00","guid":{"rendered":"https:\/\/gpl-love.com\/es\/producto\/everest-forms-advanced-form-analytics-4\/"},"modified":"2026-03-09T08:51:12","modified_gmt":"2026-03-09T13:51:12","slug":"everest-forms-advanced-form-analytics-4","status":"publish","type":"product","link":"https:\/\/gpl-love.com\/es\/producto\/everest-forms-advanced-form-analytics-4\/","title":{"rendered":"WooCommerce Perfect Brands WooCommerce Pro 3.5.1"},"content":{"rendered":"<h3>WooCommerce Perfect Brands WooCommerce Pro Caracteristicas<\/h3>\n<p>Presentamos WooCommerce Perfect Brands, la soluci\u00f3n definitiva para mejorar la experiencia de marca de tu tienda online. Int\u00e9gralo a la perfecci\u00f3n con WooCommerce Pro para impulsar tu tienda online y cautivar a tus clientes. Con WooCommerce Perfect Brands, exhibe tus productos con estilo, facilitando a los compradores la exploraci\u00f3n y la conexi\u00f3n con sus marcas favoritas.<\/p>\n<p>Este potente plugin te permite crear una presentaci\u00f3n visualmente atractiva y organizada de tus marcas, impulsando la confianza y la interacci\u00f3n de tus clientes. Tanto si eres una peque\u00f1a empresa como un gran minorista, WooCommerce Perfect Brands est\u00e1 dise\u00f1ado para escalar y adaptarse a tus necesidades. Su interfaz intuitiva te permite gestionar y actualizar f\u00e1cilmente el cat\u00e1logo de tu marca, manteniendo tu tienda actualizada y relevante.<\/p>\n<p>Aprovecha las funciones avanzadas de WooCommerce Pro para optimizar el rendimiento de tu tienda e impulsar las conversiones. La sinergia entre WooCommerce Perfect Brands y WooCommerce Pro proporciona una experiencia de compra fluida, fomentando las visitas y compras recurrentes. Mejora la visibilidad de tu tienda con herramientas SEO integradas, asegurando que tus productos lleguen al p\u00fablico adecuado.<\/p>\n<ul>\n<li>Integraci\u00f3n perfecta con WooCommerce<\/li>\n<li>Logotipos y banners de marca personalizables<\/li>\n<li>Opciones avanzadas de filtrado de marca<\/li>\n<li>Funcionalidad de b\u00fasqueda de marca mejorada<\/li>\n<li>Exhibici\u00f3n de productos espec\u00edficos de cada marca<\/li>\n<li>P\u00e1ginas de marca optimizadas para SEO<\/li>\n<li>Panel de control de gesti\u00f3n de marca sencillo<\/li>\n<li>Compatible con los temas m\u00e1s populares de WooCommerce<\/li>\n<li>Dise\u00f1o adaptable a dispositivos m\u00f3viles<\/li>\n<\/ul>\n","protected":false},"excerpt":{"rendered":"<p>Descubre la soluci\u00f3n definitiva para mostrar tus productos con WooCommerce Perfect Brands WooCommerce Pro. Este potente plugin mejora tu tienda online integrando a la perfecci\u00f3n las funciones de gesti\u00f3n de marca, lo que aumenta la profesionalidad de tu sitio web. Con una personalizaci\u00f3n intuitiva, te permite destacar marcas clave, mejorando la interacci\u00f3n con el cliente e impulsando las ventas. Perfecto para empresas de todos los tama\u00f1os, ofrece herramientas avanzadas para optimizar tus fichas de producto para SEO, garantizando una mayor visibilidad. Experimenta la combinaci\u00f3n perfecta de funcionalidad y estilo con WooCommerce Perfect Brands WooCommerce Pro y transforma tu tienda online en un referente para tu marca.<\/p>\n","protected":false},"featured_media":169503,"comment_status":"open","ping_status":"open","template":"","meta":[],"product_brand":[2344],"product_cat":[1207,1248,1206],"product_tag":[1423],"class_list":{"0":"post-169494","1":"product","2":"type-product","3":"status-publish","4":"has-post-thumbnail","6":"product_brand-woocommerce","7":"product_cat-comercio-electronico-plugins","8":"product_cat-personalizacion-comercio-electronico-plugins","9":"product_cat-plugins","10":"product_tag-woocommerce","11":"member-discount","12":"discount-restricted","14":"first","15":"instock","16":"sale","17":"downloadable","18":"virtual","19":"sold-individually","20":"purchasable","21":"product-type-simple"},"_links":{"self":[{"href":"https:\/\/gpl-love.com\/es\/wp-json\/wp\/v2\/product\/169494","targetHints":{"allow":["GET"]}}],"collection":[{"href":"https:\/\/gpl-love.com\/es\/wp-json\/wp\/v2\/product"}],"about":[{"href":"https:\/\/gpl-love.com\/es\/wp-json\/wp\/v2\/types\/product"}],"replies":[{"embeddable":true,"href":"https:\/\/gpl-love.com\/es\/wp-json\/wp\/v2\/comments?post=169494"}],"wp:featuredmedia":[{"embeddable":true,"href":"https:\/\/gpl-love.com\/es\/wp-json\/wp\/v2\/media\/169503"}],"wp:attachment":[{"href":"https:\/\/gpl-love.com\/es\/wp-json\/wp\/v2\/media?parent=169494"}],"wp:term":[{"taxonomy":"product_brand","embeddable":true,"href":"https:\/\/gpl-love.com\/es\/wp-json\/wp\/v2\/product_brand?post=169494"},{"taxonomy":"product_cat","embeddable":true,"href":"https:\/\/gpl-love.com\/es\/wp-json\/wp\/v2\/product_cat?post=169494"},{"taxonomy":"product_tag","embeddable":true,"href":"https:\/\/gpl-love.com\/es\/wp-json\/wp\/v2\/product_tag?post=169494"}],"curies":[{"name":"wp","href":"https:\/\/api.w.org\/{rel}","templated":true}]}}