{"id":169493,"date":"2025-09-29T00:00:00","date_gmt":"2025-09-29T05:00:00","guid":{"rendered":"https:\/\/gpl-love.com\/es\/producto\/everest-forms-advanced-form-analytics-3\/"},"modified":"2026-03-09T08:51:09","modified_gmt":"2026-03-09T13:51:09","slug":"everest-forms-advanced-form-analytics-3","status":"publish","type":"product","link":"https:\/\/gpl-love.com\/es\/producto\/everest-forms-advanced-form-analytics-3\/","title":{"rendered":"WP Activity Log 5.5.1"},"content":{"rendered":"<h3>WP Activity Log Caracteristicas<\/h3>\n<p>Descubre la herramienta definitiva para usuarios de WordPress: WP Activity Log. Este completo plugin es tu soluci\u00f3n ideal para monitorizar y registrar en tiempo real todas las actividades de tu sitio WordPress. Tanto si eres un bloguero independiente como si gestionas una plataforma de comercio electr\u00f3nico con mucha actividad, WP Activity Log garantiza la seguridad y el correcto funcionamiento de tu sitio.<\/p>\n<p>Con WP Activity Log, monitoriza f\u00e1cilmente las actividades de los usuarios, los cambios de contenido y las actualizaciones de plugins. Recibir\u00e1s notificaciones instant\u00e1neas sobre cambios cr\u00edticos, lo que te ayudar\u00e1 a prevenir posibles fallos de seguridad antes de que ocurran. Su interfaz intuitiva facilita la navegaci\u00f3n por los extensos registros y la generaci\u00f3n de informes detallados.<\/p>\n<p>Dise\u00f1ado pensando en el rendimiento, WP Activity Log no ralentizar\u00e1 tu sitio. Sus potentes funciones incluyen registros de auditor\u00eda detallados, gesti\u00f3n de sesiones de usuario y alertas personalizables, lo que lo convierte en la opci\u00f3n preferida de los administradores de sitios WordPress.<\/p>\n<p>Protege tu sitio WordPress con WP Activity Log y ten la tranquilidad de contar con la mejor herramienta de monitorizaci\u00f3n de actividad disponible.<\/p>\n<ul>\n<li>Monitoreo en tiempo real de la actividad de los usuarios de WordPress<\/li>\n<li>Registros de auditor\u00eda detallados para el seguimiento de cambios y actualizaciones<\/li>\n<li>Alertas y notificaciones personalizables<\/li>\n<li>Interfaz intuitiva con navegaci\u00f3n sencilla<\/li>\n<li>Integraci\u00f3n con plugins y servicios de terceros<\/li>\n<li>Controles de acceso basados \u200b\u200ben roles para mayor seguridad<\/li>\n<li>Herramientas integrales de informes y an\u00e1lisis<\/li>\n<li>Compatibilidad con redes multisitio de WordPress<\/li>\n<li>Registros de auditor\u00eda compatibles con el RGPD<\/li>\n<\/ul>\n","protected":false},"excerpt":{"rendered":"<p>Presentamos WP Activity Log, la soluci\u00f3n definitiva para la seguridad y la gesti\u00f3n de WordPress. Este potente plugin, dise\u00f1ado para administradores de sitios web, ofrece un seguimiento completo de la actividad, garantizando la seguridad y eficiencia de tu sitio. Con WP Activity Log, monitoriza las acciones de los usuarios, detecta actividades sospechosas y mant\u00e9n un registro de auditor\u00eda detallado sin esfuerzo. Mejora el rendimiento de tu sitio identificando posibles problemas con antelaci\u00f3n y benef\u00edciate de la integraci\u00f3n perfecta con las herramientas m\u00e1s populares de WordPress. Perfecto tanto para equipos como para administradores individuales, WP Activity Log ofrece tranquilidad y control. Empieza hoy mismo y transforma tu experiencia de seguridad en WordPress con esta herramienta indispensable.<\/p>\n","protected":false},"featured_media":0,"comment_status":"open","ping_status":"open","template":"","meta":[],"product_brand":[2724],"product_cat":[1212,1206,1211],"product_tag":[2725],"class_list":{"0":"post-169493","1":"product","2":"type-product","3":"status-publish","5":"product_brand-melapress","6":"product_cat-administracion-wordpress-plugins","7":"product_cat-plugins","8":"product_cat-wordpress-plugins","9":"product_tag-melapress","10":"member-discount","11":"discount-restricted","13":"first","14":"instock","15":"sale","16":"downloadable","17":"virtual","18":"sold-individually","19":"purchasable","20":"product-type-simple"},"_links":{"self":[{"href":"https:\/\/gpl-love.com\/es\/wp-json\/wp\/v2\/product\/169493","targetHints":{"allow":["GET"]}}],"collection":[{"href":"https:\/\/gpl-love.com\/es\/wp-json\/wp\/v2\/product"}],"about":[{"href":"https:\/\/gpl-love.com\/es\/wp-json\/wp\/v2\/types\/product"}],"replies":[{"embeddable":true,"href":"https:\/\/gpl-love.com\/es\/wp-json\/wp\/v2\/comments?post=169493"}],"wp:attachment":[{"href":"https:\/\/gpl-love.com\/es\/wp-json\/wp\/v2\/media?parent=169493"}],"wp:term":[{"taxonomy":"product_brand","embeddable":true,"href":"https:\/\/gpl-love.com\/es\/wp-json\/wp\/v2\/product_brand?post=169493"},{"taxonomy":"product_cat","embeddable":true,"href":"https:\/\/gpl-love.com\/es\/wp-json\/wp\/v2\/product_cat?post=169493"},{"taxonomy":"product_tag","embeddable":true,"href":"https:\/\/gpl-love.com\/es\/wp-json\/wp\/v2\/product_tag?post=169493"}],"curies":[{"name":"wp","href":"https:\/\/api.w.org\/{rel}","templated":true}]}}