{"id":169491,"date":"2025-10-02T00:00:00","date_gmt":"2025-10-02T05:00:00","guid":{"rendered":"https:\/\/gpl-love.com\/es\/producto\/accelerate-pro\/"},"modified":"2026-03-13T17:37:36","modified_gmt":"2026-03-13T22:37:36","slug":"accelerate-pro","status":"publish","type":"product","link":"https:\/\/gpl-love.com\/es\/producto\/accelerate-pro\/","title":{"rendered":"Accelerate Pro 2.3.12"},"content":{"rendered":"<h3>Accelerate Pro Caracteristicas<\/h3>\n<p>Presentamos el tema Accelerate Pro para WordPress, la soluci\u00f3n definitiva para crear sitios web impactantes y de alto rendimiento sin esfuerzo. Tanto si eres un desarrollador experimentado como si eres principiante, este tema te permite crear una presencia online profesional con facilidad.<\/p>\n<p>Accelerate Pro est\u00e1 dise\u00f1ado pensando en la velocidad y la flexibilidad. Su dise\u00f1o responsivo garantiza que tu sitio se vea impecable en cualquier dispositivo, ofreciendo una experiencia de usuario excepcional. Con una variedad de opciones de personalizaci\u00f3n, puedes adaptar la apariencia de tu sitio para que se adapte perfectamente a tu marca.<\/p>\n<p>Disfruta de una integraci\u00f3n perfecta con los plugins m\u00e1s populares de WordPress, mejorando la funcionalidad de tu sitio sin comprometer la velocidad. La interfaz intuitiva del tema te permite gestionar el contenido de forma eficiente, facilitando las actualizaciones.<\/p>\n<p>La optimizaci\u00f3n SEO es la base de Accelerate Pro, asegurando que tu sitio web tenga un mejor posicionamiento en los resultados de los motores de b\u00fasqueda. Esto se traduce en mayor visibilidad y tr\u00e1fico, ayud\u00e1ndote a llegar a tu p\u00fablico de forma m\u00e1s eficaz.<\/p>\n<ul>\n<li>Optimizado para velocidad y rendimiento<\/li>\n<li>Dise\u00f1o totalmente adaptable para dispositivos m\u00f3viles y tabletas<\/li>\n<li>Opciones de personalizaci\u00f3n f\u00e1ciles de usar<\/li>\n<li>Estructura optimizada para SEO<\/li>\n<li>Compatible con los plugins m\u00e1s populares de WordPress<\/li>\n<li>Incluye plantillas de p\u00e1gina predise\u00f1adas<\/li>\n<li>Compatibilidad integrada con WooCommerce<\/li>\n<li>Actualizaciones peri\u00f3dicas y soporte dedicado<\/li>\n<li>Compatible con pantallas Retina de alta resoluci\u00f3n<\/li>\n<li>Multiling\u00fce y preparado para traducci\u00f3n<\/li>\n<\/ul>\n","protected":false},"excerpt":{"rendered":"<p>Presentamos el tema Accelerate Pro para WordPress: la soluci\u00f3n definitiva para crear sitios web impactantes y responsivos con facilidad. Dise\u00f1ado para ofrecer velocidad y rendimiento, este tema ofrece opciones de personalizaci\u00f3n inigualables, garantizando que tu sitio destaque. Con su intuitivo constructor de arrastrar y soltar, puedes crear f\u00e1cilmente dise\u00f1os \u00fanicos adaptados a tu marca. Optimizado para SEO y compatible con dispositivos m\u00f3viles, Accelerate Pro garantiza una experiencia de usuario fluida en todos los dispositivos. Perfecto para blogueros, empresas y creativos, este tema mejora tu presencia online a la vez que mantiene una seguridad y un soporte de primer nivel. Impulsa tu sitio web hoy mismo con el tema Accelerate Pro para WordPress: donde la innovaci\u00f3n se fusiona con la simplicidad.<\/p>\n","protected":false},"featured_media":169492,"comment_status":"open","ping_status":"open","template":"","meta":[],"product_brand":[2723],"product_cat":[1239,1237,1238],"product_tag":[2166],"class_list":{"0":"post-169491","1":"product","2":"type-product","3":"status-publish","4":"has-post-thumbnail","6":"product_brand-themegrill","7":"product_cat-de-multiples-fines","8":"product_cat-temas","9":"product_cat-wordpress-temas","10":"product_tag-themegrill","11":"member-discount","12":"discount-restricted","14":"first","15":"instock","16":"sale","17":"downloadable","18":"virtual","19":"sold-individually","20":"purchasable","21":"product-type-simple"},"_links":{"self":[{"href":"https:\/\/gpl-love.com\/es\/wp-json\/wp\/v2\/product\/169491","targetHints":{"allow":["GET"]}}],"collection":[{"href":"https:\/\/gpl-love.com\/es\/wp-json\/wp\/v2\/product"}],"about":[{"href":"https:\/\/gpl-love.com\/es\/wp-json\/wp\/v2\/types\/product"}],"replies":[{"embeddable":true,"href":"https:\/\/gpl-love.com\/es\/wp-json\/wp\/v2\/comments?post=169491"}],"wp:featuredmedia":[{"embeddable":true,"href":"https:\/\/gpl-love.com\/es\/wp-json\/wp\/v2\/media\/169492"}],"wp:attachment":[{"href":"https:\/\/gpl-love.com\/es\/wp-json\/wp\/v2\/media?parent=169491"}],"wp:term":[{"taxonomy":"product_brand","embeddable":true,"href":"https:\/\/gpl-love.com\/es\/wp-json\/wp\/v2\/product_brand?post=169491"},{"taxonomy":"product_cat","embeddable":true,"href":"https:\/\/gpl-love.com\/es\/wp-json\/wp\/v2\/product_cat?post=169491"},{"taxonomy":"product_tag","embeddable":true,"href":"https:\/\/gpl-love.com\/es\/wp-json\/wp\/v2\/product_tag?post=169491"}],"curies":[{"name":"wp","href":"https:\/\/api.w.org\/{rel}","templated":true}]}}