{"id":169476,"date":"2025-06-24T00:00:00","date_gmt":"2025-06-24T05:00:00","guid":{"rendered":"https:\/\/gpl-love.com\/es\/producto\/himalayas-pro\/"},"modified":"2026-03-13T17:37:36","modified_gmt":"2026-03-13T22:37:36","slug":"himalayas-pro","status":"publish","type":"product","link":"https:\/\/gpl-love.com\/es\/producto\/himalayas-pro\/","title":{"rendered":"Himalayas Pro 2.2.10"},"content":{"rendered":"<h3>Himalayas Pro Caracteristicas<\/h3>\n<p>Presentamos el tema Himalayas Pro para WordPress, una soluci\u00f3n fant\u00e1stica para crear un sitio web moderno y profesional. Dise\u00f1ado a la perfecci\u00f3n para blogueros, emprendedores y empresas, este tema combina elegancia y funcionalidad para impulsar tu presencia online.<\/p>\n<p>Con el tema Himalayas Pro para WordPress, puedes personalizar f\u00e1cilmente la apariencia de tu sitio web con su intuitivo constructor de arrastrar y soltar. Este tema es totalmente responsivo, lo que garantiza que tu sitio web se vea impecable en cualquier dispositivo, desde ordenadores hasta smartphones. Su dise\u00f1o optimizado para SEO ayuda a mejorar tu posicionamiento en buscadores, atrayendo m\u00e1s tr\u00e1fico a tu sitio.<\/p>\n<p>Disfruta de una amplia gama de funciones, incluyendo m\u00faltiples opciones de dise\u00f1o, widgets personalizados y paletas de colores ilimitadas, que te permiten adaptar tu sitio web al estilo \u00fanico de tu marca. El tema Himalayas Pro para WordPress tambi\u00e9n es compatible con WooCommerce, lo que facilita la creaci\u00f3n de una tienda online y el inicio inmediato de la venta de productos.<\/p>\n<ul>\n<li>Dise\u00f1o responsivo para una visualizaci\u00f3n \u00f3ptima en todos los dispositivos<\/li>\n<li>Optimizado para SEO para mejorar el posicionamiento en buscadores<\/li>\n<li>Dise\u00f1o personalizable con m\u00faltiples plantillas y opciones de p\u00e1gina<\/li>\n<li>Integrado con plugins populares de WordPress para una funcionalidad extendida<\/li>\n<li>Alto rendimiento y carga r\u00e1pida para una experiencia de usuario fluida<\/li>\n<li>Compatibilidad integrada con comercio electr\u00f3nico y WooCommerce<\/li>\n<li>Opciones tipogr\u00e1ficas avanzadas para un estilo personalizado<\/li>\n<li>Compatible con traducci\u00f3n y multiling\u00fce<\/li>\n<li>Panel de opciones de tema f\u00e1cil de usar para una personalizaci\u00f3n r\u00e1pida<\/li>\n<\/ul>\n","protected":false},"excerpt":{"rendered":"<p>Presentamos el tema Himalayas Pro para WordPress, la soluci\u00f3n definitiva para crear sitios web impactantes y responsivos con facilidad. Perfecto para blogueros, empresas y creativos, este tema ofrece una personalizaci\u00f3n impecable, tiempos de carga r\u00e1pidos y una optimizaci\u00f3n SEO excepcional. Con su interfaz intuitiva, Himalayas Pro para WordPress garantiza una navegaci\u00f3n fluida y una experiencia visualmente atractiva en todos los dispositivos. Mejora tu presencia online con dise\u00f1os impactantes y funciones avanzadas que se adaptan a tus necesidades. Tanto si eres principiante como experto, este tema te permite crear un sitio web profesional que destaque. Experimenta lo mejor del dise\u00f1o web con Himalayas Pro para WordPress hoy mismo.<\/p>\n","protected":false},"featured_media":169477,"comment_status":"open","ping_status":"open","template":"","meta":[],"product_brand":[2723],"product_cat":[1239,1237,1238],"product_tag":[2166],"class_list":{"0":"post-169476","1":"product","2":"type-product","3":"status-publish","4":"has-post-thumbnail","6":"product_brand-themegrill","7":"product_cat-de-multiples-fines","8":"product_cat-temas","9":"product_cat-wordpress-temas","10":"product_tag-themegrill","11":"member-discount","12":"discount-restricted","14":"first","15":"instock","16":"sale","17":"downloadable","18":"virtual","19":"sold-individually","20":"purchasable","21":"product-type-simple"},"_links":{"self":[{"href":"https:\/\/gpl-love.com\/es\/wp-json\/wp\/v2\/product\/169476","targetHints":{"allow":["GET"]}}],"collection":[{"href":"https:\/\/gpl-love.com\/es\/wp-json\/wp\/v2\/product"}],"about":[{"href":"https:\/\/gpl-love.com\/es\/wp-json\/wp\/v2\/types\/product"}],"replies":[{"embeddable":true,"href":"https:\/\/gpl-love.com\/es\/wp-json\/wp\/v2\/comments?post=169476"}],"wp:featuredmedia":[{"embeddable":true,"href":"https:\/\/gpl-love.com\/es\/wp-json\/wp\/v2\/media\/169477"}],"wp:attachment":[{"href":"https:\/\/gpl-love.com\/es\/wp-json\/wp\/v2\/media?parent=169476"}],"wp:term":[{"taxonomy":"product_brand","embeddable":true,"href":"https:\/\/gpl-love.com\/es\/wp-json\/wp\/v2\/product_brand?post=169476"},{"taxonomy":"product_cat","embeddable":true,"href":"https:\/\/gpl-love.com\/es\/wp-json\/wp\/v2\/product_cat?post=169476"},{"taxonomy":"product_tag","embeddable":true,"href":"https:\/\/gpl-love.com\/es\/wp-json\/wp\/v2\/product_tag?post=169476"}],"curies":[{"name":"wp","href":"https:\/\/api.w.org\/{rel}","templated":true}]}}