{"id":169474,"date":"2025-05-23T00:00:00","date_gmt":"2025-05-23T05:00:00","guid":{"rendered":"https:\/\/gpl-love.com\/es\/producto\/colornews-pro\/"},"modified":"2026-03-13T17:37:35","modified_gmt":"2026-03-13T22:37:35","slug":"colornews-pro","status":"publish","type":"product","link":"https:\/\/gpl-love.com\/es\/producto\/colornews-pro\/","title":{"rendered":"ColorNews Pro 2.2.7"},"content":{"rendered":"<h3>ColorNews Pro Caracteristicas<\/h3>\n<p>Presentamos ColorNews Pro, el tema definitivo para WordPress, dise\u00f1ado para quienes desean que su sitio de noticias destaque. Tanto si eres un bloguero experimentado como si est\u00e1s lanzando tu primer sitio web de noticias, este tema ofrece un dise\u00f1o vibrante y din\u00e1mico que cautiva a tu audiencia y la mantiene enganchada.<\/p>\n<p>ColorNews Pro no solo es visualmente atractivo, sino que tambi\u00e9n est\u00e1 repleto de potentes funciones para mejorar el rendimiento de tu sitio. Gracias a su dise\u00f1o responsivo, tu contenido se ver\u00e1 espectacular en cualquier dispositivo, garantizando una experiencia fluida para tus lectores. La personalizaci\u00f3n es sencilla, permiti\u00e9ndote personalizar tu sitio sin esfuerzo para que se adapte a la identidad de tu marca.<\/p>\n<p>Optimizado para la velocidad y el SEO, ColorNews Pro asegura que tu sitio tenga un mejor posicionamiento en los motores de b\u00fasqueda, atrayendo m\u00e1s tr\u00e1fico a tu contenido. El tema se integra con plugins populares, ampliando la funcionalidad de tu sitio sin comprometer el rendimiento.<\/p>\n<p>Intuitivo y f\u00e1cil de usar, ColorNews Pro es perfecto tanto para principiantes como para desarrolladores avanzados.<\/p>\n<ul>\n<li>Dise\u00f1o responsivo optimizado para dispositivos m\u00f3viles, tabletas y computadoras de escritorio<\/li>\n<li>Esquemas de color y configuraci\u00f3n tipogr\u00e1fica personalizables<\/li>\n<li>M\u00faltiples opciones de dise\u00f1o para la p\u00e1gina de inicio y las p\u00e1ginas internas<\/li>\n<li>Compatibilidad integrada con los creadores de p\u00e1ginas m\u00e1s populares<\/li>\n<li>Estructura optimizada para SEO y c\u00f3digo limpio<\/li>\n<li>Sistema de gesti\u00f3n de anuncios integrado para monetizaci\u00f3n<\/li>\n<li>Opciones avanzadas de personalizaci\u00f3n del tema con vista previa en vivo<\/li>\n<li>Compatibilidad con los principales plugins y widgets de WordPress<\/li>\n<li>Tiempos de carga r\u00e1pidos con rendimiento optimizado<\/li>\n<\/ul>\n","protected":false},"excerpt":{"rendered":"<p>Presentamos ColorNews Pro, el tema definitivo de WordPress para sitios web vibrantes y din\u00e1micos. Perfecto para revistas, sitios de noticias y blogs, ColorNews Pro ofrece dise\u00f1o responsivo, plantillas personalizables y navegaci\u00f3n intuitiva. Con su estructura optimizada para SEO, tu contenido mejorar\u00e1 tu posicionamiento y llegar\u00e1 a un p\u00fablico m\u00e1s amplio sin esfuerzo. Disfruta de una integraci\u00f3n perfecta con plugins populares, lo que garantiza una experiencia intuitiva y una funcionalidad mejorada. Tanto si eres principiante como experto, ColorNews Pro hace que la creaci\u00f3n de sitios web sea f\u00e1cil y agradable. Haz realidad tu visi\u00f3n con ColorNews Pro, donde el estilo se une al rendimiento. Actual\u00edzate hoy mismo y cautiva a tu audiencia con im\u00e1genes impactantes y contenido atractivo.<\/p>\n","protected":false},"featured_media":169475,"comment_status":"open","ping_status":"open","template":"","meta":[],"product_brand":[2723],"product_cat":[1267,1237,1238],"product_tag":[2166],"class_list":{"0":"post-169474","1":"product","2":"type-product","3":"status-publish","4":"has-post-thumbnail","6":"product_brand-themegrill","7":"product_cat-creativo","8":"product_cat-temas","9":"product_cat-wordpress-temas","10":"product_tag-themegrill","11":"member-discount","12":"discount-restricted","14":"first","15":"instock","16":"sale","17":"downloadable","18":"virtual","19":"sold-individually","20":"purchasable","21":"product-type-simple"},"_links":{"self":[{"href":"https:\/\/gpl-love.com\/es\/wp-json\/wp\/v2\/product\/169474","targetHints":{"allow":["GET"]}}],"collection":[{"href":"https:\/\/gpl-love.com\/es\/wp-json\/wp\/v2\/product"}],"about":[{"href":"https:\/\/gpl-love.com\/es\/wp-json\/wp\/v2\/types\/product"}],"replies":[{"embeddable":true,"href":"https:\/\/gpl-love.com\/es\/wp-json\/wp\/v2\/comments?post=169474"}],"wp:featuredmedia":[{"embeddable":true,"href":"https:\/\/gpl-love.com\/es\/wp-json\/wp\/v2\/media\/169475"}],"wp:attachment":[{"href":"https:\/\/gpl-love.com\/es\/wp-json\/wp\/v2\/media?parent=169474"}],"wp:term":[{"taxonomy":"product_brand","embeddable":true,"href":"https:\/\/gpl-love.com\/es\/wp-json\/wp\/v2\/product_brand?post=169474"},{"taxonomy":"product_cat","embeddable":true,"href":"https:\/\/gpl-love.com\/es\/wp-json\/wp\/v2\/product_cat?post=169474"},{"taxonomy":"product_tag","embeddable":true,"href":"https:\/\/gpl-love.com\/es\/wp-json\/wp\/v2\/product_tag?post=169474"}],"curies":[{"name":"wp","href":"https:\/\/api.w.org\/{rel}","templated":true}]}}