{"id":169472,"date":"2025-05-23T00:00:00","date_gmt":"2025-05-23T05:00:00","guid":{"rendered":"https:\/\/gpl-love.com\/es\/producto\/foodhunt-pro\/"},"modified":"2026-03-13T17:37:34","modified_gmt":"2026-03-13T22:37:34","slug":"foodhunt-pro","status":"publish","type":"product","link":"https:\/\/gpl-love.com\/es\/producto\/foodhunt-pro\/","title":{"rendered":"FoodHunt Pro 2.3.2"},"content":{"rendered":"<h3>FoodHunt Pro Caracteristicas<\/h3>\n<p>Presentamos el tema FoodHunt Pro para WordPress, la soluci\u00f3n definitiva para blogueros gastron\u00f3micos, restaurantes y entusiastas culinarios que buscan crear una presencia online impactante. Dise\u00f1ado pensando en las necesidades de la industria alimentaria, este tema para WordPress ofrece la combinaci\u00f3n perfecta de estilo y funcionalidad.<\/p>\n<p>Con FoodHunt Pro, puedes exhibir tus deliciosas creaciones con dise\u00f1os visualmente atractivos que realzan tu contenido. Ya seas cr\u00edtico gastron\u00f3mico, chef que comparte recetas o due\u00f1o de un restaurante que promociona su men\u00fa, este tema te ofrece la flexibilidad y personalizaci\u00f3n que necesitas para destacar.<\/p>\n<p>Desarrollado con las mejores pr\u00e1cticas de SEO, el tema FoodHunt Pro para WordPress garantiza que tu sitio web tenga un buen posicionamiento en los motores de b\u00fasqueda, atrayendo m\u00e1s tr\u00e1fico a tu delicioso contenido. Su dise\u00f1o responsivo garantiza una experiencia fluida en todos los dispositivos, tanto si tu audiencia navega desde una computadora de escritorio como desde un smartphone.<\/p>\n<p>Disfruta de funciones como widgets personalizados, m\u00faltiples opciones de color y la sencilla funci\u00f3n de arrastrar y soltar que facilitan la creaci\u00f3n de sitios web. Con FoodHunt Pro, puedes concentrarte en lo que haces.<\/p>\n<ul>\n<li>Dise\u00f1o adaptable para una visualizaci\u00f3n fluida en todos los dispositivos<\/li>\n<li>P\u00e1gina de inicio personalizable con m\u00faltiples opciones de dise\u00f1o<\/li>\n<li>Optimizado para SEO para un mejor posicionamiento en buscadores<\/li>\n<li>Plugin de recetas integrado para una f\u00e1cil gesti\u00f3n de recetas<\/li>\n<li>Compatibilidad con WooCommerce para la venta de productos de alimentaci\u00f3n<\/li>\n<li>Importaci\u00f3n de demo con un solo clic para una configuraci\u00f3n r\u00e1pida<\/li>\n<li>Panel de opciones de tema avanzado para una f\u00e1cil personalizaci\u00f3n<\/li>\n<li>Integraci\u00f3n con las redes sociales m\u00e1s populares<\/li>\n<li>Compatible con traducci\u00f3n y compatible con varios idiomas<\/li>\n<\/ul>\n","protected":false},"excerpt":{"rendered":"<p>Presentamos el tema FoodHunt Pro para WordPress, la soluci\u00f3n definitiva para blogueros gastron\u00f3micos y sitios web de restaurantes. Este tema, repleto de funciones y optimizado para SEO, ofrece impresionantes opciones de dise\u00f1o, dise\u00f1os responsivos y una personalizaci\u00f3n perfecta para mejorar tu presencia online. Impulsa tu marca con una navegaci\u00f3n intuitiva y tiempos de carga r\u00e1pidos, garantizando una experiencia atractiva para tu audiencia. Perfecto para mostrar recetas deliciosas o un men\u00fa sofisticado, FoodHunt Pro combina funcionalidad y estilo. Atrae m\u00e1s visitantes y mejora el rendimiento de tu sitio web f\u00e1cilmente con este vers\u00e1til tema para WordPress. \u00a1Transforma tu sitio web en una obra maestra culinaria hoy mismo!<\/p>\n","protected":false},"featured_media":169473,"comment_status":"open","ping_status":"open","template":"","meta":[],"product_brand":[2723],"product_cat":[1307,1237,1238],"product_tag":[2166],"class_list":{"0":"post-169472","1":"product","2":"type-product","3":"status-publish","4":"has-post-thumbnail","6":"product_brand-themegrill","7":"product_cat-negocio-wordpress-temas","8":"product_cat-temas","9":"product_cat-wordpress-temas","10":"product_tag-themegrill","11":"member-discount","12":"discount-restricted","14":"first","15":"instock","16":"sale","17":"downloadable","18":"virtual","19":"sold-individually","20":"purchasable","21":"product-type-simple"},"_links":{"self":[{"href":"https:\/\/gpl-love.com\/es\/wp-json\/wp\/v2\/product\/169472","targetHints":{"allow":["GET"]}}],"collection":[{"href":"https:\/\/gpl-love.com\/es\/wp-json\/wp\/v2\/product"}],"about":[{"href":"https:\/\/gpl-love.com\/es\/wp-json\/wp\/v2\/types\/product"}],"replies":[{"embeddable":true,"href":"https:\/\/gpl-love.com\/es\/wp-json\/wp\/v2\/comments?post=169472"}],"wp:featuredmedia":[{"embeddable":true,"href":"https:\/\/gpl-love.com\/es\/wp-json\/wp\/v2\/media\/169473"}],"wp:attachment":[{"href":"https:\/\/gpl-love.com\/es\/wp-json\/wp\/v2\/media?parent=169472"}],"wp:term":[{"taxonomy":"product_brand","embeddable":true,"href":"https:\/\/gpl-love.com\/es\/wp-json\/wp\/v2\/product_brand?post=169472"},{"taxonomy":"product_cat","embeddable":true,"href":"https:\/\/gpl-love.com\/es\/wp-json\/wp\/v2\/product_cat?post=169472"},{"taxonomy":"product_tag","embeddable":true,"href":"https:\/\/gpl-love.com\/es\/wp-json\/wp\/v2\/product_tag?post=169472"}],"curies":[{"name":"wp","href":"https:\/\/api.w.org\/{rel}","templated":true}]}}