{"id":169470,"date":"2025-12-25T00:00:00","date_gmt":"2025-12-25T05:00:00","guid":{"rendered":"https:\/\/gpl-love.com\/es\/producto\/colormag-pro\/"},"modified":"2026-03-13T17:37:33","modified_gmt":"2026-03-13T22:37:33","slug":"colormag-pro","status":"publish","type":"product","link":"https:\/\/gpl-love.com\/es\/producto\/colormag-pro\/","title":{"rendered":"ColorMag Pro 5.1.4"},"content":{"rendered":"<h3>ColorMag Pro Caracteristicas<\/h3>\n<p>Mejora tu sitio web con el vibrante y vers\u00e1til tema ColorMag Pro para WordPress. Perfecto para editores, blogueros y sitios de noticias, este tema ofrece un dise\u00f1o impactante que cautiva a tu audiencia. Con ColorMag Pro, puedes personalizar f\u00e1cilmente tu sitio para reflejar la identidad de tu marca. Su dise\u00f1o responsivo garantiza que tu contenido se vea genial en cualquier dispositivo, brindando una experiencia de usuario fluida.<\/p>\n<p>El tema ColorMag Pro para WordPress incluye potentes funciones, incluyendo m\u00faltiples estilos de encabezado, opciones tipogr\u00e1ficas avanzadas y una variedad de widgets personalizados. Tanto si eres principiante como desarrollador experimentado, apreciar\u00e1s la interfaz intuitiva y el panel de opciones del tema f\u00e1cil de usar. Optimizado para SEO y centrado en el rendimiento, ColorMag Pro ayuda a que tu sitio web tenga un mejor posicionamiento en los resultados de b\u00fasqueda, generando m\u00e1s tr\u00e1fico a tu contenido.<\/p>\n<p>Mantente a la vanguardia de la competencia con actualizaciones peri\u00f3dicas y soporte dedicado, garantizando que tu sitio web se mantenga seguro y actualizado.<\/p>\n<ul>\n<li>Dise\u00f1o totalmente personalizable<\/li>\n<li>Dise\u00f1o adaptable para m\u00f3viles y ordenadores<\/li>\n<li>M\u00faltiples opciones de color y esquemas<\/li>\n<li>Panel de opciones de tema f\u00e1cil de usar<\/li>\n<li>Compatibilidad con WooCommerce para tiendas online<\/li>\n<li>Optimizaci\u00f3n SEO para un mejor posicionamiento en buscadores<\/li>\n<li>Sitios de demostraci\u00f3n predise\u00f1ados para una configuraci\u00f3n r\u00e1pida<\/li>\n<li>Compatible con los plugins m\u00e1s populares de WordPress<\/li>\n<li>\u00c1reas publicitarias integradas para monetizaci\u00f3n<\/li>\n<li>Compatible con traducci\u00f3n y compatible con varios idiomas<\/li>\n<\/ul>\n","protected":false},"excerpt":{"rendered":"<p>Presentamos ColorMag Pro, el tema definitivo de WordPress para tu sitio web. Dise\u00f1ado con un estilo de revista, este tema premium ofrece personalizaci\u00f3n inigualable, dise\u00f1o responsivo y optimizaci\u00f3n SEO. Perfecto para revistas y sitios de noticias online, ColorMag Pro mejora la interacci\u00f3n del usuario con sus impresionantes dise\u00f1os y funciones avanzadas. Disfruta de una integraci\u00f3n perfecta con plugins populares, lo que garantiza una experiencia de usuario fluida y eficiente. Aumenta la visibilidad de tu contenido con herramientas SEO integradas y atrae a un p\u00fablico m\u00e1s amplio sin esfuerzo. Elige ColorMag Pro para una presencia online profesional, din\u00e1mica y visualmente atractiva que te diferencie de la competencia.<\/p>\n","protected":false},"featured_media":169471,"comment_status":"open","ping_status":"open","template":"","meta":[],"product_brand":[2723],"product_cat":[1245,1237,1238],"product_tag":[2166],"class_list":{"0":"post-169470","1":"product","2":"type-product","3":"status-publish","4":"has-post-thumbnail","6":"product_brand-themegrill","7":"product_cat-blog-revista","8":"product_cat-temas","9":"product_cat-wordpress-temas","10":"product_tag-themegrill","11":"member-discount","12":"discount-restricted","14":"first","15":"instock","16":"sale","17":"downloadable","18":"virtual","19":"sold-individually","20":"purchasable","21":"product-type-simple"},"_links":{"self":[{"href":"https:\/\/gpl-love.com\/es\/wp-json\/wp\/v2\/product\/169470","targetHints":{"allow":["GET"]}}],"collection":[{"href":"https:\/\/gpl-love.com\/es\/wp-json\/wp\/v2\/product"}],"about":[{"href":"https:\/\/gpl-love.com\/es\/wp-json\/wp\/v2\/types\/product"}],"replies":[{"embeddable":true,"href":"https:\/\/gpl-love.com\/es\/wp-json\/wp\/v2\/comments?post=169470"}],"wp:featuredmedia":[{"embeddable":true,"href":"https:\/\/gpl-love.com\/es\/wp-json\/wp\/v2\/media\/169471"}],"wp:attachment":[{"href":"https:\/\/gpl-love.com\/es\/wp-json\/wp\/v2\/media?parent=169470"}],"wp:term":[{"taxonomy":"product_brand","embeddable":true,"href":"https:\/\/gpl-love.com\/es\/wp-json\/wp\/v2\/product_brand?post=169470"},{"taxonomy":"product_cat","embeddable":true,"href":"https:\/\/gpl-love.com\/es\/wp-json\/wp\/v2\/product_cat?post=169470"},{"taxonomy":"product_tag","embeddable":true,"href":"https:\/\/gpl-love.com\/es\/wp-json\/wp\/v2\/product_tag?post=169470"}],"curies":[{"name":"wp","href":"https:\/\/api.w.org\/{rel}","templated":true}]}}