{"id":169468,"date":"2025-10-02T00:00:00","date_gmt":"2025-10-02T05:00:00","guid":{"rendered":"https:\/\/gpl-love.com\/es\/producto\/radiate-pro\/"},"modified":"2026-03-13T17:37:32","modified_gmt":"2026-03-13T22:37:32","slug":"radiate-pro","status":"publish","type":"product","link":"https:\/\/gpl-love.com\/es\/producto\/radiate-pro\/","title":{"rendered":"Radiate Pro 2.3.5"},"content":{"rendered":"<h3>Radiate Pro Caracteristicas<\/h3>\n<p>Presentamos el tema Radiate Pro para WordPress, la soluci\u00f3n definitiva para crear sitios web impresionantes y profesionales con facilidad. Dise\u00f1ado tanto para principiantes como para desarrolladores experimentados, este tema combina elegancia y funcionalidad para impulsar tu presencia online.<\/p>\n<p>Con Radiate Pro, puedes personalizar tu sitio f\u00e1cilmente gracias a sus intuitivas funciones de arrastrar y soltar, lo que te permite una experiencia de dise\u00f1o impecable. Este tema para WordPress es totalmente responsivo, lo que garantiza que tu sitio web se vea impecable en cualquier dispositivo, desde ordenadores hasta smartphones. Su dise\u00f1o limpio y moderno mejora la legibilidad y la interacci\u00f3n del usuario, lo que lo hace perfecto para blogs, portafolios y sitios web empresariales.<\/p>\n<p>Radiate Pro tambi\u00e9n cuenta con una s\u00f3lida optimizaci\u00f3n SEO, lo que garantiza que tu sitio web tenga un mejor posicionamiento en los resultados de b\u00fasqueda, atrayendo m\u00e1s tr\u00e1fico y clientes potenciales. Su compatibilidad con los principales plugins, como WooCommerce, te permite configurar f\u00e1cilmente una tienda online y gestionar tus productos de forma eficiente.<\/p>\n<ul>\n<li>Dise\u00f1o totalmente adaptable para una visualizaci\u00f3n \u00f3ptima en todos los dispositivos<\/li>\n<li>Dise\u00f1os y esquemas de color personalizables<\/li>\n<li>Estructura optimizada para SEO para mejorar el posicionamiento en buscadores<\/li>\n<li>Compatibilidad integrada con los plugins m\u00e1s populares de WordPress<\/li>\n<li>Gr\u00e1ficos compatibles con pantallas Retina para pantallas de alta resoluci\u00f3n<\/li>\n<li>Creador de p\u00e1ginas de arrastrar y soltar para una f\u00e1cil personalizaci\u00f3n<\/li>\n<li>Compatibilidad con WooCommerce para una f\u00e1cil integraci\u00f3n con el comercio electr\u00f3nico<\/li>\n<li>Amplio panel de opciones de tema para una configuraci\u00f3n personalizada<\/li>\n<li>Tiempos de carga r\u00e1pidos para una mejor experiencia de usuario<\/li>\n<li>Actualizaciones peri\u00f3dicas para una mayor seguridad y funcionalidad<\/li>\n<\/ul>\n","protected":false},"excerpt":{"rendered":"<p>Presentamos el tema Radiate Pro para WordPress, una soluci\u00f3n vers\u00e1til y potente para las necesidades de tu sitio web. Dise\u00f1ado para una personalizaci\u00f3n perfecta, Radiate Pro ofrece un dise\u00f1o responsivo, funciones de dise\u00f1o avanzadas y un rendimiento optimizado. Perfecto para blogueros, empresas y creativos, este tema mejora la experiencia del usuario gracias a su interfaz intuitiva y compatibilidad con plugins populares. Impulsa tu presencia online con las impresionantes im\u00e1genes y las opciones f\u00e1ciles de usar de Radiate Pro, asegurando que tu sitio destaque en los resultados de b\u00fasqueda. Descubre el futuro del dise\u00f1o web con Radiate Pro, donde el estilo se fusiona con la funcionalidad.<\/p>\n","protected":false},"featured_media":169469,"comment_status":"open","ping_status":"open","template":"","meta":[],"product_brand":[2723],"product_cat":[1245,1237,1238],"product_tag":[2166],"class_list":{"0":"post-169468","1":"product","2":"type-product","3":"status-publish","4":"has-post-thumbnail","6":"product_brand-themegrill","7":"product_cat-blog-revista","8":"product_cat-temas","9":"product_cat-wordpress-temas","10":"product_tag-themegrill","11":"member-discount","12":"discount-restricted","14":"first","15":"instock","16":"sale","17":"downloadable","18":"virtual","19":"sold-individually","20":"purchasable","21":"product-type-simple"},"_links":{"self":[{"href":"https:\/\/gpl-love.com\/es\/wp-json\/wp\/v2\/product\/169468","targetHints":{"allow":["GET"]}}],"collection":[{"href":"https:\/\/gpl-love.com\/es\/wp-json\/wp\/v2\/product"}],"about":[{"href":"https:\/\/gpl-love.com\/es\/wp-json\/wp\/v2\/types\/product"}],"replies":[{"embeddable":true,"href":"https:\/\/gpl-love.com\/es\/wp-json\/wp\/v2\/comments?post=169468"}],"wp:featuredmedia":[{"embeddable":true,"href":"https:\/\/gpl-love.com\/es\/wp-json\/wp\/v2\/media\/169469"}],"wp:attachment":[{"href":"https:\/\/gpl-love.com\/es\/wp-json\/wp\/v2\/media?parent=169468"}],"wp:term":[{"taxonomy":"product_brand","embeddable":true,"href":"https:\/\/gpl-love.com\/es\/wp-json\/wp\/v2\/product_brand?post=169468"},{"taxonomy":"product_cat","embeddable":true,"href":"https:\/\/gpl-love.com\/es\/wp-json\/wp\/v2\/product_cat?post=169468"},{"taxonomy":"product_tag","embeddable":true,"href":"https:\/\/gpl-love.com\/es\/wp-json\/wp\/v2\/product_tag?post=169468"}],"curies":[{"name":"wp","href":"https:\/\/api.w.org\/{rel}","templated":true}]}}