{"id":169466,"date":"2025-05-23T00:00:00","date_gmt":"2025-05-23T05:00:00","guid":{"rendered":"https:\/\/gpl-love.com\/es\/producto\/freedom-pro\/"},"modified":"2026-03-13T17:37:32","modified_gmt":"2026-03-13T22:37:32","slug":"freedom-pro","status":"publish","type":"product","link":"https:\/\/gpl-love.com\/es\/producto\/freedom-pro\/","title":{"rendered":"Freedom Pro 2.2.1"},"content":{"rendered":"<h3>Freedom Pro Caracteristicas<\/h3>\n<p>Presentamos el tema Freedom Pro para WordPress, la soluci\u00f3n definitiva para crear un sitio web impactante con facilidad y flexibilidad. Dise\u00f1ado tanto para principiantes como para profesionales, este tema ofrece excepcionales opciones de personalizaci\u00f3n que te permiten hacer realidad tu visi\u00f3n. Con su dise\u00f1o responsivo, tu sitio se ver\u00e1 perfecto en cualquier dispositivo, garantizando una experiencia de usuario fluida.<\/p>\n<p>El tema Freedom Pro para WordPress est\u00e1 repleto de funciones que lo hacen destacar. Disfruta de la simplicidad de la funci\u00f3n de arrastrar y soltar, que facilita la creaci\u00f3n de tu sitio web. El tema est\u00e1 optimizado para la velocidad y el rendimiento, lo que garantiza que tu sitio web cargue r\u00e1pida y eficientemente. Adem\u00e1s, con un c\u00f3digo optimizado para SEO, tu sitio est\u00e1 listo para posicionarse mejor en los motores de b\u00fasqueda, generando m\u00e1s tr\u00e1fico a tu contenido.<\/p>\n<p>Tanto si eres bloguero, empresario o profesional creativo, el tema Freedom Pro para WordPress te ofrece la versatilidad que necesitas. Elige entre una variedad de plantillas predise\u00f1adas o personaliza las tuyas con una variedad de fuentes, colores y dise\u00f1os.<\/p>\n<ul>\n<li>Dise\u00f1o totalmente adaptable para una visualizaci\u00f3n \u00f3ptima en todos los dispositivos<\/li>\n<li>Altamente personalizable con un intuitivo creador de p\u00e1ginas de arrastrar y soltar<\/li>\n<li>Optimizado para SEO para un mejor posicionamiento en buscadores<\/li>\n<li>Tiempos de carga r\u00e1pidos para una experiencia de usuario mejorada<\/li>\n<li>Compatibilidad integrada con plugins populares como WooCommerce y Yoast SEO<\/li>\n<li>M\u00faltiples dise\u00f1os de demostraci\u00f3n predise\u00f1ados para una configuraci\u00f3n r\u00e1pida<\/li>\n<li>Opciones tipogr\u00e1ficas avanzadas con integraci\u00f3n con Google Fonts<\/li>\n<li>Esquemas de color ilimitados para una marca personalizada<\/li>\n<li>Compatible con la \u00faltima versi\u00f3n de WordPress<\/li>\n<\/ul>\n","protected":false},"excerpt":{"rendered":"<p>Presentamos el tema Freedom Pro para WordPress: la soluci\u00f3n definitiva para crear sitios web impactantes y responsivos f\u00e1cilmente. Este potente tema ofrece dise\u00f1os personalizables, una integraci\u00f3n perfecta y un rendimiento ultrarr\u00e1pido. Dise\u00f1ado para blogueros, emprendedores y desarrolladores, Freedom Pro garantiza que tu sitio web destaque con su dise\u00f1o profesional y moderno. Disfruta de actualizaciones sin complicaciones y un soporte de primer nivel, lo que lo hace perfecto tanto para principiantes como para expertos. Maximiza el potencial de tu sitio web y potencia tu presencia online con Freedom Pro, la opci\u00f3n ideal para quienes buscan mejorar su experiencia en WordPress. Da rienda suelta a tu creatividad hoy mismo con el tema Freedom Pro para WordPress.<\/p>\n","protected":false},"featured_media":169467,"comment_status":"open","ping_status":"open","template":"","meta":[],"product_brand":[2723],"product_cat":[1239,1237,1238],"product_tag":[2166],"class_list":{"0":"post-169466","1":"product","2":"type-product","3":"status-publish","4":"has-post-thumbnail","6":"product_brand-themegrill","7":"product_cat-de-multiples-fines","8":"product_cat-temas","9":"product_cat-wordpress-temas","10":"product_tag-themegrill","11":"member-discount","12":"discount-restricted","14":"first","15":"instock","16":"sale","17":"downloadable","18":"virtual","19":"sold-individually","20":"purchasable","21":"product-type-simple"},"_links":{"self":[{"href":"https:\/\/gpl-love.com\/es\/wp-json\/wp\/v2\/product\/169466","targetHints":{"allow":["GET"]}}],"collection":[{"href":"https:\/\/gpl-love.com\/es\/wp-json\/wp\/v2\/product"}],"about":[{"href":"https:\/\/gpl-love.com\/es\/wp-json\/wp\/v2\/types\/product"}],"replies":[{"embeddable":true,"href":"https:\/\/gpl-love.com\/es\/wp-json\/wp\/v2\/comments?post=169466"}],"wp:featuredmedia":[{"embeddable":true,"href":"https:\/\/gpl-love.com\/es\/wp-json\/wp\/v2\/media\/169467"}],"wp:attachment":[{"href":"https:\/\/gpl-love.com\/es\/wp-json\/wp\/v2\/media?parent=169466"}],"wp:term":[{"taxonomy":"product_brand","embeddable":true,"href":"https:\/\/gpl-love.com\/es\/wp-json\/wp\/v2\/product_brand?post=169466"},{"taxonomy":"product_cat","embeddable":true,"href":"https:\/\/gpl-love.com\/es\/wp-json\/wp\/v2\/product_cat?post=169466"},{"taxonomy":"product_tag","embeddable":true,"href":"https:\/\/gpl-love.com\/es\/wp-json\/wp\/v2\/product_tag?post=169466"}],"curies":[{"name":"wp","href":"https:\/\/api.w.org\/{rel}","templated":true}]}}