{"id":169464,"date":"2025-05-23T00:00:00","date_gmt":"2025-05-23T05:00:00","guid":{"rendered":"https:\/\/gpl-love.com\/es\/producto\/fitclub-pro\/"},"modified":"2026-03-13T17:37:31","modified_gmt":"2026-03-13T22:37:31","slug":"fitclub-pro","status":"publish","type":"product","link":"https:\/\/gpl-love.com\/es\/producto\/fitclub-pro\/","title":{"rendered":"FitClub Pro 2.2.4"},"content":{"rendered":"<h3>FitClub Pro Caracteristicas<\/h3>\n<p>Presentamos el tema FitClub Pro para WordPress: la soluci\u00f3n definitiva para entusiastas del fitness y propietarios de gimnasios que buscan mejorar su presencia online. Dise\u00f1ado con pasi\u00f3n y precisi\u00f3n, este tema es perfecto para presentar tu marca de fitness de forma din\u00e1mica y profesional.<\/p>\n<p>El tema FitClub Pro para WordPress ofrece un dise\u00f1o elegante y moderno, totalmente responsivo y optimizado para todos los dispositivos. Tanto si eres entrenador personal, propietario de un gimnasio como entrenador de bienestar, este tema proporciona una experiencia de usuario fluida que cautivar\u00e1 a tu audiencia y har\u00e1 que vuelvan a por m\u00e1s.<\/p>\n<p>Con sencillas opciones de personalizaci\u00f3n, puedes adaptar el tema FitClub Pro para que refleje la identidad \u00fanica de tu marca. Destaca tus servicios, comparte historias de \u00e9xito y mant\u00e9n a tu comunidad informada con un blog integrado. La compatibilidad del tema con plugins populares te permite a\u00f1adir funcionalidades f\u00e1cilmente, desde horarios de clases hasta soluciones de comercio electr\u00f3nico.<\/p>\n<p>Mejora tu posicionamiento SEO con el tema FitClub Pro para WordPress, dise\u00f1ado para mejorar tu visibilidad en los motores de b\u00fasqueda.<\/p>\n<ul>\n<li>Dise\u00f1o totalmente adaptable para una visualizaci\u00f3n \u00f3ptima en todos los dispositivos<\/li>\n<li>Dise\u00f1o personalizable con creador de p\u00e1ginas de arrastrar y soltar<\/li>\n<li>Plantillas predise\u00f1adas para sitios web de fitness, gimnasios y salud<\/li>\n<li>Integraci\u00f3n con plugins populares como WooCommerce y Contact Form 7<\/li>\n<li>Estructura optimizada para SEO para un mejor posicionamiento en buscadores<\/li>\n<li>Funciones integradas de reserva y programaci\u00f3n de citas<\/li>\n<li>Opciones tipogr\u00e1ficas avanzadas compatibles con Google Fonts<\/li>\n<li>Esquemas de color ilimitados y estilos de encabezado personalizables<\/li>\n<li>Compatible con las \u00faltimas versiones de WordPress y el editor Gutenberg<\/li>\n<\/ul>\n","protected":false},"excerpt":{"rendered":"<p>Presentamos el tema FitClub Pro para WordPress, la soluci\u00f3n definitiva para profesionales del fitness, propietarios de gimnasios y entusiastas de la salud. Este tema, totalmente personalizable y optimizado para SEO, mejora tu presencia online gracias a su dise\u00f1o responsivo y sus funciones f\u00e1ciles de usar. Optimiza el rendimiento de tu sitio web con tiempos de carga r\u00e1pidos, una integraci\u00f3n perfecta con plugins populares y opciones integradas para compartir en redes sociales. FitClub Pro ofrece dise\u00f1os impactantes y herramientas de personalizaci\u00f3n avanzadas, lo que garantiza que tu sitio refleje el estilo \u00fanico de tu marca. Mejora la experiencia del usuario con un dise\u00f1o limpio y moderno que cautiva y convierte a tus visitantes en clientes fieles. Libera el potencial de tu negocio de fitness con el tema FitClub Pro para WordPress hoy mismo.<\/p>\n","protected":false},"featured_media":169465,"comment_status":"open","ping_status":"open","template":"","meta":[],"product_brand":[2723],"product_cat":[1307,1237,1238],"product_tag":[2166],"class_list":{"0":"post-169464","1":"product","2":"type-product","3":"status-publish","4":"has-post-thumbnail","6":"product_brand-themegrill","7":"product_cat-negocio-wordpress-temas","8":"product_cat-temas","9":"product_cat-wordpress-temas","10":"product_tag-themegrill","11":"member-discount","12":"discount-restricted","14":"first","15":"instock","16":"sale","17":"downloadable","18":"virtual","19":"sold-individually","20":"purchasable","21":"product-type-simple"},"_links":{"self":[{"href":"https:\/\/gpl-love.com\/es\/wp-json\/wp\/v2\/product\/169464","targetHints":{"allow":["GET"]}}],"collection":[{"href":"https:\/\/gpl-love.com\/es\/wp-json\/wp\/v2\/product"}],"about":[{"href":"https:\/\/gpl-love.com\/es\/wp-json\/wp\/v2\/types\/product"}],"replies":[{"embeddable":true,"href":"https:\/\/gpl-love.com\/es\/wp-json\/wp\/v2\/comments?post=169464"}],"wp:featuredmedia":[{"embeddable":true,"href":"https:\/\/gpl-love.com\/es\/wp-json\/wp\/v2\/media\/169465"}],"wp:attachment":[{"href":"https:\/\/gpl-love.com\/es\/wp-json\/wp\/v2\/media?parent=169464"}],"wp:term":[{"taxonomy":"product_brand","embeddable":true,"href":"https:\/\/gpl-love.com\/es\/wp-json\/wp\/v2\/product_brand?post=169464"},{"taxonomy":"product_cat","embeddable":true,"href":"https:\/\/gpl-love.com\/es\/wp-json\/wp\/v2\/product_cat?post=169464"},{"taxonomy":"product_tag","embeddable":true,"href":"https:\/\/gpl-love.com\/es\/wp-json\/wp\/v2\/product_tag?post=169464"}],"curies":[{"name":"wp","href":"https:\/\/api.w.org\/{rel}","templated":true}]}}