{"id":169462,"date":"2025-05-23T00:00:00","date_gmt":"2025-05-23T05:00:00","guid":{"rendered":"https:\/\/gpl-love.com\/es\/producto\/envince-pro\/"},"modified":"2026-03-13T17:37:30","modified_gmt":"2026-03-13T22:37:30","slug":"envince-pro","status":"publish","type":"product","link":"https:\/\/gpl-love.com\/es\/producto\/envince-pro\/","title":{"rendered":"Envince Pro 2.2.1"},"content":{"rendered":"<h3>Envince Pro Caracteristicas<\/h3>\n<p>Presentamos el tema Envince Pro para WordPress, la soluci\u00f3n definitiva para crear sitios web impresionantes y profesionales con facilidad. Dise\u00f1ado para ofrecer versatilidad y rendimiento, Envince Pro ofrece una combinaci\u00f3n perfecta de funcionalidad y est\u00e9tica, lo que lo convierte en la opci\u00f3n ideal para empresas, blogueros y creativos.<\/p>\n<p>Con Envince Pro, puedes personalizar tu sitio web f\u00e1cilmente para reflejar la identidad \u00fanica de tu marca. Disfruta de caracter\u00edsticas como un dise\u00f1o responsivo, que garantiza que tu sitio web se vea fant\u00e1stico en cualquier dispositivo, y una interfaz intuitiva que simplifica la gesti\u00f3n del sitio. El tema est\u00e1 optimizado para la velocidad y el SEO, lo que te ayuda a posicionarte mejor en los resultados de b\u00fasqueda y a atraer m\u00e1s visitantes.<\/p>\n<p>El tema Envince Pro para WordPress tambi\u00e9n incluye una variedad de plantillas predise\u00f1adas, lo que te permite crear p\u00e1ginas atractivas r\u00e1pidamente. El tema es compatible con los plugins m\u00e1s populares, ampliando las capacidades de tu sitio web con facilidad. Ya sea que est\u00e9s creando una tienda online o mostrando un portafolio, Envince Pro se adapta a tus necesidades.<\/p>\n<p>Descubre la potencia y la flexibilidad del tema Envince Pro para WordPress y lleva tu sitio web al siguiente nivel.<\/p>\n<ul>\n<li>Dise\u00f1o totalmente adaptable para una visualizaci\u00f3n \u00f3ptima en todos los dispositivos<\/li>\n<li>Dise\u00f1o personalizable con creador de p\u00e1ginas de arrastrar y soltar<\/li>\n<li>Optimizaci\u00f3n SEO para un mejor posicionamiento en buscadores<\/li>\n<li>Compatibilidad con WooCommerce para la integraci\u00f3n de tiendas online<\/li>\n<li>M\u00faltiples plantillas y demos predise\u00f1adas<\/li>\n<li>Opciones tipogr\u00e1ficas avanzadas con Google Fonts<\/li>\n<li>Compatible con pantallas Retina de alta resoluci\u00f3n<\/li>\n<li>Importaci\u00f3n de demos con un solo clic para una configuraci\u00f3n sencilla<\/li>\n<li>Traducci\u00f3n integrada y compatibilidad multiling\u00fce<\/li>\n<\/ul>\n","protected":false},"excerpt":{"rendered":"<p>Presentamos el tema Envince Pro para WordPress, la soluci\u00f3n definitiva para crear sitios web impactantes y adaptables f\u00e1cilmente. Dise\u00f1ado para blogueros, empresas y creativos, este tema ofrece una integraci\u00f3n perfecta, dise\u00f1os personalizables y funciones avanzadas de SEO. Con su interfaz intuitiva, Envince Pro garantiza una experiencia fluida, permiti\u00e9ndote crear sitios visualmente atractivos r\u00e1pidamente. Impulsa tu presencia online con tiempos de carga r\u00e1pidos y optimizaci\u00f3n para m\u00f3viles, mejorando la interacci\u00f3n del usuario y el posicionamiento en buscadores. Elige Envince Pro para una apariencia elegante y profesional que cautivar\u00e1 a tu audiencia y realzar\u00e1 la identidad digital de tu marca.<\/p>\n","protected":false},"featured_media":169463,"comment_status":"open","ping_status":"open","template":"","meta":[],"product_brand":[2723],"product_cat":[1239,1237,1238],"product_tag":[2166],"class_list":{"0":"post-169462","1":"product","2":"type-product","3":"status-publish","4":"has-post-thumbnail","6":"product_brand-themegrill","7":"product_cat-de-multiples-fines","8":"product_cat-temas","9":"product_cat-wordpress-temas","10":"product_tag-themegrill","11":"member-discount","12":"discount-restricted","14":"first","15":"instock","16":"sale","17":"downloadable","18":"virtual","19":"sold-individually","20":"purchasable","21":"product-type-simple"},"_links":{"self":[{"href":"https:\/\/gpl-love.com\/es\/wp-json\/wp\/v2\/product\/169462","targetHints":{"allow":["GET"]}}],"collection":[{"href":"https:\/\/gpl-love.com\/es\/wp-json\/wp\/v2\/product"}],"about":[{"href":"https:\/\/gpl-love.com\/es\/wp-json\/wp\/v2\/types\/product"}],"replies":[{"embeddable":true,"href":"https:\/\/gpl-love.com\/es\/wp-json\/wp\/v2\/comments?post=169462"}],"wp:featuredmedia":[{"embeddable":true,"href":"https:\/\/gpl-love.com\/es\/wp-json\/wp\/v2\/media\/169463"}],"wp:attachment":[{"href":"https:\/\/gpl-love.com\/es\/wp-json\/wp\/v2\/media?parent=169462"}],"wp:term":[{"taxonomy":"product_brand","embeddable":true,"href":"https:\/\/gpl-love.com\/es\/wp-json\/wp\/v2\/product_brand?post=169462"},{"taxonomy":"product_cat","embeddable":true,"href":"https:\/\/gpl-love.com\/es\/wp-json\/wp\/v2\/product_cat?post=169462"},{"taxonomy":"product_tag","embeddable":true,"href":"https:\/\/gpl-love.com\/es\/wp-json\/wp\/v2\/product_tag?post=169462"}],"curies":[{"name":"wp","href":"https:\/\/api.w.org\/{rel}","templated":true}]}}