{"id":169460,"date":"2025-05-23T00:00:00","date_gmt":"2025-05-23T05:00:00","guid":{"rendered":"https:\/\/gpl-love.com\/es\/producto\/esteem-pro\/"},"modified":"2026-03-13T17:37:29","modified_gmt":"2026-03-13T22:37:29","slug":"esteem-pro","status":"publish","type":"product","link":"https:\/\/gpl-love.com\/es\/producto\/esteem-pro\/","title":{"rendered":"Esteem Pro 2.2.7"},"content":{"rendered":"<h3>Esteem Pro Caracteristicas<\/h3>\n<p>Presentamos el tema Esteem Pro para WordPress: la soluci\u00f3n definitiva para crear sitios web impactantes y profesionales con facilidad. Ya sea que est\u00e9s lanzando un blog personal, un sitio web empresarial o un portafolio en l\u00ednea, Esteem Pro ofrece la combinaci\u00f3n perfecta de funcionalidad y estilo.<\/p>\n<p>Este vers\u00e1til tema para WordPress est\u00e1 dise\u00f1ado para que tu sitio destaque en el abarrotado mundo digital. Con su dise\u00f1o elegante y responsivo, Esteem Pro garantiza una experiencia de usuario fluida en todos los dispositivos, desde computadoras de escritorio hasta smartphones.<\/p>\n<p>Repleto de potentes opciones de personalizaci\u00f3n, Esteem Pro te permite personalizar cada aspecto de tu sitio para reflejar la identidad \u00fanica de tu marca. Disfruta de la libertad de elegir entre una variedad de opciones de dise\u00f1o, esquemas de color y tipograf\u00eda, todo sin necesidad de conocimientos de programaci\u00f3n.<\/p>\n<p>Adem\u00e1s, Esteem Pro est\u00e1 optimizado para la velocidad y el rendimiento en buscadores, lo que garantiza que tu sitio no solo se vea genial, sino que tambi\u00e9n ocupe un lugar destacado en los resultados de b\u00fasqueda.<\/p>\n<ul>\n<li>Dise\u00f1o responsivo para una visualizaci\u00f3n fluida en todos los dispositivos<\/li>\n<li>Optimizaci\u00f3n SEO integrada para un mejor posicionamiento en buscadores<\/li>\n<li>Dise\u00f1o personalizable con m\u00faltiples plantillas predise\u00f1adas<\/li>\n<li>Creador de p\u00e1ginas con funci\u00f3n de arrastrar y soltar para facilitar la creaci\u00f3n de contenido<\/li>\n<li>Integraci\u00f3n con WooCommerce para la funcionalidad de tienda online<\/li>\n<li>Opciones tipogr\u00e1ficas avanzadas compatibles con Google Fonts<\/li>\n<li>Importaci\u00f3n de demos con un solo clic para una configuraci\u00f3n r\u00e1pida<\/li>\n<li>Compatible con WPML y compatible con traducciones<\/li>\n<li>Compatibilidad con todos los navegadores para un rendimiento consistente<\/li>\n<\/ul>\n","protected":false},"excerpt":{"rendered":"<p>Presentamos el tema Esteem Pro para WordPress, la soluci\u00f3n definitiva para crear sitios web impactantes y responsivos. Dise\u00f1ado para creadores web modernos, este tema ofrece una personalizaci\u00f3n perfecta, garantizando un aspecto \u00fanico y profesional para tu sitio. Con su interfaz intuitiva, Esteem Pro mejora la funcionalidad de tu sitio web, optimizando la velocidad y el SEO. Perfecto para blogueros, empresas y desarrolladores, ofrece una amplia gama de opciones de dise\u00f1o y compatibilidad con plugins populares. Impulsa tu presencia online con Esteem Pro, donde la elegancia se une a la eficiencia. Libera el potencial de tu sitio web hoy mismo y experimenta la diferencia con el tema Esteem Pro para WordPress.<\/p>\n","protected":false},"featured_media":169461,"comment_status":"open","ping_status":"open","template":"","meta":[],"product_brand":[2723],"product_cat":[1239,1237,1238],"product_tag":[2166],"class_list":{"0":"post-169460","1":"product","2":"type-product","3":"status-publish","4":"has-post-thumbnail","6":"product_brand-themegrill","7":"product_cat-de-multiples-fines","8":"product_cat-temas","9":"product_cat-wordpress-temas","10":"product_tag-themegrill","11":"member-discount","12":"discount-restricted","14":"first","15":"instock","16":"sale","17":"downloadable","18":"virtual","19":"sold-individually","20":"purchasable","21":"product-type-simple"},"_links":{"self":[{"href":"https:\/\/gpl-love.com\/es\/wp-json\/wp\/v2\/product\/169460","targetHints":{"allow":["GET"]}}],"collection":[{"href":"https:\/\/gpl-love.com\/es\/wp-json\/wp\/v2\/product"}],"about":[{"href":"https:\/\/gpl-love.com\/es\/wp-json\/wp\/v2\/types\/product"}],"replies":[{"embeddable":true,"href":"https:\/\/gpl-love.com\/es\/wp-json\/wp\/v2\/comments?post=169460"}],"wp:featuredmedia":[{"embeddable":true,"href":"https:\/\/gpl-love.com\/es\/wp-json\/wp\/v2\/media\/169461"}],"wp:attachment":[{"href":"https:\/\/gpl-love.com\/es\/wp-json\/wp\/v2\/media?parent=169460"}],"wp:term":[{"taxonomy":"product_brand","embeddable":true,"href":"https:\/\/gpl-love.com\/es\/wp-json\/wp\/v2\/product_brand?post=169460"},{"taxonomy":"product_cat","embeddable":true,"href":"https:\/\/gpl-love.com\/es\/wp-json\/wp\/v2\/product_cat?post=169460"},{"taxonomy":"product_tag","embeddable":true,"href":"https:\/\/gpl-love.com\/es\/wp-json\/wp\/v2\/product_tag?post=169460"}],"curies":[{"name":"wp","href":"https:\/\/api.w.org\/{rel}","templated":true}]}}